{"id":228,"date":"2022-06-04T16:00:42","date_gmt":"2022-06-04T14:00:42","guid":{"rendered":"https:\/\/cyclosdesavaloirs.fr\/?page_id=228"},"modified":"2025-10-27T10:07:57","modified_gmt":"2025-10-27T09:07:57","slug":"pour-nous-rejoindre","status":"publish","type":"page","link":"https:\/\/cyclosdesavaloirs.fr\/index.php\/pour-nous-rejoindre\/","title":{"rendered":"Pour nous rejoindre&#8230;"},"content":{"rendered":"\n<h3 class=\"wp-block-heading\">Pratiquer le v\u00e9lo dans le Haut-Maine et Pail, c\u2019est possible,&nbsp;et dans notre club c\u2019est encore mieux !<\/h3>\n\n\n\n<p>Adh\u00e9rer aux <em>Cyclos des Avaloirs<\/em>, c\u2019est pratiquer un sport de loisir et profiter de de l\u2019ambiance amicale d&#8217;un&nbsp;groupe, sans oublier l\u2019abri si pr\u00e9cieux que procure un peloton contre le vent d\u00e9favorable, l\u2019ennemi jur\u00e9 du cycliste. C\u2019est aussi \u00e9largir le cercle de ses connaissances, y compris parmi les membres d\u2019autres clubs, \u00e0 la faveur des manifestations auxquelles &nbsp;nous participons.  C\u2019est enfin et surtout b\u00e9n\u00e9ficier des avantages li\u00e9s \u00e0 l\u2019inscription dans un club affili\u00e9 \u00e0 la FFCT : <\/p>\n\n\n\n<ul class=\"wp-block-list\">\n<li>Int\u00e9grer un groupe d\u2019amis \u00e0 proximit\u00e9,<\/li>\n\n\n\n<li>B\u00e9n\u00e9ficier de conseils pour progresser et se faire plaisir,<\/li>\n\n\n\n<li>B\u00e9n\u00e9ficier d&#8217;une assurance qui couvre d&#8217;\u00e9ventuels dommages inh\u00e9rents \u00e0 la pratique du v\u00e9lo.<\/li>\n\n\n\n<li>Pouvoir rouler r\u00e9guli\u00e8rement sur des parcours adapt\u00e9s au niveau de chacun,<\/li>\n\n\n\n<li>Entretenir sa motivation tout en gardant sa libert\u00e9 de pratique,<\/li>\n\n\n\n<li>B\u00e9n\u00e9ficier de tarifs pr\u00e9f\u00e9rentiels gr\u00e2ce aux partenaires du \u00ab club avantages FFCT\u00bb,..<\/li>\n<\/ul>\n\n\n\n<p>Dans une volont\u00e9 de promouvoir la pratique du v\u00e9lo, la F\u00e9d\u00e9ration Fran\u00e7aise de Cyclotourisme couvre ses clubs pour accueillir des pratiquants occasionnels et leur permettre, au travers de quelques sorties, de choisir ou non de se licencier, en connaissance de cause. N&#8217;h\u00e9sitez-pas, venez nous rejoindre&#8230;<\/p>\n\n\n\n<p class=\"has-text-align-center\"><strong>LES LICENCES FFCT<\/strong> <\/p>\n\n\n\n<p class=\"has-text-align-center\">Les cotisations varient, non pas selon la formule de licence (Balade, Rando, Sport), mais selon la formule d\u2019assurance choisie (Mini, Petit ou Grand braquet). L&#8217;adh\u00e9sion au club est gratuite.<\/p>\n\n\n\n<p class=\"has-text-align-center\"><\/p>\n\n\n<a href=\"https:\/\/cyclosdesavaloirs.fr\/wp-content\/uploads\/2025\/10\/TARIFS-CLUBS-FFVelo-2026.pdf\" class=\"pdfemb-viewer\" style=\"\" data-width=\"max\" data-height=\"max\" data-toolbar=\"bottom\" data-toolbar-fixed=\"off\">TARIFS-CLUBS-FFVelo-2026<\/a>\n\n\n<p><\/p>\n\n\n<a href=\"https:\/\/cyclosdesavaloirs.fr\/wp-content\/uploads\/2025\/10\/NOTICE-DINFORMATION-LICENCE-FFVELO-2026-.pdf\" class=\"pdfemb-viewer\" style=\"\" data-width=\"max\" data-height=\"max\" data-toolbar=\"bottom\" data-toolbar-fixed=\"off\">NOTICE-DINFORMATION-LICENCE-FFVELO-2026-<\/a>\n\n<div class=\"frm_forms  with_frm_style frm_style_style-formidable\" id=\"frm_form_3_container\" data-token=\"e0f78a86b41df7c017c708421bb85e85\">\n<form enctype=\"multipart\/form-data\" method=\"post\" class=\"frm-show-form \" id=\"form_nousjoindrenousrejoindre\" data-token=\"e0f78a86b41df7c017c708421bb85e85\">\n<div class=\"frm_form_fields \">\n<fieldset>\n<legend class=\"frm_screen_reader\">Nous joindre, nous rejoindre&#8230;<\/legend>\r\n\r\n<div class=\"frm_fields_container\">\n<input type=\"hidden\" name=\"frm_action\" value=\"create\" \/>\n<input type=\"hidden\" name=\"form_id\" value=\"3\" \/>\n<input type=\"hidden\" name=\"frm_hide_fields_3\" id=\"frm_hide_fields_3\" value=\"\" \/>\n<input type=\"hidden\" name=\"form_key\" value=\"nousjoindrenousrejoindre\" \/>\n<input type=\"hidden\" name=\"item_meta[0]\" value=\"\" \/>\n<input type=\"hidden\" id=\"frm_submit_entry_3\" name=\"frm_submit_entry_3\" value=\"d7ddbd934f\" \/><input type=\"hidden\" name=\"_wp_http_referer\" value=\"\/index.php\/wp-json\/wp\/v2\/pages\/228\" \/><div id=\"frm_field_6_container\" class=\"frm_form_field form-field  frm_required_field frm_none_container frm_third frm_half frm_half frm_half frm_two_thirds\">\r\n    <label for=\"field_n8hu0\" id=\"field_n8hu0_label\" class=\"frm_primary_label\">NOM       Pr\u00e9nom\r\n        <span class=\"frm_required\" aria-hidden=\"true\">*<\/span>\r\n    <\/label>\r\n    <input type=\"text\" id=\"field_n8hu0\" name=\"item_meta[6]\" value=\"\"  placeholder=\"NOM Pr\u00e9nom\" data-reqmsg=\"Ce champ ne peut pas \u00eatre vide\" aria-required=\"true\" data-invmsg=\"texte est non valide\" aria-invalid=\"false\"  \/>\r\n    \r\n    \r\n<\/div>\n<div id=\"frm_field_8_container\" class=\"frm_form_field form-field  frm_required_field frm_none_container frm_two_thirds\">\r\n    <label for=\"field_2y8e0\" id=\"field_2y8e0_label\" class=\"frm_primary_label\">Email\r\n        <span class=\"frm_required\" aria-hidden=\"true\">*<\/span>\r\n    <\/label>\r\n    <input type=\"email\" id=\"field_2y8e0\" name=\"item_meta[8]\" value=\"\"  placeholder=\"Email\" data-reqmsg=\"Ce champ ne peut pas \u00eatre vide\" aria-required=\"true\" data-invmsg=\"Email est non valide\" aria-invalid=\"false\"  \/>\r\n    \r\n    \r\n<\/div>\n<div id=\"frm_field_9_container\" class=\"frm_form_field form-field  frm_none_container\">\r\n    <label for=\"field_6jhnp\" id=\"field_6jhnp_label\" class=\"frm_primary_label\">message\r\n        <span class=\"frm_required\" aria-hidden=\"true\"><\/span>\r\n    <\/label>\r\n    <textarea name=\"item_meta[9]\" id=\"field_6jhnp\" rows=\"5\"  placeholder=\"votre message\" data-invmsg=\"message is invalid\" aria-invalid=\"false\"  ><\/textarea>\r\n    \r\n    \r\n<\/div>\n<div id=\"frm_field_10_container\" class=\"frm_form_field form-field \">\n\t<div class=\"frm_submit\">\r\n\r\n<button class=\"frm_button_submit\" type=\"submit\"  >Nous contacter<\/button>\r\n\r\n<\/div>\n<\/div>\n\t<input type=\"hidden\" name=\"item_key\" value=\"\" \/>\n\t\t\t<div id=\"frm_field_11_container\">\n\t\t\t<label for=\"field_9hbmc\" >\n\t\t\t\tIf you are human, leave this field blank.\t\t\t<\/label>\n\t\t\t<input  id=\"field_9hbmc\" type=\"text\" class=\"frm_form_field form-field frm_verify\" name=\"item_meta[11]\" value=\"\"  \/>\n\t\t<\/div>\n\t\t<input name=\"frm_state\" type=\"hidden\" value=\"3qIjZSpDBQj7FxW47d2KPhsqtjxSP0bOFK\/THukvb8c=\" \/><\/div>\n<\/fieldset>\n<\/div>\n\n<\/form>\n<\/div>\n","protected":false},"excerpt":{"rendered":"<p>Pratiquer le v\u00e9lo dans le Haut-Maine et Pail, c\u2019est possible,&nbsp;et dans notre club c\u2019est encore mieux ! Adh\u00e9rer aux Cyclos des Avaloirs, c\u2019est pratiquer un<\/p>\n","protected":false},"author":1,"featured_media":0,"parent":0,"menu_order":9,"comment_status":"closed","ping_status":"closed","template":"templates\/template-no-sidebar.php","meta":{"footnotes":""},"class_list":["post-228","page","type-page","status-publish","hentry","comments-off"],"yoast_head":"<!-- This site is optimized with the Yoast SEO plugin v27.4 - https:\/\/yoast.com\/product\/yoast-seo-wordpress\/ -->\n<title>Pour nous rejoindre... - CYCLOS DES AVALOIRS<\/title>\n<meta name=\"robots\" content=\"index, follow, max-snippet:-1, max-image-preview:large, max-video-preview:-1\" \/>\n<link rel=\"canonical\" href=\"https:\/\/cyclosdesavaloirs.fr\/index.php\/pour-nous-rejoindre\/\" \/>\n<meta property=\"og:locale\" content=\"en_US\" \/>\n<meta property=\"og:type\" content=\"article\" \/>\n<meta property=\"og:title\" content=\"Pour nous rejoindre... - CYCLOS DES AVALOIRS\" \/>\n<meta property=\"og:description\" content=\"Pratiquer le v\u00e9lo dans le Haut-Maine et Pail, c\u2019est possible,&nbsp;et dans notre club c\u2019est encore mieux ! Adh\u00e9rer aux Cyclos des Avaloirs, c\u2019est pratiquer un\" \/>\n<meta property=\"og:url\" content=\"https:\/\/cyclosdesavaloirs.fr\/index.php\/pour-nous-rejoindre\/\" \/>\n<meta property=\"og:site_name\" content=\"CYCLOS DES AVALOIRS\" \/>\n<meta property=\"article:publisher\" content=\"https:\/\/www.facebook.com\/Cyclos-des-Avaloirs-108867535260146\" \/>\n<meta property=\"article:modified_time\" content=\"2025-10-27T09:07:57+00:00\" \/>\n<meta name=\"twitter:card\" content=\"summary_large_image\" \/>\n<meta name=\"twitter:label1\" content=\"Est. reading time\" \/>\n\t<meta name=\"twitter:data1\" content=\"2 minutes\" \/>\n<script type=\"application\/ld+json\" class=\"yoast-schema-graph\">{\"@context\":\"https:\\\/\\\/schema.org\",\"@graph\":[{\"@type\":\"WebPage\",\"@id\":\"https:\\\/\\\/cyclosdesavaloirs.fr\\\/index.php\\\/pour-nous-rejoindre\\\/\",\"url\":\"https:\\\/\\\/cyclosdesavaloirs.fr\\\/index.php\\\/pour-nous-rejoindre\\\/\",\"name\":\"Pour nous rejoindre... - CYCLOS DES AVALOIRS\",\"isPartOf\":{\"@id\":\"https:\\\/\\\/cyclosdesavaloirs.fr\\\/#website\"},\"datePublished\":\"2022-06-04T14:00:42+00:00\",\"dateModified\":\"2025-10-27T09:07:57+00:00\",\"breadcrumb\":{\"@id\":\"https:\\\/\\\/cyclosdesavaloirs.fr\\\/index.php\\\/pour-nous-rejoindre\\\/#breadcrumb\"},\"inLanguage\":\"en-US\",\"potentialAction\":[{\"@type\":\"ReadAction\",\"target\":[\"https:\\\/\\\/cyclosdesavaloirs.fr\\\/index.php\\\/pour-nous-rejoindre\\\/\"]}]},{\"@type\":\"BreadcrumbList\",\"@id\":\"https:\\\/\\\/cyclosdesavaloirs.fr\\\/index.php\\\/pour-nous-rejoindre\\\/#breadcrumb\",\"itemListElement\":[{\"@type\":\"ListItem\",\"position\":1,\"name\":\"Accueil\",\"item\":\"https:\\\/\\\/cyclosdesavaloirs.fr\\\/\"},{\"@type\":\"ListItem\",\"position\":2,\"name\":\"Pour nous rejoindre&#8230;\"}]},{\"@type\":\"WebSite\",\"@id\":\"https:\\\/\\\/cyclosdesavaloirs.fr\\\/#website\",\"url\":\"https:\\\/\\\/cyclosdesavaloirs.fr\\\/\",\"name\":\"CYCLOS DES AVALOIRS\",\"description\":\"A v\u00e9lo, tout est plus beau et \u00e0 plusieurs, c&#039;est encore meilleur !\",\"publisher\":{\"@id\":\"https:\\\/\\\/cyclosdesavaloirs.fr\\\/#organization\"},\"potentialAction\":[{\"@type\":\"SearchAction\",\"target\":{\"@type\":\"EntryPoint\",\"urlTemplate\":\"https:\\\/\\\/cyclosdesavaloirs.fr\\\/?s={search_term_string}\"},\"query-input\":{\"@type\":\"PropertyValueSpecification\",\"valueRequired\":true,\"valueName\":\"search_term_string\"}}],\"inLanguage\":\"en-US\"},{\"@type\":\"Organization\",\"@id\":\"https:\\\/\\\/cyclosdesavaloirs.fr\\\/#organization\",\"name\":\"CYCLOS DES AVALOIRS\",\"url\":\"https:\\\/\\\/cyclosdesavaloirs.fr\\\/\",\"logo\":{\"@type\":\"ImageObject\",\"inLanguage\":\"en-US\",\"@id\":\"https:\\\/\\\/cyclosdesavaloirs.fr\\\/#\\\/schema\\\/logo\\\/image\\\/\",\"url\":\"https:\\\/\\\/cyclosdesavaloirs.fr\\\/wp-content\\\/uploads\\\/2022\\\/06\\\/cropped-cropped-cropped-cropped-LOGO_CYLCOS-1.png\",\"contentUrl\":\"https:\\\/\\\/cyclosdesavaloirs.fr\\\/wp-content\\\/uploads\\\/2022\\\/06\\\/cropped-cropped-cropped-cropped-LOGO_CYLCOS-1.png\",\"width\":240,\"height\":240,\"caption\":\"CYCLOS DES AVALOIRS\"},\"image\":{\"@id\":\"https:\\\/\\\/cyclosdesavaloirs.fr\\\/#\\\/schema\\\/logo\\\/image\\\/\"},\"sameAs\":[\"https:\\\/\\\/www.facebook.com\\\/Cyclos-des-Avaloirs-108867535260146\"]}]}<\/script>\n<!-- \/ Yoast SEO plugin. -->","yoast_head_json":{"title":"Pour nous rejoindre... - CYCLOS DES AVALOIRS","robots":{"index":"index","follow":"follow","max-snippet":"max-snippet:-1","max-image-preview":"max-image-preview:large","max-video-preview":"max-video-preview:-1"},"canonical":"https:\/\/cyclosdesavaloirs.fr\/index.php\/pour-nous-rejoindre\/","og_locale":"en_US","og_type":"article","og_title":"Pour nous rejoindre... - CYCLOS DES AVALOIRS","og_description":"Pratiquer le v\u00e9lo dans le Haut-Maine et Pail, c\u2019est possible,&nbsp;et dans notre club c\u2019est encore mieux ! Adh\u00e9rer aux Cyclos des Avaloirs, c\u2019est pratiquer un","og_url":"https:\/\/cyclosdesavaloirs.fr\/index.php\/pour-nous-rejoindre\/","og_site_name":"CYCLOS DES AVALOIRS","article_publisher":"https:\/\/www.facebook.com\/Cyclos-des-Avaloirs-108867535260146","article_modified_time":"2025-10-27T09:07:57+00:00","twitter_card":"summary_large_image","twitter_misc":{"Est. reading time":"2 minutes"},"schema":{"@context":"https:\/\/schema.org","@graph":[{"@type":"WebPage","@id":"https:\/\/cyclosdesavaloirs.fr\/index.php\/pour-nous-rejoindre\/","url":"https:\/\/cyclosdesavaloirs.fr\/index.php\/pour-nous-rejoindre\/","name":"Pour nous rejoindre... - CYCLOS DES AVALOIRS","isPartOf":{"@id":"https:\/\/cyclosdesavaloirs.fr\/#website"},"datePublished":"2022-06-04T14:00:42+00:00","dateModified":"2025-10-27T09:07:57+00:00","breadcrumb":{"@id":"https:\/\/cyclosdesavaloirs.fr\/index.php\/pour-nous-rejoindre\/#breadcrumb"},"inLanguage":"en-US","potentialAction":[{"@type":"ReadAction","target":["https:\/\/cyclosdesavaloirs.fr\/index.php\/pour-nous-rejoindre\/"]}]},{"@type":"BreadcrumbList","@id":"https:\/\/cyclosdesavaloirs.fr\/index.php\/pour-nous-rejoindre\/#breadcrumb","itemListElement":[{"@type":"ListItem","position":1,"name":"Accueil","item":"https:\/\/cyclosdesavaloirs.fr\/"},{"@type":"ListItem","position":2,"name":"Pour nous rejoindre&#8230;"}]},{"@type":"WebSite","@id":"https:\/\/cyclosdesavaloirs.fr\/#website","url":"https:\/\/cyclosdesavaloirs.fr\/","name":"CYCLOS DES AVALOIRS","description":"A v\u00e9lo, tout est plus beau et \u00e0 plusieurs, c&#039;est encore meilleur !","publisher":{"@id":"https:\/\/cyclosdesavaloirs.fr\/#organization"},"potentialAction":[{"@type":"SearchAction","target":{"@type":"EntryPoint","urlTemplate":"https:\/\/cyclosdesavaloirs.fr\/?s={search_term_string}"},"query-input":{"@type":"PropertyValueSpecification","valueRequired":true,"valueName":"search_term_string"}}],"inLanguage":"en-US"},{"@type":"Organization","@id":"https:\/\/cyclosdesavaloirs.fr\/#organization","name":"CYCLOS DES AVALOIRS","url":"https:\/\/cyclosdesavaloirs.fr\/","logo":{"@type":"ImageObject","inLanguage":"en-US","@id":"https:\/\/cyclosdesavaloirs.fr\/#\/schema\/logo\/image\/","url":"https:\/\/cyclosdesavaloirs.fr\/wp-content\/uploads\/2022\/06\/cropped-cropped-cropped-cropped-LOGO_CYLCOS-1.png","contentUrl":"https:\/\/cyclosdesavaloirs.fr\/wp-content\/uploads\/2022\/06\/cropped-cropped-cropped-cropped-LOGO_CYLCOS-1.png","width":240,"height":240,"caption":"CYCLOS DES AVALOIRS"},"image":{"@id":"https:\/\/cyclosdesavaloirs.fr\/#\/schema\/logo\/image\/"},"sameAs":["https:\/\/www.facebook.com\/Cyclos-des-Avaloirs-108867535260146"]}]}},"_links":{"self":[{"href":"https:\/\/cyclosdesavaloirs.fr\/index.php\/wp-json\/wp\/v2\/pages\/228","targetHints":{"allow":["GET"]}}],"collection":[{"href":"https:\/\/cyclosdesavaloirs.fr\/index.php\/wp-json\/wp\/v2\/pages"}],"about":[{"href":"https:\/\/cyclosdesavaloirs.fr\/index.php\/wp-json\/wp\/v2\/types\/page"}],"author":[{"embeddable":true,"href":"https:\/\/cyclosdesavaloirs.fr\/index.php\/wp-json\/wp\/v2\/users\/1"}],"replies":[{"embeddable":true,"href":"https:\/\/cyclosdesavaloirs.fr\/index.php\/wp-json\/wp\/v2\/comments?post=228"}],"version-history":[{"count":19,"href":"https:\/\/cyclosdesavaloirs.fr\/index.php\/wp-json\/wp\/v2\/pages\/228\/revisions"}],"predecessor-version":[{"id":4762,"href":"https:\/\/cyclosdesavaloirs.fr\/index.php\/wp-json\/wp\/v2\/pages\/228\/revisions\/4762"}],"wp:attachment":[{"href":"https:\/\/cyclosdesavaloirs.fr\/index.php\/wp-json\/wp\/v2\/media?parent=228"}],"curies":[{"name":"wp","href":"https:\/\/api.w.org\/{rel}","templated":true}]}}