{"id":244,"date":"2022-06-04T16:06:32","date_gmt":"2022-06-04T14:06:32","guid":{"rendered":"https:\/\/cyclosdesavaloirs.fr\/?page_id=244"},"modified":"2026-04-06T10:43:17","modified_gmt":"2026-04-06T08:43:17","slug":"la-sortie-de-la-semaine","status":"publish","type":"page","link":"https:\/\/cyclosdesavaloirs.fr\/index.php\/la-sortie-de-la-semaine\/","title":{"rendered":"La sortie de la semaine"},"content":{"rendered":"\n<p>La sortie de la semaine se d\u00e9finit \u00e0 l&#8217;initiative de l&#8217;un ou de l&#8217;autre d&#8217;entre nous.<\/p>\n\n\n\n<p>Partager un circuit qui nous est cher, ne traverser que des &#8220;Saint&#8221; villages, visiter un lieu pittoresque, sillonner trois d\u00e9partements lors la m\u00eame sortie, rendre visite \u00e0 l&#8217;un des n\u00f4tres\u2026 La sortie peut \u00eatre donn\u00e9e \u00e0 l&#8217;avance, tenue secr\u00e8te, voire improvis\u00e9e sur le tas.<\/p>\n\n\n<div class=\"wp-block-image\">\n<figure class=\"aligncenter size-full\"><img loading=\"lazy\" decoding=\"async\" width=\"450\" height=\"318\" src=\"https:\/\/cyclosdesavaloirs.fr\/wp-content\/uploads\/2024\/05\/image-12.png\" alt=\"\" class=\"wp-image-2600\" srcset=\"https:\/\/cyclosdesavaloirs.fr\/wp-content\/uploads\/2024\/05\/image-12.png 450w, https:\/\/cyclosdesavaloirs.fr\/wp-content\/uploads\/2024\/05\/image-12-300x212.png 300w\" sizes=\"auto, (max-width: 450px) 100vw, 450px\" \/><\/figure>\n<\/div>\n\n\n<p class=\"has-text-align-center\"><strong><em>Proposition sorties du jeudi\u00a0<\/em><\/strong><em><strong>09 avril 2026 \u00e0 l\u2019initiative de Didier T.<\/strong><\/em><\/p>\n\n\n\n<p class=\"has-text-align-center\">\u201c<strong>Du c\u00f4t\u00e9 de Saint Georges-le-Gautier !\u201d<\/strong><\/p>\n\n\n<div class=\"wp-block-image is-style-rounded\">\n<figure class=\"aligncenter size-full is-resized\"><img loading=\"lazy\" decoding=\"async\" width=\"300\" height=\"168\" src=\"https:\/\/cyclosdesavaloirs.fr\/wp-content\/uploads\/2026\/04\/image-1.png\" alt=\"\" class=\"wp-image-5188\" style=\"width:388px;height:auto\"\/><figcaption class=\"wp-element-caption\">Viaduc de St Georges-le-Gautier<\/figcaption><\/figure>\n<\/div>\n\n\n<p class=\"has-text-align-center\"><strong>Grande boucle (75 km \u2013 950 m D+) D\u00e9part 13h30 \u2013 Espace Leson<\/strong><\/p>\n\n\n\n<p class=\"has-text-align-center\"><a href=\"https:\/\/www.komoot.com\/fr-fr\/tour\/2823026958?share_token=ajEPQssyyzHr7wj32no2lUo1eXA45DmFxk7XmpudXS9L3GZkem&amp;ref=wtd-qr\"><strong>https:\/\/www.komoot.com\/fr-fr\/tour\/2823026958<\/strong><\/a><\/p>\n\n\n\n<p class=\"has-text-align-center\">______________________________________________<\/p>\n\n\n\n<p class=\"has-text-align-center\"><strong>Petite boucle (56 km \u2013 820 m D+) D\u00e9part 13h30 \u2013 Espace Leson<\/strong><\/p>\n\n\n\n<p class=\"has-text-align-center\"><a href=\"https:\/\/www.komoot.com\/fr-fr\/tour\/2823038889?share_token=a03tWqmpYJ1XWiaQEiScEwKby7lSdPE5yTvlEzxUBOJx8sD3Eu&amp;ref=wtd-qr\"><strong>https:\/\/www.komoot.com\/fr-fr\/tour\/2823038889<\/strong><\/a><\/p>\n\n\n\n<p class=\"has-text-align-center\">__________________________________________________________________________<\/p>\n\n\n\n<p><\/p>\n","protected":false},"excerpt":{"rendered":"<p>La sortie de la semaine se d\u00e9finit \u00e0 l&#8217;initiative de l&#8217;un ou de l&#8217;autre d&#8217;entre nous. Partager un circuit qui nous est cher, ne traverser<\/p>\n","protected":false},"author":1,"featured_media":0,"parent":0,"menu_order":18,"comment_status":"closed","ping_status":"closed","template":"templates\/template-no-sidebar.php","meta":{"footnotes":""},"class_list":["post-244","page","type-page","status-publish","hentry","comments-off"],"yoast_head":"<!-- This site is optimized with the Yoast SEO plugin v27.3 - https:\/\/yoast.com\/product\/yoast-seo-wordpress\/ -->\n<title>La sortie de la semaine - CYCLOS DES AVALOIRS<\/title>\n<meta name=\"robots\" content=\"index, follow, max-snippet:-1, max-image-preview:large, max-video-preview:-1\" \/>\n<link rel=\"canonical\" href=\"https:\/\/cyclosdesavaloirs.fr\/index.php\/la-sortie-de-la-semaine\/\" \/>\n<meta property=\"og:locale\" content=\"en_US\" \/>\n<meta property=\"og:type\" content=\"article\" \/>\n<meta property=\"og:title\" content=\"La sortie de la semaine - CYCLOS DES AVALOIRS\" \/>\n<meta property=\"og:description\" content=\"La sortie de la semaine se d\u00e9finit \u00e0 l&#8217;initiative de l&#8217;un ou de l&#8217;autre d&#8217;entre nous. Partager un circuit qui nous est cher, ne traverser\" \/>\n<meta property=\"og:url\" content=\"https:\/\/cyclosdesavaloirs.fr\/index.php\/la-sortie-de-la-semaine\/\" \/>\n<meta property=\"og:site_name\" content=\"CYCLOS DES AVALOIRS\" \/>\n<meta property=\"article:publisher\" content=\"https:\/\/www.facebook.com\/Cyclos-des-Avaloirs-108867535260146\" \/>\n<meta property=\"article:modified_time\" content=\"2026-04-06T08:43:17+00:00\" \/>\n<meta property=\"og:image\" content=\"https:\/\/cyclosdesavaloirs.fr\/wp-content\/uploads\/2024\/05\/image-12.png\" \/>\n\t<meta property=\"og:image:width\" content=\"450\" \/>\n\t<meta property=\"og:image:height\" content=\"318\" \/>\n\t<meta property=\"og:image:type\" content=\"image\/png\" \/>\n<meta name=\"twitter:card\" content=\"summary_large_image\" \/>\n<meta name=\"twitter:label1\" content=\"Est. reading time\" \/>\n\t<meta name=\"twitter:data1\" content=\"1 minute\" \/>\n<script type=\"application\/ld+json\" class=\"yoast-schema-graph\">{\"@context\":\"https:\\\/\\\/schema.org\",\"@graph\":[{\"@type\":\"WebPage\",\"@id\":\"https:\\\/\\\/cyclosdesavaloirs.fr\\\/index.php\\\/la-sortie-de-la-semaine\\\/\",\"url\":\"https:\\\/\\\/cyclosdesavaloirs.fr\\\/index.php\\\/la-sortie-de-la-semaine\\\/\",\"name\":\"La sortie de la semaine - CYCLOS DES AVALOIRS\",\"isPartOf\":{\"@id\":\"https:\\\/\\\/cyclosdesavaloirs.fr\\\/#website\"},\"primaryImageOfPage\":{\"@id\":\"https:\\\/\\\/cyclosdesavaloirs.fr\\\/index.php\\\/la-sortie-de-la-semaine\\\/#primaryimage\"},\"image\":{\"@id\":\"https:\\\/\\\/cyclosdesavaloirs.fr\\\/index.php\\\/la-sortie-de-la-semaine\\\/#primaryimage\"},\"thumbnailUrl\":\"https:\\\/\\\/cyclosdesavaloirs.fr\\\/wp-content\\\/uploads\\\/2024\\\/05\\\/image-12.png\",\"datePublished\":\"2022-06-04T14:06:32+00:00\",\"dateModified\":\"2026-04-06T08:43:17+00:00\",\"breadcrumb\":{\"@id\":\"https:\\\/\\\/cyclosdesavaloirs.fr\\\/index.php\\\/la-sortie-de-la-semaine\\\/#breadcrumb\"},\"inLanguage\":\"en-US\",\"potentialAction\":[{\"@type\":\"ReadAction\",\"target\":[\"https:\\\/\\\/cyclosdesavaloirs.fr\\\/index.php\\\/la-sortie-de-la-semaine\\\/\"]}]},{\"@type\":\"ImageObject\",\"inLanguage\":\"en-US\",\"@id\":\"https:\\\/\\\/cyclosdesavaloirs.fr\\\/index.php\\\/la-sortie-de-la-semaine\\\/#primaryimage\",\"url\":\"https:\\\/\\\/cyclosdesavaloirs.fr\\\/wp-content\\\/uploads\\\/2024\\\/05\\\/image-12.png\",\"contentUrl\":\"https:\\\/\\\/cyclosdesavaloirs.fr\\\/wp-content\\\/uploads\\\/2024\\\/05\\\/image-12.png\",\"width\":450,\"height\":318},{\"@type\":\"BreadcrumbList\",\"@id\":\"https:\\\/\\\/cyclosdesavaloirs.fr\\\/index.php\\\/la-sortie-de-la-semaine\\\/#breadcrumb\",\"itemListElement\":[{\"@type\":\"ListItem\",\"position\":1,\"name\":\"Accueil\",\"item\":\"https:\\\/\\\/cyclosdesavaloirs.fr\\\/\"},{\"@type\":\"ListItem\",\"position\":2,\"name\":\"La sortie de la semaine\"}]},{\"@type\":\"WebSite\",\"@id\":\"https:\\\/\\\/cyclosdesavaloirs.fr\\\/#website\",\"url\":\"https:\\\/\\\/cyclosdesavaloirs.fr\\\/\",\"name\":\"CYCLOS DES AVALOIRS\",\"description\":\"A v\u00e9lo, tout est plus beau et \u00e0 plusieurs, c&#039;est encore meilleur !\",\"publisher\":{\"@id\":\"https:\\\/\\\/cyclosdesavaloirs.fr\\\/#organization\"},\"potentialAction\":[{\"@type\":\"SearchAction\",\"target\":{\"@type\":\"EntryPoint\",\"urlTemplate\":\"https:\\\/\\\/cyclosdesavaloirs.fr\\\/?s={search_term_string}\"},\"query-input\":{\"@type\":\"PropertyValueSpecification\",\"valueRequired\":true,\"valueName\":\"search_term_string\"}}],\"inLanguage\":\"en-US\"},{\"@type\":\"Organization\",\"@id\":\"https:\\\/\\\/cyclosdesavaloirs.fr\\\/#organization\",\"name\":\"CYCLOS DES AVALOIRS\",\"url\":\"https:\\\/\\\/cyclosdesavaloirs.fr\\\/\",\"logo\":{\"@type\":\"ImageObject\",\"inLanguage\":\"en-US\",\"@id\":\"https:\\\/\\\/cyclosdesavaloirs.fr\\\/#\\\/schema\\\/logo\\\/image\\\/\",\"url\":\"https:\\\/\\\/cyclosdesavaloirs.fr\\\/wp-content\\\/uploads\\\/2022\\\/06\\\/cropped-cropped-cropped-cropped-LOGO_CYLCOS-1.png\",\"contentUrl\":\"https:\\\/\\\/cyclosdesavaloirs.fr\\\/wp-content\\\/uploads\\\/2022\\\/06\\\/cropped-cropped-cropped-cropped-LOGO_CYLCOS-1.png\",\"width\":240,\"height\":240,\"caption\":\"CYCLOS DES AVALOIRS\"},\"image\":{\"@id\":\"https:\\\/\\\/cyclosdesavaloirs.fr\\\/#\\\/schema\\\/logo\\\/image\\\/\"},\"sameAs\":[\"https:\\\/\\\/www.facebook.com\\\/Cyclos-des-Avaloirs-108867535260146\"]}]}<\/script>\n<!-- \/ Yoast SEO plugin. -->","yoast_head_json":{"title":"La sortie de la semaine - CYCLOS DES AVALOIRS","robots":{"index":"index","follow":"follow","max-snippet":"max-snippet:-1","max-image-preview":"max-image-preview:large","max-video-preview":"max-video-preview:-1"},"canonical":"https:\/\/cyclosdesavaloirs.fr\/index.php\/la-sortie-de-la-semaine\/","og_locale":"en_US","og_type":"article","og_title":"La sortie de la semaine - CYCLOS DES AVALOIRS","og_description":"La sortie de la semaine se d\u00e9finit \u00e0 l&#8217;initiative de l&#8217;un ou de l&#8217;autre d&#8217;entre nous. Partager un circuit qui nous est cher, ne traverser","og_url":"https:\/\/cyclosdesavaloirs.fr\/index.php\/la-sortie-de-la-semaine\/","og_site_name":"CYCLOS DES AVALOIRS","article_publisher":"https:\/\/www.facebook.com\/Cyclos-des-Avaloirs-108867535260146","article_modified_time":"2026-04-06T08:43:17+00:00","og_image":[{"width":450,"height":318,"url":"https:\/\/cyclosdesavaloirs.fr\/wp-content\/uploads\/2024\/05\/image-12.png","type":"image\/png"}],"twitter_card":"summary_large_image","twitter_misc":{"Est. reading time":"1 minute"},"schema":{"@context":"https:\/\/schema.org","@graph":[{"@type":"WebPage","@id":"https:\/\/cyclosdesavaloirs.fr\/index.php\/la-sortie-de-la-semaine\/","url":"https:\/\/cyclosdesavaloirs.fr\/index.php\/la-sortie-de-la-semaine\/","name":"La sortie de la semaine - CYCLOS DES AVALOIRS","isPartOf":{"@id":"https:\/\/cyclosdesavaloirs.fr\/#website"},"primaryImageOfPage":{"@id":"https:\/\/cyclosdesavaloirs.fr\/index.php\/la-sortie-de-la-semaine\/#primaryimage"},"image":{"@id":"https:\/\/cyclosdesavaloirs.fr\/index.php\/la-sortie-de-la-semaine\/#primaryimage"},"thumbnailUrl":"https:\/\/cyclosdesavaloirs.fr\/wp-content\/uploads\/2024\/05\/image-12.png","datePublished":"2022-06-04T14:06:32+00:00","dateModified":"2026-04-06T08:43:17+00:00","breadcrumb":{"@id":"https:\/\/cyclosdesavaloirs.fr\/index.php\/la-sortie-de-la-semaine\/#breadcrumb"},"inLanguage":"en-US","potentialAction":[{"@type":"ReadAction","target":["https:\/\/cyclosdesavaloirs.fr\/index.php\/la-sortie-de-la-semaine\/"]}]},{"@type":"ImageObject","inLanguage":"en-US","@id":"https:\/\/cyclosdesavaloirs.fr\/index.php\/la-sortie-de-la-semaine\/#primaryimage","url":"https:\/\/cyclosdesavaloirs.fr\/wp-content\/uploads\/2024\/05\/image-12.png","contentUrl":"https:\/\/cyclosdesavaloirs.fr\/wp-content\/uploads\/2024\/05\/image-12.png","width":450,"height":318},{"@type":"BreadcrumbList","@id":"https:\/\/cyclosdesavaloirs.fr\/index.php\/la-sortie-de-la-semaine\/#breadcrumb","itemListElement":[{"@type":"ListItem","position":1,"name":"Accueil","item":"https:\/\/cyclosdesavaloirs.fr\/"},{"@type":"ListItem","position":2,"name":"La sortie de la semaine"}]},{"@type":"WebSite","@id":"https:\/\/cyclosdesavaloirs.fr\/#website","url":"https:\/\/cyclosdesavaloirs.fr\/","name":"CYCLOS DES AVALOIRS","description":"A v\u00e9lo, tout est plus beau et \u00e0 plusieurs, c&#039;est encore meilleur !","publisher":{"@id":"https:\/\/cyclosdesavaloirs.fr\/#organization"},"potentialAction":[{"@type":"SearchAction","target":{"@type":"EntryPoint","urlTemplate":"https:\/\/cyclosdesavaloirs.fr\/?s={search_term_string}"},"query-input":{"@type":"PropertyValueSpecification","valueRequired":true,"valueName":"search_term_string"}}],"inLanguage":"en-US"},{"@type":"Organization","@id":"https:\/\/cyclosdesavaloirs.fr\/#organization","name":"CYCLOS DES AVALOIRS","url":"https:\/\/cyclosdesavaloirs.fr\/","logo":{"@type":"ImageObject","inLanguage":"en-US","@id":"https:\/\/cyclosdesavaloirs.fr\/#\/schema\/logo\/image\/","url":"https:\/\/cyclosdesavaloirs.fr\/wp-content\/uploads\/2022\/06\/cropped-cropped-cropped-cropped-LOGO_CYLCOS-1.png","contentUrl":"https:\/\/cyclosdesavaloirs.fr\/wp-content\/uploads\/2022\/06\/cropped-cropped-cropped-cropped-LOGO_CYLCOS-1.png","width":240,"height":240,"caption":"CYCLOS DES AVALOIRS"},"image":{"@id":"https:\/\/cyclosdesavaloirs.fr\/#\/schema\/logo\/image\/"},"sameAs":["https:\/\/www.facebook.com\/Cyclos-des-Avaloirs-108867535260146"]}]}},"_links":{"self":[{"href":"https:\/\/cyclosdesavaloirs.fr\/index.php\/wp-json\/wp\/v2\/pages\/244","targetHints":{"allow":["GET"]}}],"collection":[{"href":"https:\/\/cyclosdesavaloirs.fr\/index.php\/wp-json\/wp\/v2\/pages"}],"about":[{"href":"https:\/\/cyclosdesavaloirs.fr\/index.php\/wp-json\/wp\/v2\/types\/page"}],"author":[{"embeddable":true,"href":"https:\/\/cyclosdesavaloirs.fr\/index.php\/wp-json\/wp\/v2\/users\/1"}],"replies":[{"embeddable":true,"href":"https:\/\/cyclosdesavaloirs.fr\/index.php\/wp-json\/wp\/v2\/comments?post=244"}],"version-history":[{"count":166,"href":"https:\/\/cyclosdesavaloirs.fr\/index.php\/wp-json\/wp\/v2\/pages\/244\/revisions"}],"predecessor-version":[{"id":5190,"href":"https:\/\/cyclosdesavaloirs.fr\/index.php\/wp-json\/wp\/v2\/pages\/244\/revisions\/5190"}],"wp:attachment":[{"href":"https:\/\/cyclosdesavaloirs.fr\/index.php\/wp-json\/wp\/v2\/media?parent=244"}],"curies":[{"name":"wp","href":"https:\/\/api.w.org\/{rel}","templated":true}]}}