{"id":252,"date":"2022-06-04T17:12:39","date_gmt":"2022-06-04T15:12:39","guid":{"rendered":"https:\/\/cyclosdesavaloirs.fr\/?page_id=252"},"modified":"2023-01-09T08:59:37","modified_gmt":"2023-01-09T07:59:37","slug":"des-histoires-venues-dailleurs","status":"publish","type":"page","link":"https:\/\/cyclosdesavaloirs.fr\/index.php\/des-histoires-venues-dailleurs\/","title":{"rendered":"Des histoires venues d&#8217;ailleurs"},"content":{"rendered":"\n<p>Voyager \u00e0 v\u00e9lo en France <\/p>\n\n\n\n<figure class=\"wp-block-embed is-type-video is-provider-youtube wp-block-embed-youtube wp-embed-aspect-16-9 wp-has-aspect-ratio\"><div class=\"wp-block-embed__wrapper\">\n<iframe loading=\"lazy\" title=\"LA FRANCE \u00c0 V\u00c9LO - \u00c0 la rencontre de ses habitants\" width=\"910\" height=\"512\" src=\"https:\/\/www.youtube.com\/embed\/E2xBYkXaBzo?feature=oembed\" frameborder=\"0\" allow=\"accelerometer; autoplay; clipboard-write; encrypted-media; gyroscope; picture-in-picture; web-share\" allowfullscreen><\/iframe>\n<\/div><\/figure>\n\n\n\n<p><strong>Un tour de France en Mayenne<\/strong><\/p>\n\n\n<a href=\"https:\/\/cyclosdesavaloirs.fr\/wp-content\/uploads\/2022\/10\/Retour-sur-le-tour-de-France-de-la-Mayenne-2022.pdf\" class=\"pdfemb-viewer\" style=\"\" data-width=\"max\" data-height=\"max\" data-toolbar=\"bottom\" data-toolbar-fixed=\"off\">Retour-sur-le-tour-de-France-de-la-Mayenne-2022<\/a>\n<p class=\"wp-block-pdfemb-pdf-embedder-viewer\"><\/p>\n\n\n\n<p><strong>J&#8217;ai dormi dans une banque<\/strong><\/p>\n\n\n<a href=\"https:\/\/cyclosdesavaloirs.fr\/wp-content\/uploads\/2022\/09\/Ils-racontent-le-premier.pdf\" class=\"pdfemb-viewer\" style=\"\" data-width=\"max\" data-height=\"max\" data-toolbar=\"bottom\" data-toolbar-fixed=\"off\">Ils-racontent-le-premier<\/a>\n<p class=\"wp-block-pdfemb-pdf-embedder-viewer\"><\/p>\n\n\n\n<p><strong>Respect, Fran\u00e7ois !<\/strong><\/p>\n\n\n<a href=\"https:\/\/cyclosdesavaloirs.fr\/wp-content\/uploads\/2022\/09\/Respect-Francois-.pdf\" class=\"pdfemb-viewer\" style=\"\" data-width=\"max\" data-height=\"max\" data-toolbar=\"bottom\" data-toolbar-fixed=\"off\">Respect-Francois-<\/a>\n<p class=\"wp-block-pdfemb-pdf-embedder-viewer\"><\/p>\n\n\n\n<div class=\"wp-block-media-text alignwide is-stacked-on-mobile\"><figure class=\"wp-block-media-text__media\"><img loading=\"lazy\" decoding=\"async\" width=\"512\" height=\"321\" src=\"https:\/\/cyclosdesavaloirs.fr\/wp-content\/uploads\/2022\/08\/Image-MEDIUM-21421821.jpg\" alt=\"\" class=\"wp-image-899 size-full\" srcset=\"https:\/\/cyclosdesavaloirs.fr\/wp-content\/uploads\/2022\/08\/Image-MEDIUM-21421821.jpg 512w, https:\/\/cyclosdesavaloirs.fr\/wp-content\/uploads\/2022\/08\/Image-MEDIUM-21421821-300x188.jpg 300w\" sizes=\"auto, (max-width: 512px) 100vw, 512px\" \/><\/figure><div class=\"wp-block-media-text__content\">\n<p class=\"has-text-align-center has-medium-font-size\"><strong>En voyage \u00e0 v\u00e9lo, les deux fr\u00e8res p\u00e9dalent avec un b\u00e9b\u00e9 <\/strong><\/p>\n\n\n\n<p class=\"has-text-align-center has-small-font-size\"><strong>(extrait du reportage de Marc Ollivier \/ Ouest France du 08 ao\u00fbt 2022)<\/strong><\/p>\n\n\n\n<p class=\"has-small-font-size\">A droite Ama\u00ebl transporte son fils de 10 mois, Malo, dans sa carriole. Son fr\u00e8re, Axel, l&#8217;accompagne dans un voyage de quatre jours.<\/p>\n<\/div><\/div>\n\n\n\n<p class=\"has-medium-font-size\">Devant la tente, les yeux sont encore gonfl\u00e9s de fatigue, la peau rougie par le soleil, mais le sourire en dit long. Ama\u00ebl est ravi de son fr\u00e8re Axel et surtout de son fils de 10 mois, Malo. Le trio est parti de Saint-M\u00e9en-le-Grand (35) deux jours plus t\u00f4t et doit maintenant rallier Plo\u00ebrmel (56) depuis Rohan o\u00f9 il a pass\u00e9 la nuit. <strong>&#8216;Jusqu&#8217;ici, on n&#8217;a pas eu de gal\u00e8re !&#8221; <\/strong>se r\u00e9jouit Ama\u00ebl.<\/p>\n\n\n\n<p class=\"has-medium-font-size\">Ce trentenaire d\u00e9bute dans le voyage \u00e0 v\u00e9lo. <strong>&#8220;On a fait un premier test d&#8217;un week-end pour voir comment s&#8217;organiser avec Malo. Tout s&#8217;est bien pass\u00e9, alors on a voulu recommencer et faire plus long. On s&#8217;adapte au rythme de Malo en faisant des pauses pour qu&#8217;il puisse jouer.&#8221;<\/strong><\/p>\n\n\n\n<p class=\"has-medium-font-size\">L&#8217;\u00e9quipage s&#8217;\u00e9lance doucement le long du canal. La route est goudronn\u00e9e, <strong>&#8220;le grand luxe&#8221;<\/strong> pour Axel. A 10h, ils croisent peu de cyclistes, le silence est \u00e0 peine troubl\u00e9 par les oiseaux et le bruit des roues sur la voie. Le temps s&#8217;\u00e9tire : <strong>&#8220;On se d\u00e9connecte compl\u00e8tement du quotidien.&#8221; <\/strong>Le trio se sent libre \u00e0 v\u00e9lo<strong> &#8220;en compl\u00e8te autonomie.&#8221; <\/strong>Sur le chemin, une pause permet \u00e0 Malo de se d\u00e9gourdir les jambes et d&#8217;\u00e9tudier les hortensias. Un groupe de cyclistes chevronn\u00e9s s&#8217;arr\u00eate pour discuter, avant de repartir. Ama\u00ebl, Axel et Malo ne tardent pas \u00e0 les suivre, filant de le long des \u00e9cluses.<\/p>\n\n\n\n<p class=\"has-text-align-center has-tertiary-color has-text-color\"><strong>VELOCIO ET SES 7 COMMANDEMENTS<\/strong><\/p>\n\n\n\n<h1 class=\"wp-block-heading\">Les pr\u00e9ceptes de V\u00e9locio, inventeur du cyclotourisme<\/h1>\n\n\n\n<p>                <strong>P\u00e8re fondateur du cyclisme fran\u00e7ais, Paul de Vivie, dit V\u00e9locio, a eu une influence consid\u00e9rable sur le d\u00e9veloppement du cyclotourisme dans le pays. \u00c0 l&#8217;approche de l&#8217;\u00e9t\u00e9, ses \u00ab&nbsp;sept commandements&nbsp;\u00bb \u00e0 ce sujet sonnent toujours aussi justes.<\/strong><\/p>\n\n\n\n<figure class=\"wp-block-image\"><img decoding=\"async\" src=\"https:\/\/www.lequipe.fr\/_medias\/img-photo-jpg\/une-statue-honore-la-memoire-de-paul-de-vivie-a-pernes-les-fontaines-dans-le-vaucluse-daniel-clerc-w\/1500000001654720\/8:97,1405:1028-828-552-75\/501c9.jpg\" alt=\"Une statue honore la m\u00e9moire de Paul de Vivie \u00e0 Pernes-les-Fontaines, dans le Vaucluse. (Daniel Clerc\/Wikipedia Commons)\"\/><figcaption class=\"wp-element-caption\">Une statue honore la m\u00e9moire de Paul de Vivie \u00e0 Pernes-les-Fontaines, dans le Vaucluse. (Daniel Clerc\/Wikipedia Commons)<\/figcaption><\/figure>\n\n\n\n<p style=\"font-size:16px\">            Bient\u00f4t un si\u00e8cle apr\u00e8s sa mort, Paul de Vivie continue inlassablement \u00e0 se rappeler au bon souvenir du microcosme cycliste hexagonal tous les \u00e9t\u00e9s. L&#8217;an pass\u00e9, la France \u00e9tait une nouvelle fois la deuxi\u00e8me destination europ\u00e9enne la plus pris\u00e9e pour le cyclotourisme. Un constat qui doit beaucoup \u00e0 l&#8217;h\u00e9ritage de \u00ab&nbsp;V\u00e9locio&nbsp;\u00bb, journaliste mais surtout cycliste \u00e9m\u00e9rite, qui a pos\u00e9 les bases du voyage \u00e0 v\u00e9lo alors que l&#8217;engin faisait tout juste son apparition dans les foyers fran\u00e7ais. Ses pr\u00e9ceptes sont toujours suivis aujourd&#8217;hui.<\/p>\n\n\n\n<p style=\"font-size:16px\">            Mont\u00e9 sur son premier grand bi en 1881, \u00e0 l&#8217;\u00e2ge de 28 ans, V\u00e9locio y a tr\u00e8s vite d\u00e9di\u00e9 l&#8217;int\u00e9gralit\u00e9 de sa vie. Dans la r\u00e9gion de Saint-\u00c9tienne, o\u00f9 il est install\u00e9, il organise tr\u00e8s vite des premi\u00e8res courses, avant de fonder en 1892 la manufacture de cycles \u00ab&nbsp;La Gauloise&nbsp;\u00bb. \u00c0 sa t\u00eate, il met son inventivit\u00e9 au service de la petite reine, contribuant notamment \u00e0 d\u00e9velopper le syst\u00e8me de d\u00e9railleur ou \u00e0 am\u00e9liorer les p\u00e9daliers modernes, et fait conna\u00eetre ses avanc\u00e9es dans sa revue \u00ab&nbsp;Le Cycliste&nbsp;\u00bb, n\u00e9e au plus fort de l&#8217;engouement pour la bicyclette, en 1887.<\/p>\n\n\n\n<h3 class=\"wp-block-heading\">\u00ab&nbsp;Un moyen d&#8217;\u00e9mancipation&nbsp;\u00bb<\/h3>\n\n\n\n<p style=\"font-size:16px\">           Par sa plume, ses lecteurs d\u00e9couvrent surtout le \u00ab&nbsp;cyclotourisme&nbsp;\u00bb, un n\u00e9ologisme qu&#8217;il a lui-m\u00eame invent\u00e9 et auquel il n&#8217;a eu de cesse de donner corps au fil des ans.&nbsp;<em>\u00ab&nbsp;La bicyclette n&#8217;est pas seulement un outil de locomotion&nbsp;; elle devient encore un moyen d&#8217;\u00e9mancipation, une arme de d\u00e9livrance&nbsp;\u00bb<\/em>, pr\u00f4ne-t-il dans sa revue. De son vivant, V\u00e9locio \u00e9tait adepte des longues balades et estimait effectuer jusqu&#8217;\u00e0 20&nbsp;000 kilom\u00e8tres par an, roulant parfois 40&nbsp;heures de rang lors de longues sorties en Suisse. \u00ab&nbsp;Pour lui, la bicyclette \u00e9tait un instrument au service d&#8217;un id\u00e9al. Pour lui, le v\u00e9lo \u00e9tait le chemin de la libert\u00e9, physique et spirituel. Il a donn\u00e9 beaucoup, mais il a trouv\u00e9 plus&nbsp;\u00bb<\/p>\n\n\n\n<p style=\"font-size:16px\">          Celles-ci lui inspirent de nombreuses courses et des itin\u00e9raires toujours usit\u00e9s par la F\u00e9d\u00e9ration Fran\u00e7aise de cyclotourisme, dont \u00ab&nbsp;Les Diagonales de France&nbsp;\u00bb qui divisent le territoire hexagonal en neuf parcours. \u00c9picurien et v\u00e9g\u00e9tarien, il a pos\u00e9 certaines bases de la di\u00e9t\u00e9tique \u00e0 v\u00e9lo, prouvant qu&#8217;il \u00e9tait possible pour tous de faire de longs trajets \u00e0 v\u00e9lo avec une hygi\u00e8ne et une alimentation correcte. X\u00e9nophile assum\u00e9, tr\u00e8s inspir\u00e9 par le mod\u00e8le anglais du voyage \u00e0 deux-roues, il voyait ses escapades comme des fa\u00e7ons de changer sa perception du monde.<\/p>\n\n\n\n<h3 class=\"wp-block-heading\">Sept commandements toujours pertinents<\/h3>\n\n\n\n<p style=\"font-size:16px\">           Parfois consid\u00e9r\u00e9 comme le premier philosophe du v\u00e9lo, il a surtout compl\u00e8tement conceptualis\u00e9 le cyclotourisme, \u00e0 l&#8217;image des&nbsp;<em>\u00ab&nbsp;sept commandements&nbsp;\u00bb<\/em>&nbsp;qu&#8217;il a \u00e9dict\u00e9s et qui paraissent \u00e9vidents pour tout voyageur aujourd&#8217;hui&nbsp;: faire des&nbsp;<em>\u00ab&nbsp;haltes rares et courtes&nbsp;\u00bb<\/em>&nbsp;; des&nbsp;<em>\u00ab&nbsp;repas l\u00e9gers et fr\u00e9quents&nbsp;\u00bb&nbsp;; \u00ab&nbsp;ne jamais aller jusqu&#8217;\u00e0 la fatigue anormale&nbsp;\u00bb&nbsp;; \u00ab&nbsp;se couvrir avant d&#8217;avoir froid, se d\u00e9couvrir avant d&#8217;avoir chaud&nbsp;\u00bb<\/em>&nbsp;; se passer&nbsp;<em>\u00ab&nbsp;de vin, de viande et de tabac&nbsp;\u00bb<\/em>&nbsp;en cours de route&nbsp;; ne pas trop forcer pendant les premi\u00e8res heures&nbsp;; et, enfin,&nbsp;<em>\u00ab&nbsp;ne jamais p\u00e9daler par amour-propre&nbsp;\u00bb<\/em>.<\/p>\n\n\n\n<p style=\"font-size:16px\">Paul de Vivie est mort \u00e0 76 ans, en 1930, renvers\u00e9 par un tramway. Selon certains t\u00e9moins, il \u00e9tait, \u00e9videmment, en train de pousser devant lui son v\u00e9lo. Sur sa plaque comm\u00e9morative, au cimeti\u00e8re lyonnais de Loyasse, ses amis font inscrire&nbsp;:&nbsp;<em>\u00ab&nbsp;\u00c0 leur ma\u00eetre v\u00e9n\u00e9r\u00e9, les cyclotouristes st\u00e9phanois&nbsp;\u00bb.<\/em>&nbsp;\u00c0 son sujet, l&#8217;\u00e9crivain am\u00e9ricain et admirateur Clifford L. Graves dira&nbsp;:&nbsp;<em>\u00ab&nbsp;Pour lui, la bicyclette \u00e9tait un instrument au service d&#8217;un id\u00e9al. Pour lui, le v\u00e9lo \u00e9tait le chemin de la libert\u00e9, physique et spirituel. Il a donn\u00e9 beaucoup, mais il a trouv\u00e9 plus.&nbsp;\u00bb<\/em><\/p>\n\n\n\n<p class=\"has-text-align-right\"><strong><em>Article tir\u00e9 de l&#8217;Equipe (14juin 22)<\/em><\/strong><\/p>\n\n\n\n<p><a href=\"https:\/\/www.outbrain.com\/what-is\/default\/fr\"><\/a><\/p>\n\n\n\n<p class=\"has-text-align-center has-tertiary-color has-text-color\"><strong>L&#8217;INSTINCT DE SURVIE&#8230;<\/strong><\/p>\n\n\n<a href=\"https:\/\/cyclosdesavaloirs.fr\/wp-content\/uploads\/2022\/06\/Linstinct-de-survie....pdf\" class=\"pdfemb-viewer\" style=\"\" data-width=\"max\" data-height=\"max\" data-toolbar=\"bottom\" data-toolbar-fixed=\"off\">Linstinct-de-survie&#8230;<\/a>\n<p class=\"wp-block-pdfemb-pdf-embedder-viewer\"><\/p>\n\n\n\n<p class=\"has-text-align-center has-tertiary-color has-text-color\"><strong>LE VELO QUI LIBERE&#8230;<\/strong><\/p>\n\n\n<a href=\"https:\/\/cyclosdesavaloirs.fr\/wp-content\/uploads\/2022\/06\/Le-velo-qui-libere....pdf\" class=\"pdfemb-viewer\" style=\"\" data-width=\"max\" data-height=\"max\" data-toolbar=\"bottom\" data-toolbar-fixed=\"off\">Le-velo-qui-libere&#8230;<\/a>\n<p class=\"wp-block-pdfemb-pdf-embedder-viewer\"><\/p>\n\n\n\n<figure class=\"wp-block-embed is-type-video is-provider-youtube wp-block-embed-youtube wp-embed-aspect-16-9 wp-has-aspect-ratio\"><div class=\"wp-block-embed__wrapper\">\n<iframe loading=\"lazy\" title=\"La Corde\u0301e - Louise Roussel\" width=\"910\" height=\"512\" src=\"https:\/\/www.youtube.com\/embed\/ZiwBEsxqhyc?feature=oembed\" frameborder=\"0\" allow=\"accelerometer; autoplay; clipboard-write; encrypted-media; gyroscope; picture-in-picture; web-share\" allowfullscreen><\/iframe>\n<\/div><\/figure>\n\n\n\n<p class=\"has-text-align-center has-tertiary-color has-text-color\"><strong>DANS L&#8217;OEIL DE BERNARD&#8230;             <em>Paris-Brest-Paris 2019 <\/em><\/strong><\/p>\n\n\n\n<figure class=\"wp-block-embed is-type-video is-provider-youtube wp-block-embed-youtube wp-embed-aspect-16-9 wp-has-aspect-ratio\"><div class=\"wp-block-embed__wrapper\">\n<iframe loading=\"lazy\" title=\"Paris-Brest-Paris, dans l&#039;oeil de Bernard Le Bars - Cyclisme - Paris-Brest-Paris\" width=\"910\" height=\"512\" src=\"https:\/\/www.youtube.com\/embed\/9r118cTp4As?feature=oembed\" frameborder=\"0\" allow=\"accelerometer; autoplay; clipboard-write; encrypted-media; gyroscope; picture-in-picture; web-share\" allowfullscreen><\/iframe>\n<\/div><\/figure>\n\n\n\n<p class=\"has-text-align-center has-tertiary-color has-white-background-color has-text-color has-background\"><strong>SUR LA ROUTE DE L&#8217;EXTREME&#8230;  <\/strong>       <em><strong>Paris-Brest-Paris 2011<\/strong><\/em><\/p>\n\n\n\n<figure class=\"wp-block-embed is-type-video is-provider-youtube wp-block-embed-youtube wp-embed-aspect-16-9 wp-has-aspect-ratio\"><div class=\"wp-block-embed__wrapper\">\n<iframe loading=\"lazy\" title=\"Sur la route de l&#039;extr\u00eame\" width=\"910\" height=\"512\" src=\"https:\/\/www.youtube.com\/embed\/XjTe5i07uRM?feature=oembed\" frameborder=\"0\" allow=\"accelerometer; autoplay; clipboard-write; encrypted-media; gyroscope; picture-in-picture; web-share\" allowfullscreen><\/iframe>\n<\/div><\/figure>\n","protected":false},"excerpt":{"rendered":"<p>Voyager \u00e0 v\u00e9lo en France Un tour de France en Mayenne J&#8217;ai dormi dans une banque Respect, Fran\u00e7ois ! En voyage \u00e0 v\u00e9lo, les deux<\/p>\n","protected":false},"author":1,"featured_media":0,"parent":0,"menu_order":22,"comment_status":"closed","ping_status":"closed","template":"","meta":{"footnotes":""},"class_list":["post-252","page","type-page","status-publish","hentry","comments-off"],"yoast_head":"<!-- This site is optimized with the Yoast SEO plugin v27.4 - https:\/\/yoast.com\/product\/yoast-seo-wordpress\/ -->\n<title>Des histoires venues d&#039;ailleurs - CYCLOS DES AVALOIRS<\/title>\n<meta name=\"robots\" content=\"index, follow, max-snippet:-1, max-image-preview:large, max-video-preview:-1\" \/>\n<link rel=\"canonical\" href=\"https:\/\/cyclosdesavaloirs.fr\/index.php\/des-histoires-venues-dailleurs\/\" \/>\n<meta property=\"og:locale\" content=\"en_US\" \/>\n<meta property=\"og:type\" content=\"article\" \/>\n<meta property=\"og:title\" content=\"Des histoires venues d&#039;ailleurs - CYCLOS DES AVALOIRS\" \/>\n<meta property=\"og:description\" content=\"Voyager \u00e0 v\u00e9lo en France Un tour de France en Mayenne J&#8217;ai dormi dans une banque Respect, Fran\u00e7ois ! En voyage \u00e0 v\u00e9lo, les deux\" \/>\n<meta property=\"og:url\" content=\"https:\/\/cyclosdesavaloirs.fr\/index.php\/des-histoires-venues-dailleurs\/\" \/>\n<meta property=\"og:site_name\" content=\"CYCLOS DES AVALOIRS\" \/>\n<meta property=\"article:publisher\" content=\"https:\/\/www.facebook.com\/Cyclos-des-Avaloirs-108867535260146\" \/>\n<meta property=\"article:modified_time\" content=\"2023-01-09T07:59:37+00:00\" \/>\n<meta property=\"og:image\" content=\"https:\/\/cyclosdesavaloirs.fr\/wp-content\/uploads\/2022\/08\/Image-MEDIUM-21421821.jpg\" \/>\n<meta name=\"twitter:card\" content=\"summary_large_image\" \/>\n<meta name=\"twitter:label1\" content=\"Est. reading time\" \/>\n\t<meta name=\"twitter:data1\" content=\"5 minutes\" \/>\n<script type=\"application\/ld+json\" class=\"yoast-schema-graph\">{\"@context\":\"https:\\\/\\\/schema.org\",\"@graph\":[{\"@type\":\"WebPage\",\"@id\":\"https:\\\/\\\/cyclosdesavaloirs.fr\\\/index.php\\\/des-histoires-venues-dailleurs\\\/\",\"url\":\"https:\\\/\\\/cyclosdesavaloirs.fr\\\/index.php\\\/des-histoires-venues-dailleurs\\\/\",\"name\":\"Des histoires venues d'ailleurs - CYCLOS DES AVALOIRS\",\"isPartOf\":{\"@id\":\"https:\\\/\\\/cyclosdesavaloirs.fr\\\/#website\"},\"primaryImageOfPage\":{\"@id\":\"https:\\\/\\\/cyclosdesavaloirs.fr\\\/index.php\\\/des-histoires-venues-dailleurs\\\/#primaryimage\"},\"image\":{\"@id\":\"https:\\\/\\\/cyclosdesavaloirs.fr\\\/index.php\\\/des-histoires-venues-dailleurs\\\/#primaryimage\"},\"thumbnailUrl\":\"https:\\\/\\\/cyclosdesavaloirs.fr\\\/wp-content\\\/uploads\\\/2022\\\/08\\\/Image-MEDIUM-21421821.jpg\",\"datePublished\":\"2022-06-04T15:12:39+00:00\",\"dateModified\":\"2023-01-09T07:59:37+00:00\",\"breadcrumb\":{\"@id\":\"https:\\\/\\\/cyclosdesavaloirs.fr\\\/index.php\\\/des-histoires-venues-dailleurs\\\/#breadcrumb\"},\"inLanguage\":\"en-US\",\"potentialAction\":[{\"@type\":\"ReadAction\",\"target\":[\"https:\\\/\\\/cyclosdesavaloirs.fr\\\/index.php\\\/des-histoires-venues-dailleurs\\\/\"]}]},{\"@type\":\"ImageObject\",\"inLanguage\":\"en-US\",\"@id\":\"https:\\\/\\\/cyclosdesavaloirs.fr\\\/index.php\\\/des-histoires-venues-dailleurs\\\/#primaryimage\",\"url\":\"https:\\\/\\\/cyclosdesavaloirs.fr\\\/wp-content\\\/uploads\\\/2022\\\/08\\\/Image-MEDIUM-21421821.jpg\",\"contentUrl\":\"https:\\\/\\\/cyclosdesavaloirs.fr\\\/wp-content\\\/uploads\\\/2022\\\/08\\\/Image-MEDIUM-21421821.jpg\",\"width\":512,\"height\":321},{\"@type\":\"BreadcrumbList\",\"@id\":\"https:\\\/\\\/cyclosdesavaloirs.fr\\\/index.php\\\/des-histoires-venues-dailleurs\\\/#breadcrumb\",\"itemListElement\":[{\"@type\":\"ListItem\",\"position\":1,\"name\":\"Accueil\",\"item\":\"https:\\\/\\\/cyclosdesavaloirs.fr\\\/\"},{\"@type\":\"ListItem\",\"position\":2,\"name\":\"Des histoires venues d&#8217;ailleurs\"}]},{\"@type\":\"WebSite\",\"@id\":\"https:\\\/\\\/cyclosdesavaloirs.fr\\\/#website\",\"url\":\"https:\\\/\\\/cyclosdesavaloirs.fr\\\/\",\"name\":\"CYCLOS DES AVALOIRS\",\"description\":\"A v\u00e9lo, tout est plus beau et \u00e0 plusieurs, c&#039;est encore meilleur !\",\"publisher\":{\"@id\":\"https:\\\/\\\/cyclosdesavaloirs.fr\\\/#organization\"},\"potentialAction\":[{\"@type\":\"SearchAction\",\"target\":{\"@type\":\"EntryPoint\",\"urlTemplate\":\"https:\\\/\\\/cyclosdesavaloirs.fr\\\/?s={search_term_string}\"},\"query-input\":{\"@type\":\"PropertyValueSpecification\",\"valueRequired\":true,\"valueName\":\"search_term_string\"}}],\"inLanguage\":\"en-US\"},{\"@type\":\"Organization\",\"@id\":\"https:\\\/\\\/cyclosdesavaloirs.fr\\\/#organization\",\"name\":\"CYCLOS DES AVALOIRS\",\"url\":\"https:\\\/\\\/cyclosdesavaloirs.fr\\\/\",\"logo\":{\"@type\":\"ImageObject\",\"inLanguage\":\"en-US\",\"@id\":\"https:\\\/\\\/cyclosdesavaloirs.fr\\\/#\\\/schema\\\/logo\\\/image\\\/\",\"url\":\"https:\\\/\\\/cyclosdesavaloirs.fr\\\/wp-content\\\/uploads\\\/2022\\\/06\\\/cropped-cropped-cropped-cropped-LOGO_CYLCOS-1.png\",\"contentUrl\":\"https:\\\/\\\/cyclosdesavaloirs.fr\\\/wp-content\\\/uploads\\\/2022\\\/06\\\/cropped-cropped-cropped-cropped-LOGO_CYLCOS-1.png\",\"width\":240,\"height\":240,\"caption\":\"CYCLOS DES AVALOIRS\"},\"image\":{\"@id\":\"https:\\\/\\\/cyclosdesavaloirs.fr\\\/#\\\/schema\\\/logo\\\/image\\\/\"},\"sameAs\":[\"https:\\\/\\\/www.facebook.com\\\/Cyclos-des-Avaloirs-108867535260146\"]}]}<\/script>\n<!-- \/ Yoast SEO plugin. -->","yoast_head_json":{"title":"Des histoires venues d'ailleurs - CYCLOS DES AVALOIRS","robots":{"index":"index","follow":"follow","max-snippet":"max-snippet:-1","max-image-preview":"max-image-preview:large","max-video-preview":"max-video-preview:-1"},"canonical":"https:\/\/cyclosdesavaloirs.fr\/index.php\/des-histoires-venues-dailleurs\/","og_locale":"en_US","og_type":"article","og_title":"Des histoires venues d'ailleurs - CYCLOS DES AVALOIRS","og_description":"Voyager \u00e0 v\u00e9lo en France Un tour de France en Mayenne J&#8217;ai dormi dans une banque Respect, Fran\u00e7ois ! En voyage \u00e0 v\u00e9lo, les deux","og_url":"https:\/\/cyclosdesavaloirs.fr\/index.php\/des-histoires-venues-dailleurs\/","og_site_name":"CYCLOS DES AVALOIRS","article_publisher":"https:\/\/www.facebook.com\/Cyclos-des-Avaloirs-108867535260146","article_modified_time":"2023-01-09T07:59:37+00:00","og_image":[{"url":"https:\/\/cyclosdesavaloirs.fr\/wp-content\/uploads\/2022\/08\/Image-MEDIUM-21421821.jpg","type":"","width":"","height":""}],"twitter_card":"summary_large_image","twitter_misc":{"Est. reading time":"5 minutes"},"schema":{"@context":"https:\/\/schema.org","@graph":[{"@type":"WebPage","@id":"https:\/\/cyclosdesavaloirs.fr\/index.php\/des-histoires-venues-dailleurs\/","url":"https:\/\/cyclosdesavaloirs.fr\/index.php\/des-histoires-venues-dailleurs\/","name":"Des histoires venues d'ailleurs - CYCLOS DES AVALOIRS","isPartOf":{"@id":"https:\/\/cyclosdesavaloirs.fr\/#website"},"primaryImageOfPage":{"@id":"https:\/\/cyclosdesavaloirs.fr\/index.php\/des-histoires-venues-dailleurs\/#primaryimage"},"image":{"@id":"https:\/\/cyclosdesavaloirs.fr\/index.php\/des-histoires-venues-dailleurs\/#primaryimage"},"thumbnailUrl":"https:\/\/cyclosdesavaloirs.fr\/wp-content\/uploads\/2022\/08\/Image-MEDIUM-21421821.jpg","datePublished":"2022-06-04T15:12:39+00:00","dateModified":"2023-01-09T07:59:37+00:00","breadcrumb":{"@id":"https:\/\/cyclosdesavaloirs.fr\/index.php\/des-histoires-venues-dailleurs\/#breadcrumb"},"inLanguage":"en-US","potentialAction":[{"@type":"ReadAction","target":["https:\/\/cyclosdesavaloirs.fr\/index.php\/des-histoires-venues-dailleurs\/"]}]},{"@type":"ImageObject","inLanguage":"en-US","@id":"https:\/\/cyclosdesavaloirs.fr\/index.php\/des-histoires-venues-dailleurs\/#primaryimage","url":"https:\/\/cyclosdesavaloirs.fr\/wp-content\/uploads\/2022\/08\/Image-MEDIUM-21421821.jpg","contentUrl":"https:\/\/cyclosdesavaloirs.fr\/wp-content\/uploads\/2022\/08\/Image-MEDIUM-21421821.jpg","width":512,"height":321},{"@type":"BreadcrumbList","@id":"https:\/\/cyclosdesavaloirs.fr\/index.php\/des-histoires-venues-dailleurs\/#breadcrumb","itemListElement":[{"@type":"ListItem","position":1,"name":"Accueil","item":"https:\/\/cyclosdesavaloirs.fr\/"},{"@type":"ListItem","position":2,"name":"Des histoires venues d&#8217;ailleurs"}]},{"@type":"WebSite","@id":"https:\/\/cyclosdesavaloirs.fr\/#website","url":"https:\/\/cyclosdesavaloirs.fr\/","name":"CYCLOS DES AVALOIRS","description":"A v\u00e9lo, tout est plus beau et \u00e0 plusieurs, c&#039;est encore meilleur !","publisher":{"@id":"https:\/\/cyclosdesavaloirs.fr\/#organization"},"potentialAction":[{"@type":"SearchAction","target":{"@type":"EntryPoint","urlTemplate":"https:\/\/cyclosdesavaloirs.fr\/?s={search_term_string}"},"query-input":{"@type":"PropertyValueSpecification","valueRequired":true,"valueName":"search_term_string"}}],"inLanguage":"en-US"},{"@type":"Organization","@id":"https:\/\/cyclosdesavaloirs.fr\/#organization","name":"CYCLOS DES AVALOIRS","url":"https:\/\/cyclosdesavaloirs.fr\/","logo":{"@type":"ImageObject","inLanguage":"en-US","@id":"https:\/\/cyclosdesavaloirs.fr\/#\/schema\/logo\/image\/","url":"https:\/\/cyclosdesavaloirs.fr\/wp-content\/uploads\/2022\/06\/cropped-cropped-cropped-cropped-LOGO_CYLCOS-1.png","contentUrl":"https:\/\/cyclosdesavaloirs.fr\/wp-content\/uploads\/2022\/06\/cropped-cropped-cropped-cropped-LOGO_CYLCOS-1.png","width":240,"height":240,"caption":"CYCLOS DES AVALOIRS"},"image":{"@id":"https:\/\/cyclosdesavaloirs.fr\/#\/schema\/logo\/image\/"},"sameAs":["https:\/\/www.facebook.com\/Cyclos-des-Avaloirs-108867535260146"]}]}},"_links":{"self":[{"href":"https:\/\/cyclosdesavaloirs.fr\/index.php\/wp-json\/wp\/v2\/pages\/252","targetHints":{"allow":["GET"]}}],"collection":[{"href":"https:\/\/cyclosdesavaloirs.fr\/index.php\/wp-json\/wp\/v2\/pages"}],"about":[{"href":"https:\/\/cyclosdesavaloirs.fr\/index.php\/wp-json\/wp\/v2\/types\/page"}],"author":[{"embeddable":true,"href":"https:\/\/cyclosdesavaloirs.fr\/index.php\/wp-json\/wp\/v2\/users\/1"}],"replies":[{"embeddable":true,"href":"https:\/\/cyclosdesavaloirs.fr\/index.php\/wp-json\/wp\/v2\/comments?post=252"}],"version-history":[{"count":20,"href":"https:\/\/cyclosdesavaloirs.fr\/index.php\/wp-json\/wp\/v2\/pages\/252\/revisions"}],"predecessor-version":[{"id":1175,"href":"https:\/\/cyclosdesavaloirs.fr\/index.php\/wp-json\/wp\/v2\/pages\/252\/revisions\/1175"}],"wp:attachment":[{"href":"https:\/\/cyclosdesavaloirs.fr\/index.php\/wp-json\/wp\/v2\/media?parent=252"}],"curies":[{"name":"wp","href":"https:\/\/api.w.org\/{rel}","templated":true}]}}