{"id":276,"date":"2022-06-05T08:50:28","date_gmt":"2022-06-05T06:50:28","guid":{"rendered":"https:\/\/cyclosdesavaloirs.fr\/?page_id=276"},"modified":"2025-02-24T14:19:29","modified_gmt":"2025-02-24T13:19:29","slug":"un-peu-dhistoire-2","status":"publish","type":"page","link":"https:\/\/cyclosdesavaloirs.fr\/index.php\/un-peu-dhistoire-2\/","title":{"rendered":"Un peu d&#8217;histoire"},"content":{"rendered":"\n<p>            Le club des Cyclos des Avaloirs semble voir le jour dans un salon de coiffure de Pr\u00e9-en-Pail, tenu par Alfred Potard au milieu des ann\u00e9es 70. Au gr\u00e9 des conversations entre clients et barbier, le d\u00e9sir commun de se retrouver  pour faire du v\u00e9lo germe petit \u00e0 petit et se transforme en un peloton d&#8217;amis sillonnant la r\u00e9gion, chaque dimanche matin.<\/p>\n\n\n\n<p>Constitu\u00e9 de cyclistes occasionnels ou r\u00e9guliers, et de sympathisants &#8220;non pratiquants&#8221;, le groupe grandit tr\u00e8s vite et \u00e9prouve le besoin de se f\u00e9d\u00e9rer. Partag\u00e9s entre d\u00e9sir d&#8217;autonomie et rattachement \u00e0 une association locale, les cyclos font le choix, en 1980, de devenir une section de l&#8217;Intr\u00e9pide de Pr\u00e9-en-Pail. <\/p>\n\n\n<a href=\"https:\/\/cyclosdesavaloirs.fr\/wp-content\/uploads\/2022\/07\/graphique-adhesions.pdf\" class=\"pdfemb-viewer\" style=\"\" data-width=\"max\" data-height=\"max\" data-toolbar=\"bottom\" data-toolbar-fixed=\"off\">graphique-adhesions<\/a>\n<p class=\"wp-block-pdfemb-pdf-embedder-viewer\"><\/p>\n\n\n\n<p>           V\u00eatus de leur maillot vert, les Cyclos des Avaloirs s&#8217;affilient \u00e0 la F\u00e9d\u00e9ration Fran\u00e7aise de Cyclotourisme et participent r\u00e9guli\u00e8rement aux manifestations organis\u00e9es sous son \u00e9gide : randonn\u00e9es Audax et Randonneurs, brevets 100, 200, 300 kms, classiques telles que Paris-Brest-Paris, Paris-Roubaix, Bagnoles-Le Mont-St-Michel- Bagnoles, ascensions &#8220;montagnardes&#8221; telles que le Marie-Blanque ou le Mont Ventoux&#8230;<\/p>\n\n\n<a href=\"https:\/\/cyclosdesavaloirs.fr\/wp-content\/uploads\/2022\/06\/aventure.pdf\" class=\"pdfemb-viewer\" style=\"\" data-width=\"max\" data-height=\"max\" data-toolbar=\"bottom\" data-toolbar-fixed=\"off\">aventure<\/a>\n<p class=\"wp-block-pdfemb-pdf-embedder-viewer\"><\/p>\n\n\n<a href=\"https:\/\/cyclosdesavaloirs.fr\/wp-content\/uploads\/2022\/06\/image-1.pdf\" class=\"pdfemb-viewer\" style=\"\" data-width=\"max\" data-height=\"max\" data-toolbar=\"bottom\" data-toolbar-fixed=\"off\">image-1<\/a>\n<p class=\"wp-block-pdfemb-pdf-embedder-viewer\"><\/p>\n\n\n\n<p><strong>Michel TURCAN, figure embl\u00e9matique des Cyclos des Avaloirs<\/strong><\/p>\n\n\n\n<p>              S&#8217;il nous fallait retenir un nom ayant marqu\u00e9 l&#8217;histoire de la section, celui de Michel Turcan semble, aux dires de tous, faire l&#8217;unanimit\u00e9. Adepte de la longue distance, venant \u00e0 v\u00e9lo de Javron et par tous les temps, Michel a entrain\u00e9 dans sa roue nombre de cyclos pr\u00e9ziens sur les routes de France et de Navarre. Jamais rassasi\u00e9, &#8220;hant\u00e9&#8221; par le Paris-Brest-Paris randonneur (5 participations), l&#8217;ami Michel a permis \u00e0 ses copains de participer \u00e0 <em>&#8220;des \u00e9pop\u00e9es \u00e0 v\u00e9lo qu&#8217;on n&#8217;aurait, sans lui, jamais os\u00e9es accomplir&#8221;.<\/em><\/p>\n\n\n<a href=\"https:\/\/cyclosdesavaloirs.fr\/wp-content\/uploads\/2022\/06\/retour.pdf\" class=\"pdfemb-viewer\" style=\"\" data-width=\"max\" data-height=\"max\" data-toolbar=\"bottom\" data-toolbar-fixed=\"off\">retour<\/a>\n<p class=\"wp-block-pdfemb-pdf-embedder-viewer\"><\/p>\n\n\n\n<p><strong>Le Challenge Alain SAVARY<\/strong><\/p>\n\n\n\n<p>            Suite \u00e0 un dramatique accident de la circulation, en 1985, ayant caus\u00e9 la mort d&#8217;un des leurs, Alain Savary, cyclo et membre fondateur de la section, les Cyclos des Avaloirs remettent, chaque ann\u00e9e, \u00e0 l&#8217;occasion de leur randonn\u00e9e et en m\u00e9moire de leur ami disparu, un challenge qui r\u00e9compense l&#8217;assiduit\u00e9 et le respect des valeurs du cyclotourisme des clubs participants.<\/p>\n\n\n<a href=\"https:\/\/cyclosdesavaloirs.fr\/wp-content\/uploads\/2022\/06\/challenge-A-Savary.pdf\" class=\"pdfemb-viewer\" style=\"\" data-width=\"max\" data-height=\"max\" data-toolbar=\"bottom\" data-toolbar-fixed=\"off\">challenge-A-Savary<\/a>\n<p class=\"wp-block-pdfemb-pdf-embedder-viewer\"><\/p>\n\n\n\n<p><strong>La semaine f\u00e9d\u00e9rale<\/strong><\/p>\n\n\n\n<p>Chaque ann\u00e9e, la Semaine f\u00e9d\u00e9rale internationale de cyclotourisme est organis\u00e9e d\u00e9but ao\u00fbt dans un d\u00e9partement de France. Pendant une semaine, plus de 12 000 cyclotouristes internationaux se r\u00e9unissent pour d\u00e9couvrir \u00e0 v\u00e9lo un nouveau territoire et les Cyclos des Avaloirs et leurs familles se font un devoir d&#8217;y participer (record de participation : 27 semaines).<\/p>\n\n\n\n<p>Les uns en location, les autres en camping, les uns \u00e0 bicyclette, les autres munis de leur b\u00e2ton de randonn\u00e9e, tout le monde part \u00e0 l&#8217;aventure pour d\u00e9couvrir les multiples facettes des r\u00e9gions de France et partager d&#8217;inoubliables moments de convivialit\u00e9. <\/p>\n\n\n<a href=\"https:\/\/cyclosdesavaloirs.fr\/wp-content\/uploads\/2022\/06\/semaine-feferale.pdf\" class=\"pdfemb-viewer\" style=\"\" data-width=\"max\" data-height=\"max\" data-toolbar=\"bottom\" data-toolbar-fixed=\"off\">semaine-feferale<\/a>\n<p class=\"wp-block-pdfemb-pdf-embedder-viewer\"><\/p>\n\n\n\n<figure class=\"wp-block-image size-full is-style-default\"><img loading=\"lazy\" decoding=\"async\" width=\"827\" height=\"519\" src=\"https:\/\/cyclosdesavaloirs.fr\/wp-content\/uploads\/2022\/07\/image-1.png\" alt=\"\" class=\"wp-image-821\" srcset=\"https:\/\/cyclosdesavaloirs.fr\/wp-content\/uploads\/2022\/07\/image-1.png 827w, https:\/\/cyclosdesavaloirs.fr\/wp-content\/uploads\/2022\/07\/image-1-300x188.png 300w, https:\/\/cyclosdesavaloirs.fr\/wp-content\/uploads\/2022\/07\/image-1-768x482.png 768w\" sizes=\"auto, (max-width: 827px) 100vw, 827px\" \/><figcaption class=\"wp-element-caption\">CARTE POSTALE DE LA SEMAINE FEDERALE<\/figcaption><\/figure>\n","protected":false},"excerpt":{"rendered":"<p>Le club des Cyclos des Avaloirs semble voir le jour dans un salon de coiffure de Pr\u00e9-en-Pail, tenu par Alfred Potard au milieu des ann\u00e9es<\/p>\n","protected":false},"author":1,"featured_media":0,"parent":0,"menu_order":0,"comment_status":"closed","ping_status":"closed","template":"templates\/template-no-sidebar.php","meta":{"footnotes":""},"class_list":["post-276","page","type-page","status-publish","hentry","comments-off"],"yoast_head":"<!-- This site is optimized with the Yoast SEO plugin v27.4 - https:\/\/yoast.com\/product\/yoast-seo-wordpress\/ -->\n<title>Un peu d&#039;histoire - CYCLOS DES AVALOIRS<\/title>\n<meta name=\"robots\" content=\"index, follow, max-snippet:-1, max-image-preview:large, max-video-preview:-1\" \/>\n<link rel=\"canonical\" href=\"https:\/\/cyclosdesavaloirs.fr\/index.php\/un-peu-dhistoire-2\/\" \/>\n<meta property=\"og:locale\" content=\"en_US\" \/>\n<meta property=\"og:type\" content=\"article\" \/>\n<meta property=\"og:title\" content=\"Un peu d&#039;histoire - CYCLOS DES AVALOIRS\" \/>\n<meta property=\"og:description\" content=\"Le club des Cyclos des Avaloirs semble voir le jour dans un salon de coiffure de Pr\u00e9-en-Pail, tenu par Alfred Potard au milieu des ann\u00e9es\" \/>\n<meta property=\"og:url\" content=\"https:\/\/cyclosdesavaloirs.fr\/index.php\/un-peu-dhistoire-2\/\" \/>\n<meta property=\"og:site_name\" content=\"CYCLOS DES AVALOIRS\" \/>\n<meta property=\"article:publisher\" content=\"https:\/\/www.facebook.com\/Cyclos-des-Avaloirs-108867535260146\" \/>\n<meta property=\"article:modified_time\" content=\"2025-02-24T13:19:29+00:00\" \/>\n<meta property=\"og:image\" content=\"https:\/\/cyclosdesavaloirs.fr\/wp-content\/uploads\/2022\/07\/image-1.png\" \/>\n<meta name=\"twitter:card\" content=\"summary_large_image\" \/>\n<meta name=\"twitter:label1\" content=\"Est. reading time\" \/>\n\t<meta name=\"twitter:data1\" content=\"3 minutes\" \/>\n<script type=\"application\/ld+json\" class=\"yoast-schema-graph\">{\"@context\":\"https:\\\/\\\/schema.org\",\"@graph\":[{\"@type\":\"WebPage\",\"@id\":\"https:\\\/\\\/cyclosdesavaloirs.fr\\\/index.php\\\/un-peu-dhistoire-2\\\/\",\"url\":\"https:\\\/\\\/cyclosdesavaloirs.fr\\\/index.php\\\/un-peu-dhistoire-2\\\/\",\"name\":\"Un peu d'histoire - CYCLOS DES AVALOIRS\",\"isPartOf\":{\"@id\":\"https:\\\/\\\/cyclosdesavaloirs.fr\\\/#website\"},\"primaryImageOfPage\":{\"@id\":\"https:\\\/\\\/cyclosdesavaloirs.fr\\\/index.php\\\/un-peu-dhistoire-2\\\/#primaryimage\"},\"image\":{\"@id\":\"https:\\\/\\\/cyclosdesavaloirs.fr\\\/index.php\\\/un-peu-dhistoire-2\\\/#primaryimage\"},\"thumbnailUrl\":\"https:\\\/\\\/cyclosdesavaloirs.fr\\\/wp-content\\\/uploads\\\/2022\\\/07\\\/image-1.png\",\"datePublished\":\"2022-06-05T06:50:28+00:00\",\"dateModified\":\"2025-02-24T13:19:29+00:00\",\"breadcrumb\":{\"@id\":\"https:\\\/\\\/cyclosdesavaloirs.fr\\\/index.php\\\/un-peu-dhistoire-2\\\/#breadcrumb\"},\"inLanguage\":\"en-US\",\"potentialAction\":[{\"@type\":\"ReadAction\",\"target\":[\"https:\\\/\\\/cyclosdesavaloirs.fr\\\/index.php\\\/un-peu-dhistoire-2\\\/\"]}]},{\"@type\":\"ImageObject\",\"inLanguage\":\"en-US\",\"@id\":\"https:\\\/\\\/cyclosdesavaloirs.fr\\\/index.php\\\/un-peu-dhistoire-2\\\/#primaryimage\",\"url\":\"https:\\\/\\\/cyclosdesavaloirs.fr\\\/wp-content\\\/uploads\\\/2022\\\/07\\\/image-1.png\",\"contentUrl\":\"https:\\\/\\\/cyclosdesavaloirs.fr\\\/wp-content\\\/uploads\\\/2022\\\/07\\\/image-1.png\",\"width\":827,\"height\":519},{\"@type\":\"BreadcrumbList\",\"@id\":\"https:\\\/\\\/cyclosdesavaloirs.fr\\\/index.php\\\/un-peu-dhistoire-2\\\/#breadcrumb\",\"itemListElement\":[{\"@type\":\"ListItem\",\"position\":1,\"name\":\"Accueil\",\"item\":\"https:\\\/\\\/cyclosdesavaloirs.fr\\\/\"},{\"@type\":\"ListItem\",\"position\":2,\"name\":\"Un peu d&#8217;histoire\"}]},{\"@type\":\"WebSite\",\"@id\":\"https:\\\/\\\/cyclosdesavaloirs.fr\\\/#website\",\"url\":\"https:\\\/\\\/cyclosdesavaloirs.fr\\\/\",\"name\":\"CYCLOS DES AVALOIRS\",\"description\":\"A v\u00e9lo, tout est plus beau et \u00e0 plusieurs, c&#039;est encore meilleur !\",\"publisher\":{\"@id\":\"https:\\\/\\\/cyclosdesavaloirs.fr\\\/#organization\"},\"potentialAction\":[{\"@type\":\"SearchAction\",\"target\":{\"@type\":\"EntryPoint\",\"urlTemplate\":\"https:\\\/\\\/cyclosdesavaloirs.fr\\\/?s={search_term_string}\"},\"query-input\":{\"@type\":\"PropertyValueSpecification\",\"valueRequired\":true,\"valueName\":\"search_term_string\"}}],\"inLanguage\":\"en-US\"},{\"@type\":\"Organization\",\"@id\":\"https:\\\/\\\/cyclosdesavaloirs.fr\\\/#organization\",\"name\":\"CYCLOS DES AVALOIRS\",\"url\":\"https:\\\/\\\/cyclosdesavaloirs.fr\\\/\",\"logo\":{\"@type\":\"ImageObject\",\"inLanguage\":\"en-US\",\"@id\":\"https:\\\/\\\/cyclosdesavaloirs.fr\\\/#\\\/schema\\\/logo\\\/image\\\/\",\"url\":\"https:\\\/\\\/cyclosdesavaloirs.fr\\\/wp-content\\\/uploads\\\/2022\\\/06\\\/cropped-cropped-cropped-cropped-LOGO_CYLCOS-1.png\",\"contentUrl\":\"https:\\\/\\\/cyclosdesavaloirs.fr\\\/wp-content\\\/uploads\\\/2022\\\/06\\\/cropped-cropped-cropped-cropped-LOGO_CYLCOS-1.png\",\"width\":240,\"height\":240,\"caption\":\"CYCLOS DES AVALOIRS\"},\"image\":{\"@id\":\"https:\\\/\\\/cyclosdesavaloirs.fr\\\/#\\\/schema\\\/logo\\\/image\\\/\"},\"sameAs\":[\"https:\\\/\\\/www.facebook.com\\\/Cyclos-des-Avaloirs-108867535260146\"]}]}<\/script>\n<!-- \/ Yoast SEO plugin. -->","yoast_head_json":{"title":"Un peu d'histoire - CYCLOS DES AVALOIRS","robots":{"index":"index","follow":"follow","max-snippet":"max-snippet:-1","max-image-preview":"max-image-preview:large","max-video-preview":"max-video-preview:-1"},"canonical":"https:\/\/cyclosdesavaloirs.fr\/index.php\/un-peu-dhistoire-2\/","og_locale":"en_US","og_type":"article","og_title":"Un peu d'histoire - CYCLOS DES AVALOIRS","og_description":"Le club des Cyclos des Avaloirs semble voir le jour dans un salon de coiffure de Pr\u00e9-en-Pail, tenu par Alfred Potard au milieu des ann\u00e9es","og_url":"https:\/\/cyclosdesavaloirs.fr\/index.php\/un-peu-dhistoire-2\/","og_site_name":"CYCLOS DES AVALOIRS","article_publisher":"https:\/\/www.facebook.com\/Cyclos-des-Avaloirs-108867535260146","article_modified_time":"2025-02-24T13:19:29+00:00","og_image":[{"url":"https:\/\/cyclosdesavaloirs.fr\/wp-content\/uploads\/2022\/07\/image-1.png","type":"","width":"","height":""}],"twitter_card":"summary_large_image","twitter_misc":{"Est. reading time":"3 minutes"},"schema":{"@context":"https:\/\/schema.org","@graph":[{"@type":"WebPage","@id":"https:\/\/cyclosdesavaloirs.fr\/index.php\/un-peu-dhistoire-2\/","url":"https:\/\/cyclosdesavaloirs.fr\/index.php\/un-peu-dhistoire-2\/","name":"Un peu d'histoire - CYCLOS DES AVALOIRS","isPartOf":{"@id":"https:\/\/cyclosdesavaloirs.fr\/#website"},"primaryImageOfPage":{"@id":"https:\/\/cyclosdesavaloirs.fr\/index.php\/un-peu-dhistoire-2\/#primaryimage"},"image":{"@id":"https:\/\/cyclosdesavaloirs.fr\/index.php\/un-peu-dhistoire-2\/#primaryimage"},"thumbnailUrl":"https:\/\/cyclosdesavaloirs.fr\/wp-content\/uploads\/2022\/07\/image-1.png","datePublished":"2022-06-05T06:50:28+00:00","dateModified":"2025-02-24T13:19:29+00:00","breadcrumb":{"@id":"https:\/\/cyclosdesavaloirs.fr\/index.php\/un-peu-dhistoire-2\/#breadcrumb"},"inLanguage":"en-US","potentialAction":[{"@type":"ReadAction","target":["https:\/\/cyclosdesavaloirs.fr\/index.php\/un-peu-dhistoire-2\/"]}]},{"@type":"ImageObject","inLanguage":"en-US","@id":"https:\/\/cyclosdesavaloirs.fr\/index.php\/un-peu-dhistoire-2\/#primaryimage","url":"https:\/\/cyclosdesavaloirs.fr\/wp-content\/uploads\/2022\/07\/image-1.png","contentUrl":"https:\/\/cyclosdesavaloirs.fr\/wp-content\/uploads\/2022\/07\/image-1.png","width":827,"height":519},{"@type":"BreadcrumbList","@id":"https:\/\/cyclosdesavaloirs.fr\/index.php\/un-peu-dhistoire-2\/#breadcrumb","itemListElement":[{"@type":"ListItem","position":1,"name":"Accueil","item":"https:\/\/cyclosdesavaloirs.fr\/"},{"@type":"ListItem","position":2,"name":"Un peu d&#8217;histoire"}]},{"@type":"WebSite","@id":"https:\/\/cyclosdesavaloirs.fr\/#website","url":"https:\/\/cyclosdesavaloirs.fr\/","name":"CYCLOS DES AVALOIRS","description":"A v\u00e9lo, tout est plus beau et \u00e0 plusieurs, c&#039;est encore meilleur !","publisher":{"@id":"https:\/\/cyclosdesavaloirs.fr\/#organization"},"potentialAction":[{"@type":"SearchAction","target":{"@type":"EntryPoint","urlTemplate":"https:\/\/cyclosdesavaloirs.fr\/?s={search_term_string}"},"query-input":{"@type":"PropertyValueSpecification","valueRequired":true,"valueName":"search_term_string"}}],"inLanguage":"en-US"},{"@type":"Organization","@id":"https:\/\/cyclosdesavaloirs.fr\/#organization","name":"CYCLOS DES AVALOIRS","url":"https:\/\/cyclosdesavaloirs.fr\/","logo":{"@type":"ImageObject","inLanguage":"en-US","@id":"https:\/\/cyclosdesavaloirs.fr\/#\/schema\/logo\/image\/","url":"https:\/\/cyclosdesavaloirs.fr\/wp-content\/uploads\/2022\/06\/cropped-cropped-cropped-cropped-LOGO_CYLCOS-1.png","contentUrl":"https:\/\/cyclosdesavaloirs.fr\/wp-content\/uploads\/2022\/06\/cropped-cropped-cropped-cropped-LOGO_CYLCOS-1.png","width":240,"height":240,"caption":"CYCLOS DES AVALOIRS"},"image":{"@id":"https:\/\/cyclosdesavaloirs.fr\/#\/schema\/logo\/image\/"},"sameAs":["https:\/\/www.facebook.com\/Cyclos-des-Avaloirs-108867535260146"]}]}},"_links":{"self":[{"href":"https:\/\/cyclosdesavaloirs.fr\/index.php\/wp-json\/wp\/v2\/pages\/276","targetHints":{"allow":["GET"]}}],"collection":[{"href":"https:\/\/cyclosdesavaloirs.fr\/index.php\/wp-json\/wp\/v2\/pages"}],"about":[{"href":"https:\/\/cyclosdesavaloirs.fr\/index.php\/wp-json\/wp\/v2\/types\/page"}],"author":[{"embeddable":true,"href":"https:\/\/cyclosdesavaloirs.fr\/index.php\/wp-json\/wp\/v2\/users\/1"}],"replies":[{"embeddable":true,"href":"https:\/\/cyclosdesavaloirs.fr\/index.php\/wp-json\/wp\/v2\/comments?post=276"}],"version-history":[{"count":24,"href":"https:\/\/cyclosdesavaloirs.fr\/index.php\/wp-json\/wp\/v2\/pages\/276\/revisions"}],"predecessor-version":[{"id":3664,"href":"https:\/\/cyclosdesavaloirs.fr\/index.php\/wp-json\/wp\/v2\/pages\/276\/revisions\/3664"}],"wp:attachment":[{"href":"https:\/\/cyclosdesavaloirs.fr\/index.php\/wp-json\/wp\/v2\/media?parent=276"}],"curies":[{"name":"wp","href":"https:\/\/api.w.org\/{rel}","templated":true}]}}