{"id":280,"date":"2022-06-05T08:51:16","date_gmt":"2022-06-05T06:51:16","guid":{"rendered":"https:\/\/cyclosdesavaloirs.fr\/?page_id=280"},"modified":"2022-07-01T07:54:34","modified_gmt":"2022-07-01T05:54:34","slug":"une-section-de-lintrepide","status":"publish","type":"page","link":"https:\/\/cyclosdesavaloirs.fr\/index.php\/une-section-de-lintrepide\/","title":{"rendered":"Une section de l&#8217;Intr\u00e9pide"},"content":{"rendered":"<div class=\"wp-block-image is-style-default\">\n<figure class=\"aligncenter size-full\"><img loading=\"lazy\" decoding=\"async\" width=\"630\" height=\"354\" src=\"https:\/\/cyclosdesavaloirs.fr\/wp-content\/uploads\/2022\/06\/MjAxNzA5MGExNmY0NmM2NjNmNTc2NzMyMzI2ZGE3OGFiNDVkMjQ.jpg\" alt=\"\" class=\"wp-image-413\" srcset=\"https:\/\/cyclosdesavaloirs.fr\/wp-content\/uploads\/2022\/06\/MjAxNzA5MGExNmY0NmM2NjNmNTc2NzMyMzI2ZGE3OGFiNDVkMjQ.jpg 630w, https:\/\/cyclosdesavaloirs.fr\/wp-content\/uploads\/2022\/06\/MjAxNzA5MGExNmY0NmM2NjNmNTc2NzMyMzI2ZGE3OGFiNDVkMjQ-300x169.jpg 300w\" sizes=\"auto, (max-width: 630px) 100vw, 630px\" \/><figcaption>Photo souvenir des 90 ans de l&#8217;Intr\u00e9pide (sept 2017)<\/figcaption><\/figure>\n<\/div>\n\n\n<p class=\"has-text-align-left\">Affili\u00e9 \u00e0 la F\u00e9d\u00e9ration Fran\u00e7aise de Cyclotourisme, Le club des Cyclos des Avaloirs est une section de l&#8217;Intr\u00e9pide de Pr\u00e9-en-Pail.<\/p>\n\n\n\n<p class=\"has-text-align-left\">Cr\u00e9\u00e9 en 1927, sous l&#8217;impulsion de l&#8217;abb\u00e9 Rousseau et de Didier Fortin, membres actifs de la vie paroissiale pr\u00e9zienne, le &#8220;Patro&#8221; de l&#8217;Intr\u00e9pide se veut, \u00e0 son origine, un lieu d&#8217;\u00e9ducation chr\u00e9tienne par le jeu, le sport et les activit\u00e9s culturelles : pr\u00e9paration militaire, gymnastique, musique, th\u00e9\u00e2tre ,cross, athl\u00e9tisme, football, tennis de table, GRS, cyclotourisme&#8230;  Diverses sections voient le jour au fil du temps et participent au rayonnement du club et de sa commune dans et au-del\u00e0 de la r\u00e9gion des Pays de la Loire.<\/p>\n\n\n\n<p class=\"has-text-align-left\">La salle de l&#8217;Intr\u00e9pide, rue Aristide Briand, devient un lieu incontournable du club puis du monde associatif pr\u00e9zien. Vou\u00e9e tour \u00e0 tour au cin\u00e9ma, th\u00e9\u00e2tre, bal disco, kermesse, cantine, repas associatif, elle s&#8217;est transform\u00e9e progressivement pour r\u00e9pondre aux besoins et aux normes du moment jusqu&#8217;\u00e0 devenir, aujourd&#8217;hui, une salle municipale.<\/p>\n","protected":false},"excerpt":{"rendered":"<p>Affili\u00e9 \u00e0 la F\u00e9d\u00e9ration Fran\u00e7aise de Cyclotourisme, Le club des Cyclos des Avaloirs est une section de l&#8217;Intr\u00e9pide de Pr\u00e9-en-Pail. Cr\u00e9\u00e9 en 1927, sous l&#8217;impulsion<\/p>\n","protected":false},"author":1,"featured_media":0,"parent":0,"menu_order":0,"comment_status":"closed","ping_status":"closed","template":"templates\/template-no-sidebar.php","meta":{"footnotes":""},"class_list":["post-280","page","type-page","status-publish","hentry","comments-off"],"yoast_head":"<!-- This site is optimized with the Yoast SEO plugin v27.4 - https:\/\/yoast.com\/product\/yoast-seo-wordpress\/ -->\n<title>Une section de l&#039;Intr\u00e9pide - CYCLOS DES AVALOIRS<\/title>\n<meta name=\"robots\" content=\"index, follow, max-snippet:-1, max-image-preview:large, max-video-preview:-1\" \/>\n<link rel=\"canonical\" href=\"https:\/\/cyclosdesavaloirs.fr\/index.php\/une-section-de-lintrepide\/\" \/>\n<meta property=\"og:locale\" content=\"en_US\" \/>\n<meta property=\"og:type\" content=\"article\" \/>\n<meta property=\"og:title\" content=\"Une section de l&#039;Intr\u00e9pide - CYCLOS DES AVALOIRS\" \/>\n<meta property=\"og:description\" content=\"Affili\u00e9 \u00e0 la F\u00e9d\u00e9ration Fran\u00e7aise de Cyclotourisme, Le club des Cyclos des Avaloirs est une section de l&#8217;Intr\u00e9pide de Pr\u00e9-en-Pail. Cr\u00e9\u00e9 en 1927, sous l&#8217;impulsion\" \/>\n<meta property=\"og:url\" content=\"https:\/\/cyclosdesavaloirs.fr\/index.php\/une-section-de-lintrepide\/\" \/>\n<meta property=\"og:site_name\" content=\"CYCLOS DES AVALOIRS\" \/>\n<meta property=\"article:publisher\" content=\"https:\/\/www.facebook.com\/Cyclos-des-Avaloirs-108867535260146\" \/>\n<meta property=\"article:modified_time\" content=\"2022-07-01T05:54:34+00:00\" \/>\n<meta property=\"og:image\" content=\"http:\/\/cyclosdesavaloirs.fr\/wp-content\/uploads\/2022\/06\/MjAxNzA5MGExNmY0NmM2NjNmNTc2NzMyMzI2ZGE3OGFiNDVkMjQ.jpg\" \/>\n<meta name=\"twitter:card\" content=\"summary_large_image\" \/>\n<meta name=\"twitter:label1\" content=\"Est. reading time\" \/>\n\t<meta name=\"twitter:data1\" content=\"1 minute\" \/>\n<script type=\"application\/ld+json\" class=\"yoast-schema-graph\">{\"@context\":\"https:\\\/\\\/schema.org\",\"@graph\":[{\"@type\":\"WebPage\",\"@id\":\"https:\\\/\\\/cyclosdesavaloirs.fr\\\/index.php\\\/une-section-de-lintrepide\\\/\",\"url\":\"https:\\\/\\\/cyclosdesavaloirs.fr\\\/index.php\\\/une-section-de-lintrepide\\\/\",\"name\":\"Une section de l'Intr\u00e9pide - CYCLOS DES AVALOIRS\",\"isPartOf\":{\"@id\":\"https:\\\/\\\/cyclosdesavaloirs.fr\\\/#website\"},\"primaryImageOfPage\":{\"@id\":\"https:\\\/\\\/cyclosdesavaloirs.fr\\\/index.php\\\/une-section-de-lintrepide\\\/#primaryimage\"},\"image\":{\"@id\":\"https:\\\/\\\/cyclosdesavaloirs.fr\\\/index.php\\\/une-section-de-lintrepide\\\/#primaryimage\"},\"thumbnailUrl\":\"http:\\\/\\\/cyclosdesavaloirs.fr\\\/wp-content\\\/uploads\\\/2022\\\/06\\\/MjAxNzA5MGExNmY0NmM2NjNmNTc2NzMyMzI2ZGE3OGFiNDVkMjQ.jpg\",\"datePublished\":\"2022-06-05T06:51:16+00:00\",\"dateModified\":\"2022-07-01T05:54:34+00:00\",\"breadcrumb\":{\"@id\":\"https:\\\/\\\/cyclosdesavaloirs.fr\\\/index.php\\\/une-section-de-lintrepide\\\/#breadcrumb\"},\"inLanguage\":\"en-US\",\"potentialAction\":[{\"@type\":\"ReadAction\",\"target\":[\"https:\\\/\\\/cyclosdesavaloirs.fr\\\/index.php\\\/une-section-de-lintrepide\\\/\"]}]},{\"@type\":\"ImageObject\",\"inLanguage\":\"en-US\",\"@id\":\"https:\\\/\\\/cyclosdesavaloirs.fr\\\/index.php\\\/une-section-de-lintrepide\\\/#primaryimage\",\"url\":\"https:\\\/\\\/cyclosdesavaloirs.fr\\\/wp-content\\\/uploads\\\/2022\\\/06\\\/MjAxNzA5MGExNmY0NmM2NjNmNTc2NzMyMzI2ZGE3OGFiNDVkMjQ.jpg\",\"contentUrl\":\"https:\\\/\\\/cyclosdesavaloirs.fr\\\/wp-content\\\/uploads\\\/2022\\\/06\\\/MjAxNzA5MGExNmY0NmM2NjNmNTc2NzMyMzI2ZGE3OGFiNDVkMjQ.jpg\",\"width\":630,\"height\":354,\"caption\":\"Photo souvenir des 90 ans de l'Intr\u00e9pide (sept 2017)\"},{\"@type\":\"BreadcrumbList\",\"@id\":\"https:\\\/\\\/cyclosdesavaloirs.fr\\\/index.php\\\/une-section-de-lintrepide\\\/#breadcrumb\",\"itemListElement\":[{\"@type\":\"ListItem\",\"position\":1,\"name\":\"Accueil\",\"item\":\"https:\\\/\\\/cyclosdesavaloirs.fr\\\/\"},{\"@type\":\"ListItem\",\"position\":2,\"name\":\"Une section de l&#8217;Intr\u00e9pide\"}]},{\"@type\":\"WebSite\",\"@id\":\"https:\\\/\\\/cyclosdesavaloirs.fr\\\/#website\",\"url\":\"https:\\\/\\\/cyclosdesavaloirs.fr\\\/\",\"name\":\"CYCLOS DES AVALOIRS\",\"description\":\"A v\u00e9lo, tout est plus beau et \u00e0 plusieurs, c&#039;est encore meilleur !\",\"publisher\":{\"@id\":\"https:\\\/\\\/cyclosdesavaloirs.fr\\\/#organization\"},\"potentialAction\":[{\"@type\":\"SearchAction\",\"target\":{\"@type\":\"EntryPoint\",\"urlTemplate\":\"https:\\\/\\\/cyclosdesavaloirs.fr\\\/?s={search_term_string}\"},\"query-input\":{\"@type\":\"PropertyValueSpecification\",\"valueRequired\":true,\"valueName\":\"search_term_string\"}}],\"inLanguage\":\"en-US\"},{\"@type\":\"Organization\",\"@id\":\"https:\\\/\\\/cyclosdesavaloirs.fr\\\/#organization\",\"name\":\"CYCLOS DES AVALOIRS\",\"url\":\"https:\\\/\\\/cyclosdesavaloirs.fr\\\/\",\"logo\":{\"@type\":\"ImageObject\",\"inLanguage\":\"en-US\",\"@id\":\"https:\\\/\\\/cyclosdesavaloirs.fr\\\/#\\\/schema\\\/logo\\\/image\\\/\",\"url\":\"https:\\\/\\\/cyclosdesavaloirs.fr\\\/wp-content\\\/uploads\\\/2022\\\/06\\\/cropped-cropped-cropped-cropped-LOGO_CYLCOS-1.png\",\"contentUrl\":\"https:\\\/\\\/cyclosdesavaloirs.fr\\\/wp-content\\\/uploads\\\/2022\\\/06\\\/cropped-cropped-cropped-cropped-LOGO_CYLCOS-1.png\",\"width\":240,\"height\":240,\"caption\":\"CYCLOS DES AVALOIRS\"},\"image\":{\"@id\":\"https:\\\/\\\/cyclosdesavaloirs.fr\\\/#\\\/schema\\\/logo\\\/image\\\/\"},\"sameAs\":[\"https:\\\/\\\/www.facebook.com\\\/Cyclos-des-Avaloirs-108867535260146\"]}]}<\/script>\n<!-- \/ Yoast SEO plugin. -->","yoast_head_json":{"title":"Une section de l'Intr\u00e9pide - CYCLOS DES AVALOIRS","robots":{"index":"index","follow":"follow","max-snippet":"max-snippet:-1","max-image-preview":"max-image-preview:large","max-video-preview":"max-video-preview:-1"},"canonical":"https:\/\/cyclosdesavaloirs.fr\/index.php\/une-section-de-lintrepide\/","og_locale":"en_US","og_type":"article","og_title":"Une section de l'Intr\u00e9pide - CYCLOS DES AVALOIRS","og_description":"Affili\u00e9 \u00e0 la F\u00e9d\u00e9ration Fran\u00e7aise de Cyclotourisme, Le club des Cyclos des Avaloirs est une section de l&#8217;Intr\u00e9pide de Pr\u00e9-en-Pail. Cr\u00e9\u00e9 en 1927, sous l&#8217;impulsion","og_url":"https:\/\/cyclosdesavaloirs.fr\/index.php\/une-section-de-lintrepide\/","og_site_name":"CYCLOS DES AVALOIRS","article_publisher":"https:\/\/www.facebook.com\/Cyclos-des-Avaloirs-108867535260146","article_modified_time":"2022-07-01T05:54:34+00:00","og_image":[{"url":"http:\/\/cyclosdesavaloirs.fr\/wp-content\/uploads\/2022\/06\/MjAxNzA5MGExNmY0NmM2NjNmNTc2NzMyMzI2ZGE3OGFiNDVkMjQ.jpg","type":"","width":"","height":""}],"twitter_card":"summary_large_image","twitter_misc":{"Est. reading time":"1 minute"},"schema":{"@context":"https:\/\/schema.org","@graph":[{"@type":"WebPage","@id":"https:\/\/cyclosdesavaloirs.fr\/index.php\/une-section-de-lintrepide\/","url":"https:\/\/cyclosdesavaloirs.fr\/index.php\/une-section-de-lintrepide\/","name":"Une section de l'Intr\u00e9pide - CYCLOS DES AVALOIRS","isPartOf":{"@id":"https:\/\/cyclosdesavaloirs.fr\/#website"},"primaryImageOfPage":{"@id":"https:\/\/cyclosdesavaloirs.fr\/index.php\/une-section-de-lintrepide\/#primaryimage"},"image":{"@id":"https:\/\/cyclosdesavaloirs.fr\/index.php\/une-section-de-lintrepide\/#primaryimage"},"thumbnailUrl":"http:\/\/cyclosdesavaloirs.fr\/wp-content\/uploads\/2022\/06\/MjAxNzA5MGExNmY0NmM2NjNmNTc2NzMyMzI2ZGE3OGFiNDVkMjQ.jpg","datePublished":"2022-06-05T06:51:16+00:00","dateModified":"2022-07-01T05:54:34+00:00","breadcrumb":{"@id":"https:\/\/cyclosdesavaloirs.fr\/index.php\/une-section-de-lintrepide\/#breadcrumb"},"inLanguage":"en-US","potentialAction":[{"@type":"ReadAction","target":["https:\/\/cyclosdesavaloirs.fr\/index.php\/une-section-de-lintrepide\/"]}]},{"@type":"ImageObject","inLanguage":"en-US","@id":"https:\/\/cyclosdesavaloirs.fr\/index.php\/une-section-de-lintrepide\/#primaryimage","url":"https:\/\/cyclosdesavaloirs.fr\/wp-content\/uploads\/2022\/06\/MjAxNzA5MGExNmY0NmM2NjNmNTc2NzMyMzI2ZGE3OGFiNDVkMjQ.jpg","contentUrl":"https:\/\/cyclosdesavaloirs.fr\/wp-content\/uploads\/2022\/06\/MjAxNzA5MGExNmY0NmM2NjNmNTc2NzMyMzI2ZGE3OGFiNDVkMjQ.jpg","width":630,"height":354,"caption":"Photo souvenir des 90 ans de l'Intr\u00e9pide (sept 2017)"},{"@type":"BreadcrumbList","@id":"https:\/\/cyclosdesavaloirs.fr\/index.php\/une-section-de-lintrepide\/#breadcrumb","itemListElement":[{"@type":"ListItem","position":1,"name":"Accueil","item":"https:\/\/cyclosdesavaloirs.fr\/"},{"@type":"ListItem","position":2,"name":"Une section de l&#8217;Intr\u00e9pide"}]},{"@type":"WebSite","@id":"https:\/\/cyclosdesavaloirs.fr\/#website","url":"https:\/\/cyclosdesavaloirs.fr\/","name":"CYCLOS DES AVALOIRS","description":"A v\u00e9lo, tout est plus beau et \u00e0 plusieurs, c&#039;est encore meilleur !","publisher":{"@id":"https:\/\/cyclosdesavaloirs.fr\/#organization"},"potentialAction":[{"@type":"SearchAction","target":{"@type":"EntryPoint","urlTemplate":"https:\/\/cyclosdesavaloirs.fr\/?s={search_term_string}"},"query-input":{"@type":"PropertyValueSpecification","valueRequired":true,"valueName":"search_term_string"}}],"inLanguage":"en-US"},{"@type":"Organization","@id":"https:\/\/cyclosdesavaloirs.fr\/#organization","name":"CYCLOS DES AVALOIRS","url":"https:\/\/cyclosdesavaloirs.fr\/","logo":{"@type":"ImageObject","inLanguage":"en-US","@id":"https:\/\/cyclosdesavaloirs.fr\/#\/schema\/logo\/image\/","url":"https:\/\/cyclosdesavaloirs.fr\/wp-content\/uploads\/2022\/06\/cropped-cropped-cropped-cropped-LOGO_CYLCOS-1.png","contentUrl":"https:\/\/cyclosdesavaloirs.fr\/wp-content\/uploads\/2022\/06\/cropped-cropped-cropped-cropped-LOGO_CYLCOS-1.png","width":240,"height":240,"caption":"CYCLOS DES AVALOIRS"},"image":{"@id":"https:\/\/cyclosdesavaloirs.fr\/#\/schema\/logo\/image\/"},"sameAs":["https:\/\/www.facebook.com\/Cyclos-des-Avaloirs-108867535260146"]}]}},"_links":{"self":[{"href":"https:\/\/cyclosdesavaloirs.fr\/index.php\/wp-json\/wp\/v2\/pages\/280","targetHints":{"allow":["GET"]}}],"collection":[{"href":"https:\/\/cyclosdesavaloirs.fr\/index.php\/wp-json\/wp\/v2\/pages"}],"about":[{"href":"https:\/\/cyclosdesavaloirs.fr\/index.php\/wp-json\/wp\/v2\/types\/page"}],"author":[{"embeddable":true,"href":"https:\/\/cyclosdesavaloirs.fr\/index.php\/wp-json\/wp\/v2\/users\/1"}],"replies":[{"embeddable":true,"href":"https:\/\/cyclosdesavaloirs.fr\/index.php\/wp-json\/wp\/v2\/comments?post=280"}],"version-history":[{"count":8,"href":"https:\/\/cyclosdesavaloirs.fr\/index.php\/wp-json\/wp\/v2\/pages\/280\/revisions"}],"predecessor-version":[{"id":776,"href":"https:\/\/cyclosdesavaloirs.fr\/index.php\/wp-json\/wp\/v2\/pages\/280\/revisions\/776"}],"wp:attachment":[{"href":"https:\/\/cyclosdesavaloirs.fr\/index.php\/wp-json\/wp\/v2\/media?parent=280"}],"curies":[{"name":"wp","href":"https:\/\/api.w.org\/{rel}","templated":true}]}}