{"id":4098,"date":"2025-06-13T20:24:35","date_gmt":"2025-06-13T18:24:35","guid":{"rendered":"https:\/\/cyclosdesavaloirs.fr\/?page_id=4098"},"modified":"2025-06-13T20:27:28","modified_gmt":"2025-06-13T18:27:28","slug":"jour-1-les-cp-ce1-entrent-en-scene-2","status":"publish","type":"page","link":"https:\/\/cyclosdesavaloirs.fr\/index.php\/jour-1-les-cp-ce1-entrent-en-scene-2\/","title":{"rendered":"Jour 1 : Les CP-CE1 entrent en sc\u00e8ne"},"content":{"rendered":"\n<p>Mardi 10 juin 2025, 13h30.&nbsp;<strong>\u201cLes enfants, mettez vos casques, prenez vos v\u00e9los et allez rejoindre les cyclos\u201d<\/strong><\/p>\n\n\n<div class=\"wp-block-image is-style-rounded\">\n<figure class=\"aligncenter\"><img loading=\"lazy\" decoding=\"async\" width=\"1024\" height=\"768\" src=\"https:\/\/cyclosdesavaloirs.fr\/wp-content\/uploads\/2025\/06\/IMG_1972-1024x768.jpeg\" alt=\"\" class=\"wp-image-4069\" srcset=\"https:\/\/cyclosdesavaloirs.fr\/wp-content\/uploads\/2025\/06\/IMG_1972-1024x768.jpeg 1024w, https:\/\/cyclosdesavaloirs.fr\/wp-content\/uploads\/2025\/06\/IMG_1972-300x225.jpeg 300w, https:\/\/cyclosdesavaloirs.fr\/wp-content\/uploads\/2025\/06\/IMG_1972-768x576.jpeg 768w, https:\/\/cyclosdesavaloirs.fr\/wp-content\/uploads\/2025\/06\/IMG_1972-1536x1152.jpeg 1536w, https:\/\/cyclosdesavaloirs.fr\/wp-content\/uploads\/2025\/06\/IMG_1972-2048x1536.jpeg 2048w, https:\/\/cyclosdesavaloirs.fr\/wp-content\/uploads\/2025\/06\/IMG_1972-600x450.jpeg 600w\" sizes=\"auto, (max-width: 1024px) 100vw, 1024px\" \/><\/figure>\n<\/div>\n\n\n<p>Au menu de l\u2019apr\u00e8s-midi des 17 CP-CE1, d\u00e9couverte des diff\u00e9rents organes d\u2019un v\u00e9lo, v\u00e9rification des \u00e9l\u00e9ments de s\u00e9curit\u00e9, mise en mouvement et apprentissages diff\u00e9renci\u00e9s de la maitrise de l\u2019engin\u2026<\/p>\n\n\n<div class=\"wp-block-image is-style-rounded\">\n<figure class=\"aligncenter\"><img loading=\"lazy\" decoding=\"async\" width=\"768\" height=\"1024\" src=\"https:\/\/cyclosdesavaloirs.fr\/wp-content\/uploads\/2025\/06\/IMG_1989-768x1024.jpeg\" alt=\"\" class=\"wp-image-4077\" srcset=\"https:\/\/cyclosdesavaloirs.fr\/wp-content\/uploads\/2025\/06\/IMG_1989-768x1024.jpeg 768w, https:\/\/cyclosdesavaloirs.fr\/wp-content\/uploads\/2025\/06\/IMG_1989-225x300.jpeg 225w, https:\/\/cyclosdesavaloirs.fr\/wp-content\/uploads\/2025\/06\/IMG_1989-1152x1536.jpeg 1152w, https:\/\/cyclosdesavaloirs.fr\/wp-content\/uploads\/2025\/06\/IMG_1989-1536x2048.jpeg 1536w, https:\/\/cyclosdesavaloirs.fr\/wp-content\/uploads\/2025\/06\/IMG_1989-scaled.jpeg 1920w\" sizes=\"auto, (max-width: 768px) 100vw, 768px\" \/><\/figure>\n<\/div>\n\n\n<p>Les uns, avec Sylvain, se confrontent aux obstacles du jour : slalom, \u00e9pingle, couloir, portique\u2026 Les autres, guid\u00e9s par Alain, apprennent \u00e0 rouler ensemble : croisements, file indienne, observation en mouvement, maitrise du freinage et de l\u2019arr\u00eat\u2026<\/p>\n\n\n<div class=\"wp-block-image is-style-rounded\">\n<figure class=\"aligncenter\"><img loading=\"lazy\" decoding=\"async\" width=\"1024\" height=\"768\" src=\"https:\/\/cyclosdesavaloirs.fr\/wp-content\/uploads\/2025\/06\/IMG_1976-1024x768.jpeg\" alt=\"\" class=\"wp-image-4071\" srcset=\"https:\/\/cyclosdesavaloirs.fr\/wp-content\/uploads\/2025\/06\/IMG_1976-1024x768.jpeg 1024w, https:\/\/cyclosdesavaloirs.fr\/wp-content\/uploads\/2025\/06\/IMG_1976-300x225.jpeg 300w, https:\/\/cyclosdesavaloirs.fr\/wp-content\/uploads\/2025\/06\/IMG_1976-768x576.jpeg 768w, https:\/\/cyclosdesavaloirs.fr\/wp-content\/uploads\/2025\/06\/IMG_1976-1536x1152.jpeg 1536w, https:\/\/cyclosdesavaloirs.fr\/wp-content\/uploads\/2025\/06\/IMG_1976-2048x1536.jpeg 2048w, https:\/\/cyclosdesavaloirs.fr\/wp-content\/uploads\/2025\/06\/IMG_1976-600x450.jpeg 600w\" sizes=\"auto, (max-width: 1024px) 100vw, 1024px\" \/><\/figure>\n<\/div>\n\n\n<p>Magie du jour : deux jeunes \u00e9l\u00e8ves confi\u00e9s \u00e0 Dany et Didier, parviennent \u00e0 transformer, petit \u00e0 petit, leur engin incontr\u00f4lable en un formidable instrument de libert\u00e9 et d\u2019autonomie.<\/p>\n\n\n<div class=\"wp-block-image is-style-rounded\">\n<figure class=\"aligncenter\"><img loading=\"lazy\" decoding=\"async\" width=\"768\" height=\"1024\" src=\"https:\/\/cyclosdesavaloirs.fr\/wp-content\/uploads\/2025\/06\/IMG_1991-768x1024.jpeg\" alt=\"\" class=\"wp-image-4073\" srcset=\"https:\/\/cyclosdesavaloirs.fr\/wp-content\/uploads\/2025\/06\/IMG_1991-768x1024.jpeg 768w, https:\/\/cyclosdesavaloirs.fr\/wp-content\/uploads\/2025\/06\/IMG_1991-225x300.jpeg 225w, https:\/\/cyclosdesavaloirs.fr\/wp-content\/uploads\/2025\/06\/IMG_1991-1152x1536.jpeg 1152w, https:\/\/cyclosdesavaloirs.fr\/wp-content\/uploads\/2025\/06\/IMG_1991-1536x2048.jpeg 1536w, https:\/\/cyclosdesavaloirs.fr\/wp-content\/uploads\/2025\/06\/IMG_1991-scaled.jpeg 1920w\" sizes=\"auto, (max-width: 768px) 100vw, 768px\" \/><\/figure>\n<\/div>\n\n\n<p>Quand vient le moment de ramener les v\u00e9los au parking, les visages radieux, rougis par le soleil et les efforts, en disent long sur l\u2019investissement et l\u2019application de nos apprentis rouleurs au cours de ce premier apr\u00e8s-midi \u201cd\u00e9couverte\u201d bien rempli.<\/p>\n\n\n<div class=\"wp-block-image is-style-rounded\">\n<figure class=\"aligncenter\"><img loading=\"lazy\" decoding=\"async\" width=\"1024\" height=\"768\" src=\"https:\/\/cyclosdesavaloirs.fr\/wp-content\/uploads\/2025\/06\/IMG_2001-1024x768.jpeg\" alt=\"\" class=\"wp-image-4074\" srcset=\"https:\/\/cyclosdesavaloirs.fr\/wp-content\/uploads\/2025\/06\/IMG_2001-1024x768.jpeg 1024w, https:\/\/cyclosdesavaloirs.fr\/wp-content\/uploads\/2025\/06\/IMG_2001-300x225.jpeg 300w, https:\/\/cyclosdesavaloirs.fr\/wp-content\/uploads\/2025\/06\/IMG_2001-768x576.jpeg 768w, https:\/\/cyclosdesavaloirs.fr\/wp-content\/uploads\/2025\/06\/IMG_2001-1536x1152.jpeg 1536w, https:\/\/cyclosdesavaloirs.fr\/wp-content\/uploads\/2025\/06\/IMG_2001-2048x1536.jpeg 2048w, https:\/\/cyclosdesavaloirs.fr\/wp-content\/uploads\/2025\/06\/IMG_2001-600x450.jpeg 600w\" sizes=\"auto, (max-width: 1024px) 100vw, 1024px\" \/><\/figure>\n<\/div>","protected":false},"excerpt":{"rendered":"<p>Mardi 10 juin 2025, 13h30.&nbsp;\u201cLes enfants, mettez vos casques, prenez vos v\u00e9los et allez rejoindre les cyclos\u201d Au menu de l\u2019apr\u00e8s-midi des 17 CP-CE1, d\u00e9couverte<\/p>\n","protected":false},"author":1,"featured_media":0,"parent":0,"menu_order":0,"comment_status":"closed","ping_status":"closed","template":"","meta":{"footnotes":""},"class_list":["post-4098","page","type-page","status-publish","hentry","comments-off"],"yoast_head":"<!-- This site is optimized with the Yoast SEO plugin v27.4 - https:\/\/yoast.com\/product\/yoast-seo-wordpress\/ -->\n<title>Jour 1 : Les CP-CE1 entrent en sc\u00e8ne - CYCLOS DES AVALOIRS<\/title>\n<meta name=\"robots\" content=\"index, follow, max-snippet:-1, max-image-preview:large, max-video-preview:-1\" \/>\n<link rel=\"canonical\" href=\"https:\/\/cyclosdesavaloirs.fr\/index.php\/jour-1-les-cp-ce1-entrent-en-scene-2\/\" \/>\n<meta property=\"og:locale\" content=\"en_US\" \/>\n<meta property=\"og:type\" content=\"article\" \/>\n<meta property=\"og:title\" content=\"Jour 1 : Les CP-CE1 entrent en sc\u00e8ne - CYCLOS DES AVALOIRS\" \/>\n<meta property=\"og:description\" content=\"Mardi 10 juin 2025, 13h30.&nbsp;\u201cLes enfants, mettez vos casques, prenez vos v\u00e9los et allez rejoindre les cyclos\u201d Au menu de l\u2019apr\u00e8s-midi des 17 CP-CE1, d\u00e9couverte\" \/>\n<meta property=\"og:url\" content=\"https:\/\/cyclosdesavaloirs.fr\/index.php\/jour-1-les-cp-ce1-entrent-en-scene-2\/\" \/>\n<meta property=\"og:site_name\" content=\"CYCLOS DES AVALOIRS\" \/>\n<meta property=\"article:publisher\" content=\"https:\/\/www.facebook.com\/Cyclos-des-Avaloirs-108867535260146\" \/>\n<meta property=\"article:modified_time\" content=\"2025-06-13T18:27:28+00:00\" \/>\n<meta property=\"og:image\" content=\"https:\/\/cyclosdesavaloirs.fr\/wp-content\/uploads\/2025\/06\/IMG_1972-1024x768.jpeg\" \/>\n<meta name=\"twitter:card\" content=\"summary_large_image\" \/>\n<meta name=\"twitter:label1\" content=\"Est. reading time\" \/>\n\t<meta name=\"twitter:data1\" content=\"2 minutes\" \/>\n<script type=\"application\/ld+json\" class=\"yoast-schema-graph\">{\"@context\":\"https:\\\/\\\/schema.org\",\"@graph\":[{\"@type\":\"WebPage\",\"@id\":\"https:\\\/\\\/cyclosdesavaloirs.fr\\\/index.php\\\/jour-1-les-cp-ce1-entrent-en-scene-2\\\/\",\"url\":\"https:\\\/\\\/cyclosdesavaloirs.fr\\\/index.php\\\/jour-1-les-cp-ce1-entrent-en-scene-2\\\/\",\"name\":\"Jour 1 : Les CP-CE1 entrent en sc\u00e8ne - CYCLOS DES AVALOIRS\",\"isPartOf\":{\"@id\":\"https:\\\/\\\/cyclosdesavaloirs.fr\\\/#website\"},\"primaryImageOfPage\":{\"@id\":\"https:\\\/\\\/cyclosdesavaloirs.fr\\\/index.php\\\/jour-1-les-cp-ce1-entrent-en-scene-2\\\/#primaryimage\"},\"image\":{\"@id\":\"https:\\\/\\\/cyclosdesavaloirs.fr\\\/index.php\\\/jour-1-les-cp-ce1-entrent-en-scene-2\\\/#primaryimage\"},\"thumbnailUrl\":\"https:\\\/\\\/cyclosdesavaloirs.fr\\\/wp-content\\\/uploads\\\/2025\\\/06\\\/IMG_1972-1024x768.jpeg\",\"datePublished\":\"2025-06-13T18:24:35+00:00\",\"dateModified\":\"2025-06-13T18:27:28+00:00\",\"breadcrumb\":{\"@id\":\"https:\\\/\\\/cyclosdesavaloirs.fr\\\/index.php\\\/jour-1-les-cp-ce1-entrent-en-scene-2\\\/#breadcrumb\"},\"inLanguage\":\"en-US\",\"potentialAction\":[{\"@type\":\"ReadAction\",\"target\":[\"https:\\\/\\\/cyclosdesavaloirs.fr\\\/index.php\\\/jour-1-les-cp-ce1-entrent-en-scene-2\\\/\"]}]},{\"@type\":\"ImageObject\",\"inLanguage\":\"en-US\",\"@id\":\"https:\\\/\\\/cyclosdesavaloirs.fr\\\/index.php\\\/jour-1-les-cp-ce1-entrent-en-scene-2\\\/#primaryimage\",\"url\":\"https:\\\/\\\/cyclosdesavaloirs.fr\\\/wp-content\\\/uploads\\\/2025\\\/06\\\/IMG_1972-scaled.jpeg\",\"contentUrl\":\"https:\\\/\\\/cyclosdesavaloirs.fr\\\/wp-content\\\/uploads\\\/2025\\\/06\\\/IMG_1972-scaled.jpeg\",\"width\":2560,\"height\":1920},{\"@type\":\"BreadcrumbList\",\"@id\":\"https:\\\/\\\/cyclosdesavaloirs.fr\\\/index.php\\\/jour-1-les-cp-ce1-entrent-en-scene-2\\\/#breadcrumb\",\"itemListElement\":[{\"@type\":\"ListItem\",\"position\":1,\"name\":\"Accueil\",\"item\":\"https:\\\/\\\/cyclosdesavaloirs.fr\\\/\"},{\"@type\":\"ListItem\",\"position\":2,\"name\":\"Jour 1 : Les CP-CE1 entrent en sc\u00e8ne\"}]},{\"@type\":\"WebSite\",\"@id\":\"https:\\\/\\\/cyclosdesavaloirs.fr\\\/#website\",\"url\":\"https:\\\/\\\/cyclosdesavaloirs.fr\\\/\",\"name\":\"CYCLOS DES AVALOIRS\",\"description\":\"A v\u00e9lo, tout est plus beau et \u00e0 plusieurs, c&#039;est encore meilleur !\",\"publisher\":{\"@id\":\"https:\\\/\\\/cyclosdesavaloirs.fr\\\/#organization\"},\"potentialAction\":[{\"@type\":\"SearchAction\",\"target\":{\"@type\":\"EntryPoint\",\"urlTemplate\":\"https:\\\/\\\/cyclosdesavaloirs.fr\\\/?s={search_term_string}\"},\"query-input\":{\"@type\":\"PropertyValueSpecification\",\"valueRequired\":true,\"valueName\":\"search_term_string\"}}],\"inLanguage\":\"en-US\"},{\"@type\":\"Organization\",\"@id\":\"https:\\\/\\\/cyclosdesavaloirs.fr\\\/#organization\",\"name\":\"CYCLOS DES AVALOIRS\",\"url\":\"https:\\\/\\\/cyclosdesavaloirs.fr\\\/\",\"logo\":{\"@type\":\"ImageObject\",\"inLanguage\":\"en-US\",\"@id\":\"https:\\\/\\\/cyclosdesavaloirs.fr\\\/#\\\/schema\\\/logo\\\/image\\\/\",\"url\":\"https:\\\/\\\/cyclosdesavaloirs.fr\\\/wp-content\\\/uploads\\\/2022\\\/06\\\/cropped-cropped-cropped-cropped-LOGO_CYLCOS-1.png\",\"contentUrl\":\"https:\\\/\\\/cyclosdesavaloirs.fr\\\/wp-content\\\/uploads\\\/2022\\\/06\\\/cropped-cropped-cropped-cropped-LOGO_CYLCOS-1.png\",\"width\":240,\"height\":240,\"caption\":\"CYCLOS DES AVALOIRS\"},\"image\":{\"@id\":\"https:\\\/\\\/cyclosdesavaloirs.fr\\\/#\\\/schema\\\/logo\\\/image\\\/\"},\"sameAs\":[\"https:\\\/\\\/www.facebook.com\\\/Cyclos-des-Avaloirs-108867535260146\"]}]}<\/script>\n<!-- \/ Yoast SEO plugin. -->","yoast_head_json":{"title":"Jour 1 : Les CP-CE1 entrent en sc\u00e8ne - CYCLOS DES AVALOIRS","robots":{"index":"index","follow":"follow","max-snippet":"max-snippet:-1","max-image-preview":"max-image-preview:large","max-video-preview":"max-video-preview:-1"},"canonical":"https:\/\/cyclosdesavaloirs.fr\/index.php\/jour-1-les-cp-ce1-entrent-en-scene-2\/","og_locale":"en_US","og_type":"article","og_title":"Jour 1 : Les CP-CE1 entrent en sc\u00e8ne - CYCLOS DES AVALOIRS","og_description":"Mardi 10 juin 2025, 13h30.&nbsp;\u201cLes enfants, mettez vos casques, prenez vos v\u00e9los et allez rejoindre les cyclos\u201d Au menu de l\u2019apr\u00e8s-midi des 17 CP-CE1, d\u00e9couverte","og_url":"https:\/\/cyclosdesavaloirs.fr\/index.php\/jour-1-les-cp-ce1-entrent-en-scene-2\/","og_site_name":"CYCLOS DES AVALOIRS","article_publisher":"https:\/\/www.facebook.com\/Cyclos-des-Avaloirs-108867535260146","article_modified_time":"2025-06-13T18:27:28+00:00","og_image":[{"url":"https:\/\/cyclosdesavaloirs.fr\/wp-content\/uploads\/2025\/06\/IMG_1972-1024x768.jpeg","type":"","width":"","height":""}],"twitter_card":"summary_large_image","twitter_misc":{"Est. reading time":"2 minutes"},"schema":{"@context":"https:\/\/schema.org","@graph":[{"@type":"WebPage","@id":"https:\/\/cyclosdesavaloirs.fr\/index.php\/jour-1-les-cp-ce1-entrent-en-scene-2\/","url":"https:\/\/cyclosdesavaloirs.fr\/index.php\/jour-1-les-cp-ce1-entrent-en-scene-2\/","name":"Jour 1 : Les CP-CE1 entrent en sc\u00e8ne - CYCLOS DES AVALOIRS","isPartOf":{"@id":"https:\/\/cyclosdesavaloirs.fr\/#website"},"primaryImageOfPage":{"@id":"https:\/\/cyclosdesavaloirs.fr\/index.php\/jour-1-les-cp-ce1-entrent-en-scene-2\/#primaryimage"},"image":{"@id":"https:\/\/cyclosdesavaloirs.fr\/index.php\/jour-1-les-cp-ce1-entrent-en-scene-2\/#primaryimage"},"thumbnailUrl":"https:\/\/cyclosdesavaloirs.fr\/wp-content\/uploads\/2025\/06\/IMG_1972-1024x768.jpeg","datePublished":"2025-06-13T18:24:35+00:00","dateModified":"2025-06-13T18:27:28+00:00","breadcrumb":{"@id":"https:\/\/cyclosdesavaloirs.fr\/index.php\/jour-1-les-cp-ce1-entrent-en-scene-2\/#breadcrumb"},"inLanguage":"en-US","potentialAction":[{"@type":"ReadAction","target":["https:\/\/cyclosdesavaloirs.fr\/index.php\/jour-1-les-cp-ce1-entrent-en-scene-2\/"]}]},{"@type":"ImageObject","inLanguage":"en-US","@id":"https:\/\/cyclosdesavaloirs.fr\/index.php\/jour-1-les-cp-ce1-entrent-en-scene-2\/#primaryimage","url":"https:\/\/cyclosdesavaloirs.fr\/wp-content\/uploads\/2025\/06\/IMG_1972-scaled.jpeg","contentUrl":"https:\/\/cyclosdesavaloirs.fr\/wp-content\/uploads\/2025\/06\/IMG_1972-scaled.jpeg","width":2560,"height":1920},{"@type":"BreadcrumbList","@id":"https:\/\/cyclosdesavaloirs.fr\/index.php\/jour-1-les-cp-ce1-entrent-en-scene-2\/#breadcrumb","itemListElement":[{"@type":"ListItem","position":1,"name":"Accueil","item":"https:\/\/cyclosdesavaloirs.fr\/"},{"@type":"ListItem","position":2,"name":"Jour 1 : Les CP-CE1 entrent en sc\u00e8ne"}]},{"@type":"WebSite","@id":"https:\/\/cyclosdesavaloirs.fr\/#website","url":"https:\/\/cyclosdesavaloirs.fr\/","name":"CYCLOS DES AVALOIRS","description":"A v\u00e9lo, tout est plus beau et \u00e0 plusieurs, c&#039;est encore meilleur !","publisher":{"@id":"https:\/\/cyclosdesavaloirs.fr\/#organization"},"potentialAction":[{"@type":"SearchAction","target":{"@type":"EntryPoint","urlTemplate":"https:\/\/cyclosdesavaloirs.fr\/?s={search_term_string}"},"query-input":{"@type":"PropertyValueSpecification","valueRequired":true,"valueName":"search_term_string"}}],"inLanguage":"en-US"},{"@type":"Organization","@id":"https:\/\/cyclosdesavaloirs.fr\/#organization","name":"CYCLOS DES AVALOIRS","url":"https:\/\/cyclosdesavaloirs.fr\/","logo":{"@type":"ImageObject","inLanguage":"en-US","@id":"https:\/\/cyclosdesavaloirs.fr\/#\/schema\/logo\/image\/","url":"https:\/\/cyclosdesavaloirs.fr\/wp-content\/uploads\/2022\/06\/cropped-cropped-cropped-cropped-LOGO_CYLCOS-1.png","contentUrl":"https:\/\/cyclosdesavaloirs.fr\/wp-content\/uploads\/2022\/06\/cropped-cropped-cropped-cropped-LOGO_CYLCOS-1.png","width":240,"height":240,"caption":"CYCLOS DES AVALOIRS"},"image":{"@id":"https:\/\/cyclosdesavaloirs.fr\/#\/schema\/logo\/image\/"},"sameAs":["https:\/\/www.facebook.com\/Cyclos-des-Avaloirs-108867535260146"]}]}},"_links":{"self":[{"href":"https:\/\/cyclosdesavaloirs.fr\/index.php\/wp-json\/wp\/v2\/pages\/4098","targetHints":{"allow":["GET"]}}],"collection":[{"href":"https:\/\/cyclosdesavaloirs.fr\/index.php\/wp-json\/wp\/v2\/pages"}],"about":[{"href":"https:\/\/cyclosdesavaloirs.fr\/index.php\/wp-json\/wp\/v2\/types\/page"}],"author":[{"embeddable":true,"href":"https:\/\/cyclosdesavaloirs.fr\/index.php\/wp-json\/wp\/v2\/users\/1"}],"replies":[{"embeddable":true,"href":"https:\/\/cyclosdesavaloirs.fr\/index.php\/wp-json\/wp\/v2\/comments?post=4098"}],"version-history":[{"count":2,"href":"https:\/\/cyclosdesavaloirs.fr\/index.php\/wp-json\/wp\/v2\/pages\/4098\/revisions"}],"predecessor-version":[{"id":4103,"href":"https:\/\/cyclosdesavaloirs.fr\/index.php\/wp-json\/wp\/v2\/pages\/4098\/revisions\/4103"}],"wp:attachment":[{"href":"https:\/\/cyclosdesavaloirs.fr\/index.php\/wp-json\/wp\/v2\/media?parent=4098"}],"curies":[{"name":"wp","href":"https:\/\/api.w.org\/{rel}","templated":true}]}}