{"id":4134,"date":"2025-06-16T18:48:17","date_gmt":"2025-06-16T16:48:17","guid":{"rendered":"https:\/\/cyclosdesavaloirs.fr\/?page_id=4134"},"modified":"2025-06-16T19:20:09","modified_gmt":"2025-06-16T17:20:09","slug":"jour-4-place-au-cycle-3","status":"publish","type":"page","link":"https:\/\/cyclosdesavaloirs.fr\/index.php\/jour-4-place-au-cycle-3\/","title":{"rendered":"Jour 4 : Place au cycle 3"},"content":{"rendered":"\n<p>En cette deuxi\u00e8me semaine de &#8220;Savoir rouler \u00e0 v\u00e9lo&#8221; \u00e0 l&#8217;\u00e9cole St Joseph, place aux 21 \u00e9l\u00e8ves de CE2-CM. Impatients de rentrer \u00e0 leur tour dans l&#8217;ar\u00e8ne, les cyclistes en herbe investissent spontan\u00e9ment les activit\u00e9s pr\u00e9liminaires de v\u00e9rification des \u00e9l\u00e9ments de s\u00e9curit\u00e9 de leur v\u00e9lo et d&#8217;\u00e9valuation des besoins afin de se rendre au stade municipal de Pr\u00e9-en-Pail, lieu choisi pour entrer pleinement dans le vif du sujet.<\/p>\n\n\n\n<p>Deux ateliers men\u00e9s en parall\u00e8le permettent aux uns de d\u00e9velopper leurs capacit\u00e9s \u00e0 maitriser une bicyclette (maniabilit\u00e9, \u00e9quilibre, souplesse et dext\u00e9rit\u00e9) et aux autres d&#8217;appliquer sur un parcours balis\u00e9 leurs connaissances du code de la route travaill\u00e9es en classe.<\/p>\n\n\n<div class=\"wp-block-image is-style-rounded\">\n<figure class=\"aligncenter size-large is-resized\"><img loading=\"lazy\" decoding=\"async\" width=\"768\" height=\"1024\" src=\"https:\/\/cyclosdesavaloirs.fr\/wp-content\/uploads\/2025\/06\/IMG_20250616_150313-768x1024.jpg\" alt=\"\" class=\"wp-image-4141\" style=\"width:768px;height:auto\" srcset=\"https:\/\/cyclosdesavaloirs.fr\/wp-content\/uploads\/2025\/06\/IMG_20250616_150313-768x1024.jpg 768w, https:\/\/cyclosdesavaloirs.fr\/wp-content\/uploads\/2025\/06\/IMG_20250616_150313-225x300.jpg 225w, https:\/\/cyclosdesavaloirs.fr\/wp-content\/uploads\/2025\/06\/IMG_20250616_150313-1152x1536.jpg 1152w, https:\/\/cyclosdesavaloirs.fr\/wp-content\/uploads\/2025\/06\/IMG_20250616_150313-1536x2048.jpg 1536w, https:\/\/cyclosdesavaloirs.fr\/wp-content\/uploads\/2025\/06\/IMG_20250616_150313-scaled.jpg 1920w\" sizes=\"auto, (max-width: 768px) 100vw, 768px\" \/><figcaption class=\"wp-element-caption\"><strong>Atelier &#8220;maniabilit\u00e9&#8221; avec Pascal et Michel<\/strong><\/figcaption><\/figure>\n<\/div>\n\n<div class=\"wp-block-image is-style-rounded\">\n<figure class=\"aligncenter size-large is-resized\"><img loading=\"lazy\" decoding=\"async\" width=\"768\" height=\"1024\" src=\"https:\/\/cyclosdesavaloirs.fr\/wp-content\/uploads\/2025\/06\/IMG_20250616_150302-768x1024.jpg\" alt=\"\" class=\"wp-image-4139\" style=\"width:768px;height:auto\" srcset=\"https:\/\/cyclosdesavaloirs.fr\/wp-content\/uploads\/2025\/06\/IMG_20250616_150302-768x1024.jpg 768w, https:\/\/cyclosdesavaloirs.fr\/wp-content\/uploads\/2025\/06\/IMG_20250616_150302-225x300.jpg 225w, https:\/\/cyclosdesavaloirs.fr\/wp-content\/uploads\/2025\/06\/IMG_20250616_150302-1152x1536.jpg 1152w, https:\/\/cyclosdesavaloirs.fr\/wp-content\/uploads\/2025\/06\/IMG_20250616_150302-1536x2048.jpg 1536w, https:\/\/cyclosdesavaloirs.fr\/wp-content\/uploads\/2025\/06\/IMG_20250616_150302-scaled.jpg 1920w\" sizes=\"auto, (max-width: 768px) 100vw, 768px\" \/><figcaption class=\"wp-element-caption\"><strong>Atelier Code de la route<\/strong> <strong>avec Jocelyne et Alain<\/strong><\/figcaption><\/figure>\n<\/div>\n\n\n<p>Encourag\u00e9s chaleureusement par leurs camarades, deux \u00e9l\u00e8ves &#8220;n\u00e9ophytes&#8221;, aid\u00e9s des adultes, d\u00e9couvrent et s&#8217;approprient les premiers rudiments de l&#8217;\u00e9quilibre et du p\u00e9dalage : A force de volont\u00e9, ils prennent de l&#8217;assurance, exercices apr\u00e8s exercices, et d\u00e9couvrent tout \u00e0 coup, la joie intense que procure le fait de p\u00e9daler &#8220;seul&#8221; en totale autonomie. R\u00e9el instant de plaisir de les voir rouler &#8220;libres comme l&#8217;air&#8221; et ovationn\u00e9s par la classe.<\/p>\n\n\n<div class=\"wp-block-image is-style-rounded\">\n<figure class=\"aligncenter size-large is-resized\"><img loading=\"lazy\" decoding=\"async\" width=\"768\" height=\"1024\" src=\"https:\/\/cyclosdesavaloirs.fr\/wp-content\/uploads\/2025\/06\/IMG_20250616_145956-768x1024.jpg\" alt=\"\" class=\"wp-image-4138\" style=\"width:779px;height:auto\" srcset=\"https:\/\/cyclosdesavaloirs.fr\/wp-content\/uploads\/2025\/06\/IMG_20250616_145956-768x1024.jpg 768w, https:\/\/cyclosdesavaloirs.fr\/wp-content\/uploads\/2025\/06\/IMG_20250616_145956-225x300.jpg 225w, https:\/\/cyclosdesavaloirs.fr\/wp-content\/uploads\/2025\/06\/IMG_20250616_145956-1152x1536.jpg 1152w, https:\/\/cyclosdesavaloirs.fr\/wp-content\/uploads\/2025\/06\/IMG_20250616_145956-1536x2048.jpg 1536w, https:\/\/cyclosdesavaloirs.fr\/wp-content\/uploads\/2025\/06\/IMG_20250616_145956-scaled.jpg 1920w\" sizes=\"auto, (max-width: 768px) 100vw, 768px\" \/><figcaption class=\"wp-element-caption\"><strong>Moment magique, &#8220;j&#8217;y arrive tout seul&#8221;<\/strong><\/figcaption><\/figure>\n<\/div>\n\n\n<p>Apr\u00e8s un jeu collectif permettant de r\u00e9investir les apprentissages de l&#8217;apr\u00e8s-midi, les jeunes cyclistes repartent de bon pied vers leur \u00e9cole, impatients d&#8217;\u00eatre \u00e0 demain pour poursuivre l&#8217;aventure&#8230;<\/p>\n\n\n\n<p><\/p>\n","protected":false},"excerpt":{"rendered":"<p>En cette deuxi\u00e8me semaine de &#8220;Savoir rouler \u00e0 v\u00e9lo&#8221; \u00e0 l&#8217;\u00e9cole St Joseph, place aux 21 \u00e9l\u00e8ves de CE2-CM. Impatients de rentrer \u00e0 leur tour<\/p>\n","protected":false},"author":1,"featured_media":0,"parent":0,"menu_order":0,"comment_status":"closed","ping_status":"closed","template":"","meta":{"footnotes":""},"class_list":["post-4134","page","type-page","status-publish","hentry","comments-off"],"yoast_head":"<!-- This site is optimized with the Yoast SEO plugin v27.4 - https:\/\/yoast.com\/product\/yoast-seo-wordpress\/ -->\n<title>Jour 4 : Place au cycle 3 - CYCLOS DES AVALOIRS<\/title>\n<meta name=\"robots\" content=\"index, follow, max-snippet:-1, max-image-preview:large, max-video-preview:-1\" \/>\n<link rel=\"canonical\" href=\"https:\/\/cyclosdesavaloirs.fr\/index.php\/jour-4-place-au-cycle-3\/\" \/>\n<meta property=\"og:locale\" content=\"en_US\" \/>\n<meta property=\"og:type\" content=\"article\" \/>\n<meta property=\"og:title\" content=\"Jour 4 : Place au cycle 3 - CYCLOS DES AVALOIRS\" \/>\n<meta property=\"og:description\" content=\"En cette deuxi\u00e8me semaine de &#8220;Savoir rouler \u00e0 v\u00e9lo&#8221; \u00e0 l&#8217;\u00e9cole St Joseph, place aux 21 \u00e9l\u00e8ves de CE2-CM. Impatients de rentrer \u00e0 leur tour\" \/>\n<meta property=\"og:url\" content=\"https:\/\/cyclosdesavaloirs.fr\/index.php\/jour-4-place-au-cycle-3\/\" \/>\n<meta property=\"og:site_name\" content=\"CYCLOS DES AVALOIRS\" \/>\n<meta property=\"article:publisher\" content=\"https:\/\/www.facebook.com\/Cyclos-des-Avaloirs-108867535260146\" \/>\n<meta property=\"article:modified_time\" content=\"2025-06-16T17:20:09+00:00\" \/>\n<meta property=\"og:image\" content=\"https:\/\/cyclosdesavaloirs.fr\/wp-content\/uploads\/2025\/06\/IMG_20250616_150313-768x1024.jpg\" \/>\n<meta name=\"twitter:card\" content=\"summary_large_image\" \/>\n<meta name=\"twitter:label1\" content=\"Est. reading time\" \/>\n\t<meta name=\"twitter:data1\" content=\"2 minutes\" \/>\n<script type=\"application\/ld+json\" class=\"yoast-schema-graph\">{\"@context\":\"https:\\\/\\\/schema.org\",\"@graph\":[{\"@type\":\"WebPage\",\"@id\":\"https:\\\/\\\/cyclosdesavaloirs.fr\\\/index.php\\\/jour-4-place-au-cycle-3\\\/\",\"url\":\"https:\\\/\\\/cyclosdesavaloirs.fr\\\/index.php\\\/jour-4-place-au-cycle-3\\\/\",\"name\":\"Jour 4 : Place au cycle 3 - CYCLOS DES AVALOIRS\",\"isPartOf\":{\"@id\":\"https:\\\/\\\/cyclosdesavaloirs.fr\\\/#website\"},\"primaryImageOfPage\":{\"@id\":\"https:\\\/\\\/cyclosdesavaloirs.fr\\\/index.php\\\/jour-4-place-au-cycle-3\\\/#primaryimage\"},\"image\":{\"@id\":\"https:\\\/\\\/cyclosdesavaloirs.fr\\\/index.php\\\/jour-4-place-au-cycle-3\\\/#primaryimage\"},\"thumbnailUrl\":\"https:\\\/\\\/cyclosdesavaloirs.fr\\\/wp-content\\\/uploads\\\/2025\\\/06\\\/IMG_20250616_150313-768x1024.jpg\",\"datePublished\":\"2025-06-16T16:48:17+00:00\",\"dateModified\":\"2025-06-16T17:20:09+00:00\",\"breadcrumb\":{\"@id\":\"https:\\\/\\\/cyclosdesavaloirs.fr\\\/index.php\\\/jour-4-place-au-cycle-3\\\/#breadcrumb\"},\"inLanguage\":\"en-US\",\"potentialAction\":[{\"@type\":\"ReadAction\",\"target\":[\"https:\\\/\\\/cyclosdesavaloirs.fr\\\/index.php\\\/jour-4-place-au-cycle-3\\\/\"]}]},{\"@type\":\"ImageObject\",\"inLanguage\":\"en-US\",\"@id\":\"https:\\\/\\\/cyclosdesavaloirs.fr\\\/index.php\\\/jour-4-place-au-cycle-3\\\/#primaryimage\",\"url\":\"https:\\\/\\\/cyclosdesavaloirs.fr\\\/wp-content\\\/uploads\\\/2025\\\/06\\\/IMG_20250616_150313-scaled.jpg\",\"contentUrl\":\"https:\\\/\\\/cyclosdesavaloirs.fr\\\/wp-content\\\/uploads\\\/2025\\\/06\\\/IMG_20250616_150313-scaled.jpg\",\"width\":1920,\"height\":2560},{\"@type\":\"BreadcrumbList\",\"@id\":\"https:\\\/\\\/cyclosdesavaloirs.fr\\\/index.php\\\/jour-4-place-au-cycle-3\\\/#breadcrumb\",\"itemListElement\":[{\"@type\":\"ListItem\",\"position\":1,\"name\":\"Accueil\",\"item\":\"https:\\\/\\\/cyclosdesavaloirs.fr\\\/\"},{\"@type\":\"ListItem\",\"position\":2,\"name\":\"Jour 4 : Place au cycle 3\"}]},{\"@type\":\"WebSite\",\"@id\":\"https:\\\/\\\/cyclosdesavaloirs.fr\\\/#website\",\"url\":\"https:\\\/\\\/cyclosdesavaloirs.fr\\\/\",\"name\":\"CYCLOS DES AVALOIRS\",\"description\":\"A v\u00e9lo, tout est plus beau et \u00e0 plusieurs, c&#039;est encore meilleur !\",\"publisher\":{\"@id\":\"https:\\\/\\\/cyclosdesavaloirs.fr\\\/#organization\"},\"potentialAction\":[{\"@type\":\"SearchAction\",\"target\":{\"@type\":\"EntryPoint\",\"urlTemplate\":\"https:\\\/\\\/cyclosdesavaloirs.fr\\\/?s={search_term_string}\"},\"query-input\":{\"@type\":\"PropertyValueSpecification\",\"valueRequired\":true,\"valueName\":\"search_term_string\"}}],\"inLanguage\":\"en-US\"},{\"@type\":\"Organization\",\"@id\":\"https:\\\/\\\/cyclosdesavaloirs.fr\\\/#organization\",\"name\":\"CYCLOS DES AVALOIRS\",\"url\":\"https:\\\/\\\/cyclosdesavaloirs.fr\\\/\",\"logo\":{\"@type\":\"ImageObject\",\"inLanguage\":\"en-US\",\"@id\":\"https:\\\/\\\/cyclosdesavaloirs.fr\\\/#\\\/schema\\\/logo\\\/image\\\/\",\"url\":\"https:\\\/\\\/cyclosdesavaloirs.fr\\\/wp-content\\\/uploads\\\/2022\\\/06\\\/cropped-cropped-cropped-cropped-LOGO_CYLCOS-1.png\",\"contentUrl\":\"https:\\\/\\\/cyclosdesavaloirs.fr\\\/wp-content\\\/uploads\\\/2022\\\/06\\\/cropped-cropped-cropped-cropped-LOGO_CYLCOS-1.png\",\"width\":240,\"height\":240,\"caption\":\"CYCLOS DES AVALOIRS\"},\"image\":{\"@id\":\"https:\\\/\\\/cyclosdesavaloirs.fr\\\/#\\\/schema\\\/logo\\\/image\\\/\"},\"sameAs\":[\"https:\\\/\\\/www.facebook.com\\\/Cyclos-des-Avaloirs-108867535260146\"]}]}<\/script>\n<!-- \/ Yoast SEO plugin. -->","yoast_head_json":{"title":"Jour 4 : Place au cycle 3 - CYCLOS DES AVALOIRS","robots":{"index":"index","follow":"follow","max-snippet":"max-snippet:-1","max-image-preview":"max-image-preview:large","max-video-preview":"max-video-preview:-1"},"canonical":"https:\/\/cyclosdesavaloirs.fr\/index.php\/jour-4-place-au-cycle-3\/","og_locale":"en_US","og_type":"article","og_title":"Jour 4 : Place au cycle 3 - CYCLOS DES AVALOIRS","og_description":"En cette deuxi\u00e8me semaine de &#8220;Savoir rouler \u00e0 v\u00e9lo&#8221; \u00e0 l&#8217;\u00e9cole St Joseph, place aux 21 \u00e9l\u00e8ves de CE2-CM. Impatients de rentrer \u00e0 leur tour","og_url":"https:\/\/cyclosdesavaloirs.fr\/index.php\/jour-4-place-au-cycle-3\/","og_site_name":"CYCLOS DES AVALOIRS","article_publisher":"https:\/\/www.facebook.com\/Cyclos-des-Avaloirs-108867535260146","article_modified_time":"2025-06-16T17:20:09+00:00","og_image":[{"url":"https:\/\/cyclosdesavaloirs.fr\/wp-content\/uploads\/2025\/06\/IMG_20250616_150313-768x1024.jpg","type":"","width":"","height":""}],"twitter_card":"summary_large_image","twitter_misc":{"Est. reading time":"2 minutes"},"schema":{"@context":"https:\/\/schema.org","@graph":[{"@type":"WebPage","@id":"https:\/\/cyclosdesavaloirs.fr\/index.php\/jour-4-place-au-cycle-3\/","url":"https:\/\/cyclosdesavaloirs.fr\/index.php\/jour-4-place-au-cycle-3\/","name":"Jour 4 : Place au cycle 3 - CYCLOS DES AVALOIRS","isPartOf":{"@id":"https:\/\/cyclosdesavaloirs.fr\/#website"},"primaryImageOfPage":{"@id":"https:\/\/cyclosdesavaloirs.fr\/index.php\/jour-4-place-au-cycle-3\/#primaryimage"},"image":{"@id":"https:\/\/cyclosdesavaloirs.fr\/index.php\/jour-4-place-au-cycle-3\/#primaryimage"},"thumbnailUrl":"https:\/\/cyclosdesavaloirs.fr\/wp-content\/uploads\/2025\/06\/IMG_20250616_150313-768x1024.jpg","datePublished":"2025-06-16T16:48:17+00:00","dateModified":"2025-06-16T17:20:09+00:00","breadcrumb":{"@id":"https:\/\/cyclosdesavaloirs.fr\/index.php\/jour-4-place-au-cycle-3\/#breadcrumb"},"inLanguage":"en-US","potentialAction":[{"@type":"ReadAction","target":["https:\/\/cyclosdesavaloirs.fr\/index.php\/jour-4-place-au-cycle-3\/"]}]},{"@type":"ImageObject","inLanguage":"en-US","@id":"https:\/\/cyclosdesavaloirs.fr\/index.php\/jour-4-place-au-cycle-3\/#primaryimage","url":"https:\/\/cyclosdesavaloirs.fr\/wp-content\/uploads\/2025\/06\/IMG_20250616_150313-scaled.jpg","contentUrl":"https:\/\/cyclosdesavaloirs.fr\/wp-content\/uploads\/2025\/06\/IMG_20250616_150313-scaled.jpg","width":1920,"height":2560},{"@type":"BreadcrumbList","@id":"https:\/\/cyclosdesavaloirs.fr\/index.php\/jour-4-place-au-cycle-3\/#breadcrumb","itemListElement":[{"@type":"ListItem","position":1,"name":"Accueil","item":"https:\/\/cyclosdesavaloirs.fr\/"},{"@type":"ListItem","position":2,"name":"Jour 4 : Place au cycle 3"}]},{"@type":"WebSite","@id":"https:\/\/cyclosdesavaloirs.fr\/#website","url":"https:\/\/cyclosdesavaloirs.fr\/","name":"CYCLOS DES AVALOIRS","description":"A v\u00e9lo, tout est plus beau et \u00e0 plusieurs, c&#039;est encore meilleur !","publisher":{"@id":"https:\/\/cyclosdesavaloirs.fr\/#organization"},"potentialAction":[{"@type":"SearchAction","target":{"@type":"EntryPoint","urlTemplate":"https:\/\/cyclosdesavaloirs.fr\/?s={search_term_string}"},"query-input":{"@type":"PropertyValueSpecification","valueRequired":true,"valueName":"search_term_string"}}],"inLanguage":"en-US"},{"@type":"Organization","@id":"https:\/\/cyclosdesavaloirs.fr\/#organization","name":"CYCLOS DES AVALOIRS","url":"https:\/\/cyclosdesavaloirs.fr\/","logo":{"@type":"ImageObject","inLanguage":"en-US","@id":"https:\/\/cyclosdesavaloirs.fr\/#\/schema\/logo\/image\/","url":"https:\/\/cyclosdesavaloirs.fr\/wp-content\/uploads\/2022\/06\/cropped-cropped-cropped-cropped-LOGO_CYLCOS-1.png","contentUrl":"https:\/\/cyclosdesavaloirs.fr\/wp-content\/uploads\/2022\/06\/cropped-cropped-cropped-cropped-LOGO_CYLCOS-1.png","width":240,"height":240,"caption":"CYCLOS DES AVALOIRS"},"image":{"@id":"https:\/\/cyclosdesavaloirs.fr\/#\/schema\/logo\/image\/"},"sameAs":["https:\/\/www.facebook.com\/Cyclos-des-Avaloirs-108867535260146"]}]}},"_links":{"self":[{"href":"https:\/\/cyclosdesavaloirs.fr\/index.php\/wp-json\/wp\/v2\/pages\/4134","targetHints":{"allow":["GET"]}}],"collection":[{"href":"https:\/\/cyclosdesavaloirs.fr\/index.php\/wp-json\/wp\/v2\/pages"}],"about":[{"href":"https:\/\/cyclosdesavaloirs.fr\/index.php\/wp-json\/wp\/v2\/types\/page"}],"author":[{"embeddable":true,"href":"https:\/\/cyclosdesavaloirs.fr\/index.php\/wp-json\/wp\/v2\/users\/1"}],"replies":[{"embeddable":true,"href":"https:\/\/cyclosdesavaloirs.fr\/index.php\/wp-json\/wp\/v2\/comments?post=4134"}],"version-history":[{"count":6,"href":"https:\/\/cyclosdesavaloirs.fr\/index.php\/wp-json\/wp\/v2\/pages\/4134\/revisions"}],"predecessor-version":[{"id":4147,"href":"https:\/\/cyclosdesavaloirs.fr\/index.php\/wp-json\/wp\/v2\/pages\/4134\/revisions\/4147"}],"wp:attachment":[{"href":"https:\/\/cyclosdesavaloirs.fr\/index.php\/wp-json\/wp\/v2\/media?parent=4134"}],"curies":[{"name":"wp","href":"https:\/\/api.w.org\/{rel}","templated":true}]}}