{"id":4149,"date":"2025-06-18T07:18:26","date_gmt":"2025-06-18T05:18:26","guid":{"rendered":"https:\/\/cyclosdesavaloirs.fr\/?page_id=4149"},"modified":"2025-06-18T08:03:56","modified_gmt":"2025-06-18T06:03:56","slug":"jour-5-roulons-jeunesse","status":"publish","type":"page","link":"https:\/\/cyclosdesavaloirs.fr\/index.php\/jour-5-roulons-jeunesse\/","title":{"rendered":"Jour 5 : Roulons jeunesse"},"content":{"rendered":"\n<p>En ce deuxi\u00e8me jour de &#8220;Savoir rouler \u00e0 v\u00e9lo&#8221; au Cycle 3, place au perfectionnement et \u00e0 l&#8217;automatisation de la conduite \u00e0 bicyclette. Sous un soleil de plomb, trois ateliers, entrecoup\u00e9s de pauses &#8220;fraicheur&#8221;, sont propos\u00e9s \u00e0 nos jeunes apprentis rouleurs.<\/p>\n\n\n<div class=\"wp-block-image is-style-rounded\">\n<figure class=\"aligncenter size-large\"><img loading=\"lazy\" decoding=\"async\" width=\"1024\" height=\"768\" src=\"https:\/\/cyclosdesavaloirs.fr\/wp-content\/uploads\/2025\/06\/IMG_20250617_144627-1-1-1024x768.jpg\" alt=\"\" class=\"wp-image-4155\" srcset=\"https:\/\/cyclosdesavaloirs.fr\/wp-content\/uploads\/2025\/06\/IMG_20250617_144627-1-1-1024x768.jpg 1024w, https:\/\/cyclosdesavaloirs.fr\/wp-content\/uploads\/2025\/06\/IMG_20250617_144627-1-1-300x225.jpg 300w, https:\/\/cyclosdesavaloirs.fr\/wp-content\/uploads\/2025\/06\/IMG_20250617_144627-1-1-768x576.jpg 768w, https:\/\/cyclosdesavaloirs.fr\/wp-content\/uploads\/2025\/06\/IMG_20250617_144627-1-1-1536x1152.jpg 1536w, https:\/\/cyclosdesavaloirs.fr\/wp-content\/uploads\/2025\/06\/IMG_20250617_144627-1-1-2048x1536.jpg 2048w, https:\/\/cyclosdesavaloirs.fr\/wp-content\/uploads\/2025\/06\/IMG_20250617_144627-1-1-600x450.jpg 600w\" sizes=\"auto, (max-width: 1024px) 100vw, 1024px\" \/><figcaption class=\"wp-element-caption\"><strong>Vous \u00eates pr\u00eats ? On y va&#8230;<\/strong><\/figcaption><\/figure>\n<\/div>\n\n\n<p>L&#8217;atelier &#8220;maniabilit\u00e9&#8221; enrichi d&#8217;obstacles techniques tels que le porter de balle, l&#8217;entonnoir ou l&#8217;\u00e9pingle, sollicite toutes les capacit\u00e9s motrices : force, \u00e9quilibre, souplesse, coordination&#8230;<\/p>\n\n\n<div class=\"wp-block-image is-style-rounded\">\n<figure class=\"aligncenter size-large\"><img loading=\"lazy\" decoding=\"async\" width=\"1024\" height=\"768\" src=\"https:\/\/cyclosdesavaloirs.fr\/wp-content\/uploads\/2025\/06\/IMG_20250617_151845-1-1024x768.jpg\" alt=\"\" class=\"wp-image-4159\" srcset=\"https:\/\/cyclosdesavaloirs.fr\/wp-content\/uploads\/2025\/06\/IMG_20250617_151845-1-1024x768.jpg 1024w, https:\/\/cyclosdesavaloirs.fr\/wp-content\/uploads\/2025\/06\/IMG_20250617_151845-1-300x225.jpg 300w, https:\/\/cyclosdesavaloirs.fr\/wp-content\/uploads\/2025\/06\/IMG_20250617_151845-1-768x576.jpg 768w, https:\/\/cyclosdesavaloirs.fr\/wp-content\/uploads\/2025\/06\/IMG_20250617_151845-1-1536x1152.jpg 1536w, https:\/\/cyclosdesavaloirs.fr\/wp-content\/uploads\/2025\/06\/IMG_20250617_151845-1-2048x1536.jpg 2048w, https:\/\/cyclosdesavaloirs.fr\/wp-content\/uploads\/2025\/06\/IMG_20250617_151845-1-600x450.jpg 600w\" sizes=\"auto, (max-width: 1024px) 100vw, 1024px\" \/><figcaption class=\"wp-element-caption\">Vue sur la maitrise de l&#8217;arr\u00eat.<\/figcaption><\/figure>\n<\/div>\n\n<div class=\"wp-block-image is-style-rounded\">\n<figure class=\"aligncenter size-large\"><img loading=\"lazy\" decoding=\"async\" width=\"1024\" height=\"768\" src=\"https:\/\/cyclosdesavaloirs.fr\/wp-content\/uploads\/2025\/06\/IMG_20250617_153309-1024x768.jpg\" alt=\"\" class=\"wp-image-4160\" srcset=\"https:\/\/cyclosdesavaloirs.fr\/wp-content\/uploads\/2025\/06\/IMG_20250617_153309-1024x768.jpg 1024w, https:\/\/cyclosdesavaloirs.fr\/wp-content\/uploads\/2025\/06\/IMG_20250617_153309-300x225.jpg 300w, https:\/\/cyclosdesavaloirs.fr\/wp-content\/uploads\/2025\/06\/IMG_20250617_153309-768x576.jpg 768w, https:\/\/cyclosdesavaloirs.fr\/wp-content\/uploads\/2025\/06\/IMG_20250617_153309-1536x1152.jpg 1536w, https:\/\/cyclosdesavaloirs.fr\/wp-content\/uploads\/2025\/06\/IMG_20250617_153309-2048x1536.jpg 2048w, https:\/\/cyclosdesavaloirs.fr\/wp-content\/uploads\/2025\/06\/IMG_20250617_153309-600x450.jpg 600w\" sizes=\"auto, (max-width: 1024px) 100vw, 1024px\" \/><figcaption class=\"wp-element-caption\"><strong>Mince, j&#8217;ai fait tomber les deux barres&#8230;<\/strong><\/figcaption><\/figure>\n<\/div>\n\n\n<p>L&#8217;atelier &#8220;code de la route&#8221;, au fur et \u00e0 mesure de l&#8217;introduction de nouveaux panneaux de circulation, ressemble \u00e0 un petit village dans lequel chacun doit s&#8217;approprier les r\u00e8gles qui r\u00e9gissent le partage de la rue.<\/p>\n\n\n<div class=\"wp-block-image is-style-rounded\">\n<figure class=\"aligncenter size-large\"><img loading=\"lazy\" decoding=\"async\" width=\"1024\" height=\"768\" src=\"https:\/\/cyclosdesavaloirs.fr\/wp-content\/uploads\/2025\/06\/IMG_20250617_145934-1-1024x768.jpg\" alt=\"\" class=\"wp-image-4168\" srcset=\"https:\/\/cyclosdesavaloirs.fr\/wp-content\/uploads\/2025\/06\/IMG_20250617_145934-1-1024x768.jpg 1024w, https:\/\/cyclosdesavaloirs.fr\/wp-content\/uploads\/2025\/06\/IMG_20250617_145934-1-300x225.jpg 300w, https:\/\/cyclosdesavaloirs.fr\/wp-content\/uploads\/2025\/06\/IMG_20250617_145934-1-768x576.jpg 768w, https:\/\/cyclosdesavaloirs.fr\/wp-content\/uploads\/2025\/06\/IMG_20250617_145934-1-1536x1152.jpg 1536w, https:\/\/cyclosdesavaloirs.fr\/wp-content\/uploads\/2025\/06\/IMG_20250617_145934-1-2048x1536.jpg 2048w, https:\/\/cyclosdesavaloirs.fr\/wp-content\/uploads\/2025\/06\/IMG_20250617_145934-1-600x450.jpg 600w\" sizes=\"auto, (max-width: 1024px) 100vw, 1024px\" \/><figcaption class=\"wp-element-caption\"><strong>Jour de grande circulation au village&#8230;<\/strong><\/figcaption><\/figure>\n<\/div>\n\n<div class=\"wp-block-image is-style-rounded\">\n<figure class=\"aligncenter size-large is-resized\"><img loading=\"lazy\" decoding=\"async\" width=\"768\" height=\"1024\" src=\"https:\/\/cyclosdesavaloirs.fr\/wp-content\/uploads\/2025\/06\/IMG_20250617_144821-768x1024.jpg\" alt=\"\" class=\"wp-image-4171\" style=\"width:768px;height:auto\" srcset=\"https:\/\/cyclosdesavaloirs.fr\/wp-content\/uploads\/2025\/06\/IMG_20250617_144821-768x1024.jpg 768w, https:\/\/cyclosdesavaloirs.fr\/wp-content\/uploads\/2025\/06\/IMG_20250617_144821-225x300.jpg 225w, https:\/\/cyclosdesavaloirs.fr\/wp-content\/uploads\/2025\/06\/IMG_20250617_144821-1152x1536.jpg 1152w, https:\/\/cyclosdesavaloirs.fr\/wp-content\/uploads\/2025\/06\/IMG_20250617_144821-1536x2048.jpg 1536w, https:\/\/cyclosdesavaloirs.fr\/wp-content\/uploads\/2025\/06\/IMG_20250617_144821-scaled.jpg 1920w\" sizes=\"auto, (max-width: 768px) 100vw, 768px\" \/><figcaption class=\"wp-element-caption\">J<strong>our de &#8220;bouchon&#8221; au village<\/strong><\/figcaption><\/figure>\n<\/div>\n\n\n<p>Un troisi\u00e8me atelier consacr\u00e9 \u00e0 l&#8217;apprentissage du &#8220;rouler ensemble&#8221; permet aux \u00e9l\u00e8ves de s&#8217;approprier les techniques de conduite en &#8220;file indienne ou &#8220;file autobus&#8221;. Sur la piste du stade, chacun des \u00e9l\u00e8ves en mouvement apprend \u00e0 se positionner, voir \u00e0 passer d&#8217;une file \u00e0 une autre sur ordre de l&#8217;adulte.<\/p>\n\n\n<div class=\"wp-block-image is-style-rounded\">\n<figure class=\"aligncenter size-large is-resized\"><img loading=\"lazy\" decoding=\"async\" width=\"652\" height=\"1024\" src=\"https:\/\/cyclosdesavaloirs.fr\/wp-content\/uploads\/2025\/06\/IMG_20250617_155038_edit_6441780157871-652x1024.jpg\" alt=\"\" class=\"wp-image-4161\" style=\"width:652px;height:auto\" srcset=\"https:\/\/cyclosdesavaloirs.fr\/wp-content\/uploads\/2025\/06\/IMG_20250617_155038_edit_6441780157871-652x1024.jpg 652w, https:\/\/cyclosdesavaloirs.fr\/wp-content\/uploads\/2025\/06\/IMG_20250617_155038_edit_6441780157871-191x300.jpg 191w, https:\/\/cyclosdesavaloirs.fr\/wp-content\/uploads\/2025\/06\/IMG_20250617_155038_edit_6441780157871-768x1206.jpg 768w, https:\/\/cyclosdesavaloirs.fr\/wp-content\/uploads\/2025\/06\/IMG_20250617_155038_edit_6441780157871-979x1536.jpg 979w, https:\/\/cyclosdesavaloirs.fr\/wp-content\/uploads\/2025\/06\/IMG_20250617_155038_edit_6441780157871-1305x2048.jpg 1305w, https:\/\/cyclosdesavaloirs.fr\/wp-content\/uploads\/2025\/06\/IMG_20250617_155038_edit_6441780157871-scaled.jpg 1631w\" sizes=\"auto, (max-width: 652px) 100vw, 652px\" \/><figcaption class=\"wp-element-caption\"><strong>En piste pour une queue leu leu&#8230;<\/strong><\/figcaption><\/figure>\n<\/div>\n\n<div class=\"wp-block-image is-style-rounded\">\n<figure class=\"aligncenter size-large\"><img loading=\"lazy\" decoding=\"async\" width=\"1024\" height=\"768\" src=\"https:\/\/cyclosdesavaloirs.fr\/wp-content\/uploads\/2025\/06\/IMG_20250617_145208-1-1024x768.jpg\" alt=\"\" class=\"wp-image-4163\" srcset=\"https:\/\/cyclosdesavaloirs.fr\/wp-content\/uploads\/2025\/06\/IMG_20250617_145208-1-1024x768.jpg 1024w, https:\/\/cyclosdesavaloirs.fr\/wp-content\/uploads\/2025\/06\/IMG_20250617_145208-1-300x225.jpg 300w, https:\/\/cyclosdesavaloirs.fr\/wp-content\/uploads\/2025\/06\/IMG_20250617_145208-1-768x576.jpg 768w, https:\/\/cyclosdesavaloirs.fr\/wp-content\/uploads\/2025\/06\/IMG_20250617_145208-1-1536x1152.jpg 1536w, https:\/\/cyclosdesavaloirs.fr\/wp-content\/uploads\/2025\/06\/IMG_20250617_145208-1-2048x1536.jpg 2048w, https:\/\/cyclosdesavaloirs.fr\/wp-content\/uploads\/2025\/06\/IMG_20250617_145208-1-600x450.jpg 600w\" sizes=\"auto, (max-width: 1024px) 100vw, 1024px\" \/><figcaption class=\"wp-element-caption\"><strong>Concentration, observation, anticipation&#8230; <\/strong><\/figcaption><\/figure>\n<\/div>\n\n\n<p>Apr\u00e8s le traditionnel jeu &#8220;des chaises musicales&#8221; de fin d&#8217;apr\u00e8s-midi, rendez-vous est pris pour d\u00e9couvrir, jeudi, la circulation en &#8220;vrai&#8221;. <\/p>\n\n\n<div class=\"wp-block-image is-style-rounded\">\n<figure class=\"aligncenter size-large\"><img loading=\"lazy\" decoding=\"async\" width=\"1024\" height=\"768\" src=\"https:\/\/cyclosdesavaloirs.fr\/wp-content\/uploads\/2025\/06\/IMG_20250617_160735-1024x768.jpg\" alt=\"\" class=\"wp-image-4164\" srcset=\"https:\/\/cyclosdesavaloirs.fr\/wp-content\/uploads\/2025\/06\/IMG_20250617_160735-1024x768.jpg 1024w, https:\/\/cyclosdesavaloirs.fr\/wp-content\/uploads\/2025\/06\/IMG_20250617_160735-300x225.jpg 300w, https:\/\/cyclosdesavaloirs.fr\/wp-content\/uploads\/2025\/06\/IMG_20250617_160735-768x576.jpg 768w, https:\/\/cyclosdesavaloirs.fr\/wp-content\/uploads\/2025\/06\/IMG_20250617_160735-1536x1152.jpg 1536w, https:\/\/cyclosdesavaloirs.fr\/wp-content\/uploads\/2025\/06\/IMG_20250617_160735-2048x1536.jpg 2048w, https:\/\/cyclosdesavaloirs.fr\/wp-content\/uploads\/2025\/06\/IMG_20250617_160735-600x450.jpg 600w\" sizes=\"auto, (max-width: 1024px) 100vw, 1024px\" \/><figcaption class=\"wp-element-caption\"><strong>Vite, vite, un cerceau !<\/strong><\/figcaption><\/figure>\n<\/div>","protected":false},"excerpt":{"rendered":"<p>En ce deuxi\u00e8me jour de &#8220;Savoir rouler \u00e0 v\u00e9lo&#8221; au Cycle 3, place au perfectionnement et \u00e0 l&#8217;automatisation de la conduite \u00e0 bicyclette. Sous un<\/p>\n","protected":false},"author":1,"featured_media":0,"parent":0,"menu_order":0,"comment_status":"closed","ping_status":"closed","template":"","meta":{"footnotes":""},"class_list":["post-4149","page","type-page","status-publish","hentry","comments-off"],"yoast_head":"<!-- This site is optimized with the Yoast SEO plugin v27.4 - https:\/\/yoast.com\/product\/yoast-seo-wordpress\/ -->\n<title>Jour 5 : Roulons jeunesse - CYCLOS DES AVALOIRS<\/title>\n<meta name=\"robots\" content=\"index, follow, max-snippet:-1, max-image-preview:large, max-video-preview:-1\" \/>\n<link rel=\"canonical\" href=\"https:\/\/cyclosdesavaloirs.fr\/index.php\/jour-5-roulons-jeunesse\/\" \/>\n<meta property=\"og:locale\" content=\"en_US\" \/>\n<meta property=\"og:type\" content=\"article\" \/>\n<meta property=\"og:title\" content=\"Jour 5 : Roulons jeunesse - CYCLOS DES AVALOIRS\" \/>\n<meta property=\"og:description\" content=\"En ce deuxi\u00e8me jour de &#8220;Savoir rouler \u00e0 v\u00e9lo&#8221; au Cycle 3, place au perfectionnement et \u00e0 l&#8217;automatisation de la conduite \u00e0 bicyclette. Sous un\" \/>\n<meta property=\"og:url\" content=\"https:\/\/cyclosdesavaloirs.fr\/index.php\/jour-5-roulons-jeunesse\/\" \/>\n<meta property=\"og:site_name\" content=\"CYCLOS DES AVALOIRS\" \/>\n<meta property=\"article:publisher\" content=\"https:\/\/www.facebook.com\/Cyclos-des-Avaloirs-108867535260146\" \/>\n<meta property=\"article:modified_time\" content=\"2025-06-18T06:03:56+00:00\" \/>\n<meta property=\"og:image\" content=\"https:\/\/cyclosdesavaloirs.fr\/wp-content\/uploads\/2025\/06\/IMG_20250617_144627-1-1-1024x768.jpg\" \/>\n<meta name=\"twitter:card\" content=\"summary_large_image\" \/>\n<meta name=\"twitter:label1\" content=\"Est. reading time\" \/>\n\t<meta name=\"twitter:data1\" content=\"3 minutes\" \/>\n<script type=\"application\/ld+json\" class=\"yoast-schema-graph\">{\"@context\":\"https:\\\/\\\/schema.org\",\"@graph\":[{\"@type\":\"WebPage\",\"@id\":\"https:\\\/\\\/cyclosdesavaloirs.fr\\\/index.php\\\/jour-5-roulons-jeunesse\\\/\",\"url\":\"https:\\\/\\\/cyclosdesavaloirs.fr\\\/index.php\\\/jour-5-roulons-jeunesse\\\/\",\"name\":\"Jour 5 : Roulons jeunesse - CYCLOS DES AVALOIRS\",\"isPartOf\":{\"@id\":\"https:\\\/\\\/cyclosdesavaloirs.fr\\\/#website\"},\"primaryImageOfPage\":{\"@id\":\"https:\\\/\\\/cyclosdesavaloirs.fr\\\/index.php\\\/jour-5-roulons-jeunesse\\\/#primaryimage\"},\"image\":{\"@id\":\"https:\\\/\\\/cyclosdesavaloirs.fr\\\/index.php\\\/jour-5-roulons-jeunesse\\\/#primaryimage\"},\"thumbnailUrl\":\"https:\\\/\\\/cyclosdesavaloirs.fr\\\/wp-content\\\/uploads\\\/2025\\\/06\\\/IMG_20250617_144627-1-1-1024x768.jpg\",\"datePublished\":\"2025-06-18T05:18:26+00:00\",\"dateModified\":\"2025-06-18T06:03:56+00:00\",\"breadcrumb\":{\"@id\":\"https:\\\/\\\/cyclosdesavaloirs.fr\\\/index.php\\\/jour-5-roulons-jeunesse\\\/#breadcrumb\"},\"inLanguage\":\"en-US\",\"potentialAction\":[{\"@type\":\"ReadAction\",\"target\":[\"https:\\\/\\\/cyclosdesavaloirs.fr\\\/index.php\\\/jour-5-roulons-jeunesse\\\/\"]}]},{\"@type\":\"ImageObject\",\"inLanguage\":\"en-US\",\"@id\":\"https:\\\/\\\/cyclosdesavaloirs.fr\\\/index.php\\\/jour-5-roulons-jeunesse\\\/#primaryimage\",\"url\":\"https:\\\/\\\/cyclosdesavaloirs.fr\\\/wp-content\\\/uploads\\\/2025\\\/06\\\/IMG_20250617_144627-1-1-scaled.jpg\",\"contentUrl\":\"https:\\\/\\\/cyclosdesavaloirs.fr\\\/wp-content\\\/uploads\\\/2025\\\/06\\\/IMG_20250617_144627-1-1-scaled.jpg\",\"width\":2560,\"height\":1920},{\"@type\":\"BreadcrumbList\",\"@id\":\"https:\\\/\\\/cyclosdesavaloirs.fr\\\/index.php\\\/jour-5-roulons-jeunesse\\\/#breadcrumb\",\"itemListElement\":[{\"@type\":\"ListItem\",\"position\":1,\"name\":\"Accueil\",\"item\":\"https:\\\/\\\/cyclosdesavaloirs.fr\\\/\"},{\"@type\":\"ListItem\",\"position\":2,\"name\":\"Jour 5 : Roulons jeunesse\"}]},{\"@type\":\"WebSite\",\"@id\":\"https:\\\/\\\/cyclosdesavaloirs.fr\\\/#website\",\"url\":\"https:\\\/\\\/cyclosdesavaloirs.fr\\\/\",\"name\":\"CYCLOS DES AVALOIRS\",\"description\":\"A v\u00e9lo, tout est plus beau et \u00e0 plusieurs, c&#039;est encore meilleur !\",\"publisher\":{\"@id\":\"https:\\\/\\\/cyclosdesavaloirs.fr\\\/#organization\"},\"potentialAction\":[{\"@type\":\"SearchAction\",\"target\":{\"@type\":\"EntryPoint\",\"urlTemplate\":\"https:\\\/\\\/cyclosdesavaloirs.fr\\\/?s={search_term_string}\"},\"query-input\":{\"@type\":\"PropertyValueSpecification\",\"valueRequired\":true,\"valueName\":\"search_term_string\"}}],\"inLanguage\":\"en-US\"},{\"@type\":\"Organization\",\"@id\":\"https:\\\/\\\/cyclosdesavaloirs.fr\\\/#organization\",\"name\":\"CYCLOS DES AVALOIRS\",\"url\":\"https:\\\/\\\/cyclosdesavaloirs.fr\\\/\",\"logo\":{\"@type\":\"ImageObject\",\"inLanguage\":\"en-US\",\"@id\":\"https:\\\/\\\/cyclosdesavaloirs.fr\\\/#\\\/schema\\\/logo\\\/image\\\/\",\"url\":\"https:\\\/\\\/cyclosdesavaloirs.fr\\\/wp-content\\\/uploads\\\/2022\\\/06\\\/cropped-cropped-cropped-cropped-LOGO_CYLCOS-1.png\",\"contentUrl\":\"https:\\\/\\\/cyclosdesavaloirs.fr\\\/wp-content\\\/uploads\\\/2022\\\/06\\\/cropped-cropped-cropped-cropped-LOGO_CYLCOS-1.png\",\"width\":240,\"height\":240,\"caption\":\"CYCLOS DES AVALOIRS\"},\"image\":{\"@id\":\"https:\\\/\\\/cyclosdesavaloirs.fr\\\/#\\\/schema\\\/logo\\\/image\\\/\"},\"sameAs\":[\"https:\\\/\\\/www.facebook.com\\\/Cyclos-des-Avaloirs-108867535260146\"]}]}<\/script>\n<!-- \/ Yoast SEO plugin. -->","yoast_head_json":{"title":"Jour 5 : Roulons jeunesse - CYCLOS DES AVALOIRS","robots":{"index":"index","follow":"follow","max-snippet":"max-snippet:-1","max-image-preview":"max-image-preview:large","max-video-preview":"max-video-preview:-1"},"canonical":"https:\/\/cyclosdesavaloirs.fr\/index.php\/jour-5-roulons-jeunesse\/","og_locale":"en_US","og_type":"article","og_title":"Jour 5 : Roulons jeunesse - CYCLOS DES AVALOIRS","og_description":"En ce deuxi\u00e8me jour de &#8220;Savoir rouler \u00e0 v\u00e9lo&#8221; au Cycle 3, place au perfectionnement et \u00e0 l&#8217;automatisation de la conduite \u00e0 bicyclette. Sous un","og_url":"https:\/\/cyclosdesavaloirs.fr\/index.php\/jour-5-roulons-jeunesse\/","og_site_name":"CYCLOS DES AVALOIRS","article_publisher":"https:\/\/www.facebook.com\/Cyclos-des-Avaloirs-108867535260146","article_modified_time":"2025-06-18T06:03:56+00:00","og_image":[{"url":"https:\/\/cyclosdesavaloirs.fr\/wp-content\/uploads\/2025\/06\/IMG_20250617_144627-1-1-1024x768.jpg","type":"","width":"","height":""}],"twitter_card":"summary_large_image","twitter_misc":{"Est. reading time":"3 minutes"},"schema":{"@context":"https:\/\/schema.org","@graph":[{"@type":"WebPage","@id":"https:\/\/cyclosdesavaloirs.fr\/index.php\/jour-5-roulons-jeunesse\/","url":"https:\/\/cyclosdesavaloirs.fr\/index.php\/jour-5-roulons-jeunesse\/","name":"Jour 5 : Roulons jeunesse - CYCLOS DES AVALOIRS","isPartOf":{"@id":"https:\/\/cyclosdesavaloirs.fr\/#website"},"primaryImageOfPage":{"@id":"https:\/\/cyclosdesavaloirs.fr\/index.php\/jour-5-roulons-jeunesse\/#primaryimage"},"image":{"@id":"https:\/\/cyclosdesavaloirs.fr\/index.php\/jour-5-roulons-jeunesse\/#primaryimage"},"thumbnailUrl":"https:\/\/cyclosdesavaloirs.fr\/wp-content\/uploads\/2025\/06\/IMG_20250617_144627-1-1-1024x768.jpg","datePublished":"2025-06-18T05:18:26+00:00","dateModified":"2025-06-18T06:03:56+00:00","breadcrumb":{"@id":"https:\/\/cyclosdesavaloirs.fr\/index.php\/jour-5-roulons-jeunesse\/#breadcrumb"},"inLanguage":"en-US","potentialAction":[{"@type":"ReadAction","target":["https:\/\/cyclosdesavaloirs.fr\/index.php\/jour-5-roulons-jeunesse\/"]}]},{"@type":"ImageObject","inLanguage":"en-US","@id":"https:\/\/cyclosdesavaloirs.fr\/index.php\/jour-5-roulons-jeunesse\/#primaryimage","url":"https:\/\/cyclosdesavaloirs.fr\/wp-content\/uploads\/2025\/06\/IMG_20250617_144627-1-1-scaled.jpg","contentUrl":"https:\/\/cyclosdesavaloirs.fr\/wp-content\/uploads\/2025\/06\/IMG_20250617_144627-1-1-scaled.jpg","width":2560,"height":1920},{"@type":"BreadcrumbList","@id":"https:\/\/cyclosdesavaloirs.fr\/index.php\/jour-5-roulons-jeunesse\/#breadcrumb","itemListElement":[{"@type":"ListItem","position":1,"name":"Accueil","item":"https:\/\/cyclosdesavaloirs.fr\/"},{"@type":"ListItem","position":2,"name":"Jour 5 : Roulons jeunesse"}]},{"@type":"WebSite","@id":"https:\/\/cyclosdesavaloirs.fr\/#website","url":"https:\/\/cyclosdesavaloirs.fr\/","name":"CYCLOS DES AVALOIRS","description":"A v\u00e9lo, tout est plus beau et \u00e0 plusieurs, c&#039;est encore meilleur !","publisher":{"@id":"https:\/\/cyclosdesavaloirs.fr\/#organization"},"potentialAction":[{"@type":"SearchAction","target":{"@type":"EntryPoint","urlTemplate":"https:\/\/cyclosdesavaloirs.fr\/?s={search_term_string}"},"query-input":{"@type":"PropertyValueSpecification","valueRequired":true,"valueName":"search_term_string"}}],"inLanguage":"en-US"},{"@type":"Organization","@id":"https:\/\/cyclosdesavaloirs.fr\/#organization","name":"CYCLOS DES AVALOIRS","url":"https:\/\/cyclosdesavaloirs.fr\/","logo":{"@type":"ImageObject","inLanguage":"en-US","@id":"https:\/\/cyclosdesavaloirs.fr\/#\/schema\/logo\/image\/","url":"https:\/\/cyclosdesavaloirs.fr\/wp-content\/uploads\/2022\/06\/cropped-cropped-cropped-cropped-LOGO_CYLCOS-1.png","contentUrl":"https:\/\/cyclosdesavaloirs.fr\/wp-content\/uploads\/2022\/06\/cropped-cropped-cropped-cropped-LOGO_CYLCOS-1.png","width":240,"height":240,"caption":"CYCLOS DES AVALOIRS"},"image":{"@id":"https:\/\/cyclosdesavaloirs.fr\/#\/schema\/logo\/image\/"},"sameAs":["https:\/\/www.facebook.com\/Cyclos-des-Avaloirs-108867535260146"]}]}},"_links":{"self":[{"href":"https:\/\/cyclosdesavaloirs.fr\/index.php\/wp-json\/wp\/v2\/pages\/4149","targetHints":{"allow":["GET"]}}],"collection":[{"href":"https:\/\/cyclosdesavaloirs.fr\/index.php\/wp-json\/wp\/v2\/pages"}],"about":[{"href":"https:\/\/cyclosdesavaloirs.fr\/index.php\/wp-json\/wp\/v2\/types\/page"}],"author":[{"embeddable":true,"href":"https:\/\/cyclosdesavaloirs.fr\/index.php\/wp-json\/wp\/v2\/users\/1"}],"replies":[{"embeddable":true,"href":"https:\/\/cyclosdesavaloirs.fr\/index.php\/wp-json\/wp\/v2\/comments?post=4149"}],"version-history":[{"count":5,"href":"https:\/\/cyclosdesavaloirs.fr\/index.php\/wp-json\/wp\/v2\/pages\/4149\/revisions"}],"predecessor-version":[{"id":4173,"href":"https:\/\/cyclosdesavaloirs.fr\/index.php\/wp-json\/wp\/v2\/pages\/4149\/revisions\/4173"}],"wp:attachment":[{"href":"https:\/\/cyclosdesavaloirs.fr\/index.php\/wp-json\/wp\/v2\/media?parent=4149"}],"curies":[{"name":"wp","href":"https:\/\/api.w.org\/{rel}","templated":true}]}}