{"id":4180,"date":"2025-06-20T06:36:53","date_gmt":"2025-06-20T04:36:53","guid":{"rendered":"https:\/\/cyclosdesavaloirs.fr\/?page_id=4180"},"modified":"2025-06-20T08:04:18","modified_gmt":"2025-06-20T06:04:18","slug":"jour-6-randos-tout-azimut-2","status":"publish","type":"page","link":"https:\/\/cyclosdesavaloirs.fr\/index.php\/jour-6-randos-tout-azimut-2\/","title":{"rendered":"Jour 6 : Randos tout azimut"},"content":{"rendered":"\n<p>Apr\u00e8s deux jours de travail sur des parcours s\u00e9curis\u00e9s, le moment est venu pour nos apprentis rouleurs de go\u00fbter au v\u00e9lo en situation r\u00e9elle de circulation. Trois sorties au menu du jour : rando &#8220;voie verte&#8221;, rando &#8220;voie douce&#8221; et aller-retour &#8220;stade &#8211; coll\u00e8ge&#8221; en situation r\u00e9elle de circulation.<\/p>\n\n\n<div class=\"wp-block-image is-style-rounded\">\n<figure class=\"aligncenter size-large\"><img loading=\"lazy\" decoding=\"async\" width=\"1024\" height=\"768\" src=\"https:\/\/cyclosdesavaloirs.fr\/wp-content\/uploads\/2025\/06\/IMG_20250619_145117-1024x768.jpg\" alt=\"\" class=\"wp-image-4184\" srcset=\"https:\/\/cyclosdesavaloirs.fr\/wp-content\/uploads\/2025\/06\/IMG_20250619_145117-1024x768.jpg 1024w, https:\/\/cyclosdesavaloirs.fr\/wp-content\/uploads\/2025\/06\/IMG_20250619_145117-300x225.jpg 300w, https:\/\/cyclosdesavaloirs.fr\/wp-content\/uploads\/2025\/06\/IMG_20250619_145117-768x576.jpg 768w, https:\/\/cyclosdesavaloirs.fr\/wp-content\/uploads\/2025\/06\/IMG_20250619_145117-1536x1152.jpg 1536w, https:\/\/cyclosdesavaloirs.fr\/wp-content\/uploads\/2025\/06\/IMG_20250619_145117-2048x1536.jpg 2048w, https:\/\/cyclosdesavaloirs.fr\/wp-content\/uploads\/2025\/06\/IMG_20250619_145117-600x450.jpg 600w\" sizes=\"auto, (max-width: 1024px) 100vw, 1024px\" \/><figcaption class=\"wp-element-caption\"><strong>Constitution des groupes et passation des consignes <\/strong><\/figcaption><\/figure>\n<\/div>\n\n\n<p>Chaque groupe guid\u00e9 par les adultes s&#8217;en va d\u00e9couvrir les r\u00e8gles propres \u00e0 chacune des voies emprunt\u00e9es. La circulation sur voie verte, confi\u00e9e \u00e0 Jocelyne et Sylvain procure une grande libert\u00e9 aux \u00e9l\u00e8ves : circulation s\u00e9curis\u00e9e entre deux barri\u00e8res, zones d&#8217;ombre fr\u00e9quentes, protocole de passage des intersections&#8230;<\/p>\n\n\n<div class=\"wp-block-image is-style-rounded\">\n<figure class=\"aligncenter size-large\"><img loading=\"lazy\" decoding=\"async\" width=\"768\" height=\"1024\" src=\"https:\/\/cyclosdesavaloirs.fr\/wp-content\/uploads\/2025\/06\/IMG_20250619_161536-768x1024.jpg\" alt=\"\" class=\"wp-image-4185\" srcset=\"https:\/\/cyclosdesavaloirs.fr\/wp-content\/uploads\/2025\/06\/IMG_20250619_161536-768x1024.jpg 768w, https:\/\/cyclosdesavaloirs.fr\/wp-content\/uploads\/2025\/06\/IMG_20250619_161536-225x300.jpg 225w, https:\/\/cyclosdesavaloirs.fr\/wp-content\/uploads\/2025\/06\/IMG_20250619_161536-1152x1536.jpg 1152w, https:\/\/cyclosdesavaloirs.fr\/wp-content\/uploads\/2025\/06\/IMG_20250619_161536-1536x2048.jpg 1536w, https:\/\/cyclosdesavaloirs.fr\/wp-content\/uploads\/2025\/06\/IMG_20250619_161536-scaled.jpg 1920w\" sizes=\"auto, (max-width: 768px) 100vw, 768px\" \/><figcaption class=\"wp-element-caption\"><strong>A nous la voie verte !<\/strong><\/figcaption><\/figure>\n<\/div>\n\n<div class=\"wp-block-image is-style-rounded\">\n<figure class=\"aligncenter size-large is-resized\"><img loading=\"lazy\" decoding=\"async\" width=\"768\" height=\"1024\" src=\"https:\/\/cyclosdesavaloirs.fr\/wp-content\/uploads\/2025\/06\/545c0c9f-593b-4f6c-acea-8a1b5add1db9-768x1024.jpg\" alt=\"\" class=\"wp-image-4188\" style=\"width:768px;height:auto\" srcset=\"https:\/\/cyclosdesavaloirs.fr\/wp-content\/uploads\/2025\/06\/545c0c9f-593b-4f6c-acea-8a1b5add1db9-768x1024.jpg 768w, https:\/\/cyclosdesavaloirs.fr\/wp-content\/uploads\/2025\/06\/545c0c9f-593b-4f6c-acea-8a1b5add1db9-225x300.jpg 225w, https:\/\/cyclosdesavaloirs.fr\/wp-content\/uploads\/2025\/06\/545c0c9f-593b-4f6c-acea-8a1b5add1db9-1152x1536.jpg 1152w, https:\/\/cyclosdesavaloirs.fr\/wp-content\/uploads\/2025\/06\/545c0c9f-593b-4f6c-acea-8a1b5add1db9.jpg 1200w\" sizes=\"auto, (max-width: 768px) 100vw, 768px\" \/><figcaption class=\"wp-element-caption\"><strong>Regroupement avant le franchissement d&#8217;une barri\u00e8re<\/strong>.<\/figcaption><\/figure>\n<\/div>\n\n<div class=\"wp-block-image is-style-rounded\">\n<figure class=\"aligncenter size-full\"><img loading=\"lazy\" decoding=\"async\" width=\"600\" height=\"800\" src=\"https:\/\/cyclosdesavaloirs.fr\/wp-content\/uploads\/2025\/06\/095813b9-e223-4d3a-838c-813d56069ddd.jpg\" alt=\"\" class=\"wp-image-4186\" srcset=\"https:\/\/cyclosdesavaloirs.fr\/wp-content\/uploads\/2025\/06\/095813b9-e223-4d3a-838c-813d56069ddd.jpg 600w, https:\/\/cyclosdesavaloirs.fr\/wp-content\/uploads\/2025\/06\/095813b9-e223-4d3a-838c-813d56069ddd-225x300.jpg 225w\" sizes=\"auto, (max-width: 600px) 100vw, 600px\" \/><figcaption class=\"wp-element-caption\"><strong>Attention, passage de barri\u00e8re et franchissement d&#8217;une route !<\/strong><\/figcaption><\/figure>\n<\/div>\n\n\n<p>La randonn\u00e9e sur voie douce, ins\u00e9r\u00e9e dans la ville, oblige les deux-roues \u00e0 couper des axes de circulation et \u00e0 emprunter des petits bouts de rues et de routes fr\u00e9quent\u00e9es par tout type de v\u00e9hicule : confort d&#8217;une voie s\u00e9curis\u00e9e mais vigilance \u00e0 tous les points de rencontre. Sous la conduite de Pascal et Michel, chaque groupe prend la direction de St Samson et s&#8217;approprie les r\u00e8gles propres \u00e0 ce type de voie.<\/p>\n\n\n<div class=\"wp-block-image is-style-rounded\">\n<figure class=\"aligncenter size-large\"><img loading=\"lazy\" decoding=\"async\" width=\"771\" height=\"1024\" src=\"https:\/\/cyclosdesavaloirs.fr\/wp-content\/uploads\/2025\/06\/image0000011-5-771x1024.jpg\" alt=\"\" class=\"wp-image-4187\" srcset=\"https:\/\/cyclosdesavaloirs.fr\/wp-content\/uploads\/2025\/06\/image0000011-5-771x1024.jpg 771w, https:\/\/cyclosdesavaloirs.fr\/wp-content\/uploads\/2025\/06\/image0000011-5-226x300.jpg 226w, https:\/\/cyclosdesavaloirs.fr\/wp-content\/uploads\/2025\/06\/image0000011-5-768x1020.jpg 768w, https:\/\/cyclosdesavaloirs.fr\/wp-content\/uploads\/2025\/06\/image0000011-5-1157x1536.jpg 1157w, https:\/\/cyclosdesavaloirs.fr\/wp-content\/uploads\/2025\/06\/image0000011-5.jpg 1204w\" sizes=\"auto, (max-width: 771px) 100vw, 771px\" \/><figcaption class=\"wp-element-caption\"><strong>Petite escapade \u00e0 l&#8217;ombre de la voie douce&#8230;<\/strong><\/figcaption><\/figure>\n<\/div>\n\n<div class=\"wp-block-image is-style-rounded\">\n<figure class=\"aligncenter size-large is-resized\"><img loading=\"lazy\" decoding=\"async\" width=\"768\" height=\"1024\" src=\"https:\/\/cyclosdesavaloirs.fr\/wp-content\/uploads\/2025\/06\/IMG_5681-768x1024.jpg\" alt=\"\" class=\"wp-image-4189\" style=\"width:774px;height:auto\" srcset=\"https:\/\/cyclosdesavaloirs.fr\/wp-content\/uploads\/2025\/06\/IMG_5681-768x1024.jpg 768w, https:\/\/cyclosdesavaloirs.fr\/wp-content\/uploads\/2025\/06\/IMG_5681-225x300.jpg 225w, https:\/\/cyclosdesavaloirs.fr\/wp-content\/uploads\/2025\/06\/IMG_5681-1152x1536.jpg 1152w, https:\/\/cyclosdesavaloirs.fr\/wp-content\/uploads\/2025\/06\/IMG_5681-rotated.jpg 1512w\" sizes=\"auto, (max-width: 768px) 100vw, 768px\" \/><figcaption class=\"wp-element-caption\"><strong>CARREFOUR : observation, r\u00e9flexion, action&#8230;<\/strong><\/figcaption><\/figure>\n<\/div>\n\n\n<p>Le moment est arriv\u00e9 de se confronter \u00e0 la &#8220;vraie&#8221; circulation : un parcours en aller-retour, du stade au coll\u00e8ge r\u00e9unissant diff\u00e9rentes situations, permet aux apprentis rouleurs, pilotes \u00e0 tour de r\u00f4le de leur groupe, de r\u00e9investir l&#8217;ensemble des apprentissages travaill\u00e9s en amont. Stop, c\u00e9dez le passage, priorit\u00e9 \u00e0 droite, franchissement d&#8217;une route nationale ou d&#8217;un rond-point&#8230; Tout est pass\u00e9 en revue.<\/p>\n\n\n\n<figure class=\"wp-block-image size-large is-style-rounded\"><img loading=\"lazy\" decoding=\"async\" width=\"1024\" height=\"768\" src=\"https:\/\/cyclosdesavaloirs.fr\/wp-content\/uploads\/2025\/06\/IMG_5682-1024x768.jpg\" alt=\"\" class=\"wp-image-4190\" srcset=\"https:\/\/cyclosdesavaloirs.fr\/wp-content\/uploads\/2025\/06\/IMG_5682-1024x768.jpg 1024w, https:\/\/cyclosdesavaloirs.fr\/wp-content\/uploads\/2025\/06\/IMG_5682-300x225.jpg 300w, https:\/\/cyclosdesavaloirs.fr\/wp-content\/uploads\/2025\/06\/IMG_5682-768x576.jpg 768w, https:\/\/cyclosdesavaloirs.fr\/wp-content\/uploads\/2025\/06\/IMG_5682-1536x1152.jpg 1536w, https:\/\/cyclosdesavaloirs.fr\/wp-content\/uploads\/2025\/06\/IMG_5682-600x450.jpg 600w, https:\/\/cyclosdesavaloirs.fr\/wp-content\/uploads\/2025\/06\/IMG_5682.jpg 2016w\" sizes=\"auto, (max-width: 1024px) 100vw, 1024px\" \/><figcaption class=\"wp-element-caption\"><strong>Franchissement d&#8217;un rond point&#8230;<\/strong><\/figcaption><\/figure>\n\n\n\n<figure class=\"wp-block-image size-large is-style-rounded\"><img loading=\"lazy\" decoding=\"async\" width=\"768\" height=\"1024\" src=\"https:\/\/cyclosdesavaloirs.fr\/wp-content\/uploads\/2025\/06\/567a02f6-fbde-4b65-8eb4-b13504652e43-768x1024.jpg\" alt=\"\" class=\"wp-image-4191\" srcset=\"https:\/\/cyclosdesavaloirs.fr\/wp-content\/uploads\/2025\/06\/567a02f6-fbde-4b65-8eb4-b13504652e43-768x1024.jpg 768w, https:\/\/cyclosdesavaloirs.fr\/wp-content\/uploads\/2025\/06\/567a02f6-fbde-4b65-8eb4-b13504652e43-225x300.jpg 225w, https:\/\/cyclosdesavaloirs.fr\/wp-content\/uploads\/2025\/06\/567a02f6-fbde-4b65-8eb4-b13504652e43-1152x1536.jpg 1152w, https:\/\/cyclosdesavaloirs.fr\/wp-content\/uploads\/2025\/06\/567a02f6-fbde-4b65-8eb4-b13504652e43.jpg 1200w\" sizes=\"auto, (max-width: 768px) 100vw, 768px\" \/><figcaption class=\"wp-element-caption\"><strong>Travers\u00e9e d&#8217;une voie de circulation&#8230;<\/strong><\/figcaption><\/figure>\n\n\n<div class=\"wp-block-image is-style-rounded\">\n<figure class=\"aligncenter size-large\"><img loading=\"lazy\" decoding=\"async\" width=\"768\" height=\"1024\" src=\"https:\/\/cyclosdesavaloirs.fr\/wp-content\/uploads\/2025\/06\/IMG_5696-768x1024.jpg\" alt=\"\" class=\"wp-image-4192\" srcset=\"https:\/\/cyclosdesavaloirs.fr\/wp-content\/uploads\/2025\/06\/IMG_5696-768x1024.jpg 768w, https:\/\/cyclosdesavaloirs.fr\/wp-content\/uploads\/2025\/06\/IMG_5696-225x300.jpg 225w, https:\/\/cyclosdesavaloirs.fr\/wp-content\/uploads\/2025\/06\/IMG_5696-1152x1536.jpg 1152w, https:\/\/cyclosdesavaloirs.fr\/wp-content\/uploads\/2025\/06\/IMG_5696-rotated.jpg 1512w\" sizes=\"auto, (max-width: 768px) 100vw, 768px\" \/><figcaption class=\"wp-element-caption\"><strong>Quand l&#8217;exp\u00e9rience donne du sens \u00e0 ce que j&#8217;ai appris.<\/strong><\/figcaption><\/figure>\n<\/div>\n\n<div class=\"wp-block-image is-style-rounded\">\n<figure class=\"aligncenter size-large\"><img loading=\"lazy\" decoding=\"async\" width=\"768\" height=\"1024\" src=\"https:\/\/cyclosdesavaloirs.fr\/wp-content\/uploads\/2025\/06\/IMG_20250619_160058-1-768x1024.jpg\" alt=\"\" class=\"wp-image-4196\" srcset=\"https:\/\/cyclosdesavaloirs.fr\/wp-content\/uploads\/2025\/06\/IMG_20250619_160058-1-768x1024.jpg 768w, https:\/\/cyclosdesavaloirs.fr\/wp-content\/uploads\/2025\/06\/IMG_20250619_160058-1-225x300.jpg 225w, https:\/\/cyclosdesavaloirs.fr\/wp-content\/uploads\/2025\/06\/IMG_20250619_160058-1-1152x1536.jpg 1152w, https:\/\/cyclosdesavaloirs.fr\/wp-content\/uploads\/2025\/06\/IMG_20250619_160058-1-1536x2048.jpg 1536w, https:\/\/cyclosdesavaloirs.fr\/wp-content\/uploads\/2025\/06\/IMG_20250619_160058-1-scaled.jpg 1920w\" sizes=\"auto, (max-width: 768px) 100vw, 768px\" \/><figcaption class=\"wp-element-caption\"><strong>Quand chacun apprend \u00e0 son propre rythme&#8230;<\/strong><\/figcaption><\/figure>\n<\/div>\n\n\n<p>Pauses &#8220;fraicheur&#8221;, photos souvenir, \u00e9changes&#8230; les interactions vont bon train et ponctuent un apr\u00e8s-midi riche en d\u00e9couvertes et exp\u00e9riences.<\/p>\n\n\n<div class=\"wp-block-image is-style-rounded\">\n<figure class=\"aligncenter size-large\"><img loading=\"lazy\" decoding=\"async\" width=\"1024\" height=\"768\" src=\"https:\/\/cyclosdesavaloirs.fr\/wp-content\/uploads\/2025\/06\/IMG_20250619_145110-1-1024x768.jpg\" alt=\"\" class=\"wp-image-4199\" srcset=\"https:\/\/cyclosdesavaloirs.fr\/wp-content\/uploads\/2025\/06\/IMG_20250619_145110-1-1024x768.jpg 1024w, https:\/\/cyclosdesavaloirs.fr\/wp-content\/uploads\/2025\/06\/IMG_20250619_145110-1-300x225.jpg 300w, https:\/\/cyclosdesavaloirs.fr\/wp-content\/uploads\/2025\/06\/IMG_20250619_145110-1-768x576.jpg 768w, https:\/\/cyclosdesavaloirs.fr\/wp-content\/uploads\/2025\/06\/IMG_20250619_145110-1-1536x1152.jpg 1536w, https:\/\/cyclosdesavaloirs.fr\/wp-content\/uploads\/2025\/06\/IMG_20250619_145110-1-2048x1536.jpg 2048w, https:\/\/cyclosdesavaloirs.fr\/wp-content\/uploads\/2025\/06\/IMG_20250619_145110-1-600x450.jpg 600w\" sizes=\"auto, (max-width: 1024px) 100vw, 1024px\" \/><figcaption class=\"wp-element-caption\"><strong>Alors, comment s&#8217;est pass\u00e9e votre rando ?<\/strong><\/figcaption><\/figure>\n<\/div>\n\n\n<p><\/p>\n\n\n\n<p><\/p>\n\n\n<div class=\"wp-block-image is-style-rounded\">\n<figure class=\"aligncenter size-large\"><img loading=\"lazy\" decoding=\"async\" width=\"1024\" height=\"768\" src=\"https:\/\/cyclosdesavaloirs.fr\/wp-content\/uploads\/2025\/06\/IMG_5699-1024x768.jpg\" alt=\"\" class=\"wp-image-4197\" srcset=\"https:\/\/cyclosdesavaloirs.fr\/wp-content\/uploads\/2025\/06\/IMG_5699-1024x768.jpg 1024w, https:\/\/cyclosdesavaloirs.fr\/wp-content\/uploads\/2025\/06\/IMG_5699-300x225.jpg 300w, https:\/\/cyclosdesavaloirs.fr\/wp-content\/uploads\/2025\/06\/IMG_5699-768x576.jpg 768w, https:\/\/cyclosdesavaloirs.fr\/wp-content\/uploads\/2025\/06\/IMG_5699-1536x1152.jpg 1536w, https:\/\/cyclosdesavaloirs.fr\/wp-content\/uploads\/2025\/06\/IMG_5699-600x450.jpg 600w, https:\/\/cyclosdesavaloirs.fr\/wp-content\/uploads\/2025\/06\/IMG_5699.jpg 2016w\" sizes=\"auto, (max-width: 1024px) 100vw, 1024px\" \/><figcaption class=\"wp-element-caption\"><strong>La Bande des Cinq au retour du coll\u00e8ge.<\/strong><\/figcaption><\/figure>\n<\/div>\n\n<div class=\"wp-block-image is-style-rounded\">\n<figure class=\"aligncenter size-large\"><img loading=\"lazy\" decoding=\"async\" width=\"1024\" height=\"768\" src=\"https:\/\/cyclosdesavaloirs.fr\/wp-content\/uploads\/2025\/06\/IMG_5697-1024x768.jpg\" alt=\"\" class=\"wp-image-4198\" srcset=\"https:\/\/cyclosdesavaloirs.fr\/wp-content\/uploads\/2025\/06\/IMG_5697-1024x768.jpg 1024w, https:\/\/cyclosdesavaloirs.fr\/wp-content\/uploads\/2025\/06\/IMG_5697-300x225.jpg 300w, https:\/\/cyclosdesavaloirs.fr\/wp-content\/uploads\/2025\/06\/IMG_5697-768x576.jpg 768w, https:\/\/cyclosdesavaloirs.fr\/wp-content\/uploads\/2025\/06\/IMG_5697-1536x1152.jpg 1536w, https:\/\/cyclosdesavaloirs.fr\/wp-content\/uploads\/2025\/06\/IMG_5697-600x450.jpg 600w, https:\/\/cyclosdesavaloirs.fr\/wp-content\/uploads\/2025\/06\/IMG_5697.jpg 2016w\" sizes=\"auto, (max-width: 1024px) 100vw, 1024px\" \/><figcaption class=\"wp-element-caption\"><strong>Ouf ! Quelle aventure !<\/strong><\/figcaption><\/figure>\n<\/div>\n\n\n<p><\/p>\n","protected":false},"excerpt":{"rendered":"<p>Apr\u00e8s deux jours de travail sur des parcours s\u00e9curis\u00e9s, le moment est venu pour nos apprentis rouleurs de go\u00fbter au v\u00e9lo en situation r\u00e9elle de<\/p>\n","protected":false},"author":1,"featured_media":0,"parent":0,"menu_order":0,"comment_status":"closed","ping_status":"closed","template":"","meta":{"footnotes":""},"class_list":["post-4180","page","type-page","status-publish","hentry","comments-off"],"yoast_head":"<!-- This site is optimized with the Yoast SEO plugin v27.4 - https:\/\/yoast.com\/product\/yoast-seo-wordpress\/ -->\n<title>Jour 6 : Randos tout azimut - CYCLOS DES AVALOIRS<\/title>\n<meta name=\"robots\" content=\"index, follow, max-snippet:-1, max-image-preview:large, max-video-preview:-1\" \/>\n<link rel=\"canonical\" href=\"https:\/\/cyclosdesavaloirs.fr\/index.php\/jour-6-randos-tout-azimut-2\/\" \/>\n<meta property=\"og:locale\" content=\"en_US\" \/>\n<meta property=\"og:type\" content=\"article\" \/>\n<meta property=\"og:title\" content=\"Jour 6 : Randos tout azimut - CYCLOS DES AVALOIRS\" \/>\n<meta property=\"og:description\" content=\"Apr\u00e8s deux jours de travail sur des parcours s\u00e9curis\u00e9s, le moment est venu pour nos apprentis rouleurs de go\u00fbter au v\u00e9lo en situation r\u00e9elle de\" \/>\n<meta property=\"og:url\" content=\"https:\/\/cyclosdesavaloirs.fr\/index.php\/jour-6-randos-tout-azimut-2\/\" \/>\n<meta property=\"og:site_name\" content=\"CYCLOS DES AVALOIRS\" \/>\n<meta property=\"article:publisher\" content=\"https:\/\/www.facebook.com\/Cyclos-des-Avaloirs-108867535260146\" \/>\n<meta property=\"article:modified_time\" content=\"2025-06-20T06:04:18+00:00\" \/>\n<meta property=\"og:image\" content=\"https:\/\/cyclosdesavaloirs.fr\/wp-content\/uploads\/2025\/06\/IMG_20250619_145117-1024x768.jpg\" \/>\n<meta name=\"twitter:card\" content=\"summary_large_image\" \/>\n<meta name=\"twitter:label1\" content=\"Est. reading time\" \/>\n\t<meta name=\"twitter:data1\" content=\"5 minutes\" \/>\n<script type=\"application\/ld+json\" class=\"yoast-schema-graph\">{\"@context\":\"https:\\\/\\\/schema.org\",\"@graph\":[{\"@type\":\"WebPage\",\"@id\":\"https:\\\/\\\/cyclosdesavaloirs.fr\\\/index.php\\\/jour-6-randos-tout-azimut-2\\\/\",\"url\":\"https:\\\/\\\/cyclosdesavaloirs.fr\\\/index.php\\\/jour-6-randos-tout-azimut-2\\\/\",\"name\":\"Jour 6 : Randos tout azimut - CYCLOS DES AVALOIRS\",\"isPartOf\":{\"@id\":\"https:\\\/\\\/cyclosdesavaloirs.fr\\\/#website\"},\"primaryImageOfPage\":{\"@id\":\"https:\\\/\\\/cyclosdesavaloirs.fr\\\/index.php\\\/jour-6-randos-tout-azimut-2\\\/#primaryimage\"},\"image\":{\"@id\":\"https:\\\/\\\/cyclosdesavaloirs.fr\\\/index.php\\\/jour-6-randos-tout-azimut-2\\\/#primaryimage\"},\"thumbnailUrl\":\"https:\\\/\\\/cyclosdesavaloirs.fr\\\/wp-content\\\/uploads\\\/2025\\\/06\\\/IMG_20250619_145117-1024x768.jpg\",\"datePublished\":\"2025-06-20T04:36:53+00:00\",\"dateModified\":\"2025-06-20T06:04:18+00:00\",\"breadcrumb\":{\"@id\":\"https:\\\/\\\/cyclosdesavaloirs.fr\\\/index.php\\\/jour-6-randos-tout-azimut-2\\\/#breadcrumb\"},\"inLanguage\":\"en-US\",\"potentialAction\":[{\"@type\":\"ReadAction\",\"target\":[\"https:\\\/\\\/cyclosdesavaloirs.fr\\\/index.php\\\/jour-6-randos-tout-azimut-2\\\/\"]}]},{\"@type\":\"ImageObject\",\"inLanguage\":\"en-US\",\"@id\":\"https:\\\/\\\/cyclosdesavaloirs.fr\\\/index.php\\\/jour-6-randos-tout-azimut-2\\\/#primaryimage\",\"url\":\"https:\\\/\\\/cyclosdesavaloirs.fr\\\/wp-content\\\/uploads\\\/2025\\\/06\\\/IMG_20250619_145117-scaled.jpg\",\"contentUrl\":\"https:\\\/\\\/cyclosdesavaloirs.fr\\\/wp-content\\\/uploads\\\/2025\\\/06\\\/IMG_20250619_145117-scaled.jpg\",\"width\":2560,\"height\":1920},{\"@type\":\"BreadcrumbList\",\"@id\":\"https:\\\/\\\/cyclosdesavaloirs.fr\\\/index.php\\\/jour-6-randos-tout-azimut-2\\\/#breadcrumb\",\"itemListElement\":[{\"@type\":\"ListItem\",\"position\":1,\"name\":\"Accueil\",\"item\":\"https:\\\/\\\/cyclosdesavaloirs.fr\\\/\"},{\"@type\":\"ListItem\",\"position\":2,\"name\":\"Jour 6 : Randos tout azimut\"}]},{\"@type\":\"WebSite\",\"@id\":\"https:\\\/\\\/cyclosdesavaloirs.fr\\\/#website\",\"url\":\"https:\\\/\\\/cyclosdesavaloirs.fr\\\/\",\"name\":\"CYCLOS DES AVALOIRS\",\"description\":\"A v\u00e9lo, tout est plus beau et \u00e0 plusieurs, c&#039;est encore meilleur !\",\"publisher\":{\"@id\":\"https:\\\/\\\/cyclosdesavaloirs.fr\\\/#organization\"},\"potentialAction\":[{\"@type\":\"SearchAction\",\"target\":{\"@type\":\"EntryPoint\",\"urlTemplate\":\"https:\\\/\\\/cyclosdesavaloirs.fr\\\/?s={search_term_string}\"},\"query-input\":{\"@type\":\"PropertyValueSpecification\",\"valueRequired\":true,\"valueName\":\"search_term_string\"}}],\"inLanguage\":\"en-US\"},{\"@type\":\"Organization\",\"@id\":\"https:\\\/\\\/cyclosdesavaloirs.fr\\\/#organization\",\"name\":\"CYCLOS DES AVALOIRS\",\"url\":\"https:\\\/\\\/cyclosdesavaloirs.fr\\\/\",\"logo\":{\"@type\":\"ImageObject\",\"inLanguage\":\"en-US\",\"@id\":\"https:\\\/\\\/cyclosdesavaloirs.fr\\\/#\\\/schema\\\/logo\\\/image\\\/\",\"url\":\"https:\\\/\\\/cyclosdesavaloirs.fr\\\/wp-content\\\/uploads\\\/2022\\\/06\\\/cropped-cropped-cropped-cropped-LOGO_CYLCOS-1.png\",\"contentUrl\":\"https:\\\/\\\/cyclosdesavaloirs.fr\\\/wp-content\\\/uploads\\\/2022\\\/06\\\/cropped-cropped-cropped-cropped-LOGO_CYLCOS-1.png\",\"width\":240,\"height\":240,\"caption\":\"CYCLOS DES AVALOIRS\"},\"image\":{\"@id\":\"https:\\\/\\\/cyclosdesavaloirs.fr\\\/#\\\/schema\\\/logo\\\/image\\\/\"},\"sameAs\":[\"https:\\\/\\\/www.facebook.com\\\/Cyclos-des-Avaloirs-108867535260146\"]}]}<\/script>\n<!-- \/ Yoast SEO plugin. -->","yoast_head_json":{"title":"Jour 6 : Randos tout azimut - CYCLOS DES AVALOIRS","robots":{"index":"index","follow":"follow","max-snippet":"max-snippet:-1","max-image-preview":"max-image-preview:large","max-video-preview":"max-video-preview:-1"},"canonical":"https:\/\/cyclosdesavaloirs.fr\/index.php\/jour-6-randos-tout-azimut-2\/","og_locale":"en_US","og_type":"article","og_title":"Jour 6 : Randos tout azimut - CYCLOS DES AVALOIRS","og_description":"Apr\u00e8s deux jours de travail sur des parcours s\u00e9curis\u00e9s, le moment est venu pour nos apprentis rouleurs de go\u00fbter au v\u00e9lo en situation r\u00e9elle de","og_url":"https:\/\/cyclosdesavaloirs.fr\/index.php\/jour-6-randos-tout-azimut-2\/","og_site_name":"CYCLOS DES AVALOIRS","article_publisher":"https:\/\/www.facebook.com\/Cyclos-des-Avaloirs-108867535260146","article_modified_time":"2025-06-20T06:04:18+00:00","og_image":[{"url":"https:\/\/cyclosdesavaloirs.fr\/wp-content\/uploads\/2025\/06\/IMG_20250619_145117-1024x768.jpg","type":"","width":"","height":""}],"twitter_card":"summary_large_image","twitter_misc":{"Est. reading time":"5 minutes"},"schema":{"@context":"https:\/\/schema.org","@graph":[{"@type":"WebPage","@id":"https:\/\/cyclosdesavaloirs.fr\/index.php\/jour-6-randos-tout-azimut-2\/","url":"https:\/\/cyclosdesavaloirs.fr\/index.php\/jour-6-randos-tout-azimut-2\/","name":"Jour 6 : Randos tout azimut - CYCLOS DES AVALOIRS","isPartOf":{"@id":"https:\/\/cyclosdesavaloirs.fr\/#website"},"primaryImageOfPage":{"@id":"https:\/\/cyclosdesavaloirs.fr\/index.php\/jour-6-randos-tout-azimut-2\/#primaryimage"},"image":{"@id":"https:\/\/cyclosdesavaloirs.fr\/index.php\/jour-6-randos-tout-azimut-2\/#primaryimage"},"thumbnailUrl":"https:\/\/cyclosdesavaloirs.fr\/wp-content\/uploads\/2025\/06\/IMG_20250619_145117-1024x768.jpg","datePublished":"2025-06-20T04:36:53+00:00","dateModified":"2025-06-20T06:04:18+00:00","breadcrumb":{"@id":"https:\/\/cyclosdesavaloirs.fr\/index.php\/jour-6-randos-tout-azimut-2\/#breadcrumb"},"inLanguage":"en-US","potentialAction":[{"@type":"ReadAction","target":["https:\/\/cyclosdesavaloirs.fr\/index.php\/jour-6-randos-tout-azimut-2\/"]}]},{"@type":"ImageObject","inLanguage":"en-US","@id":"https:\/\/cyclosdesavaloirs.fr\/index.php\/jour-6-randos-tout-azimut-2\/#primaryimage","url":"https:\/\/cyclosdesavaloirs.fr\/wp-content\/uploads\/2025\/06\/IMG_20250619_145117-scaled.jpg","contentUrl":"https:\/\/cyclosdesavaloirs.fr\/wp-content\/uploads\/2025\/06\/IMG_20250619_145117-scaled.jpg","width":2560,"height":1920},{"@type":"BreadcrumbList","@id":"https:\/\/cyclosdesavaloirs.fr\/index.php\/jour-6-randos-tout-azimut-2\/#breadcrumb","itemListElement":[{"@type":"ListItem","position":1,"name":"Accueil","item":"https:\/\/cyclosdesavaloirs.fr\/"},{"@type":"ListItem","position":2,"name":"Jour 6 : Randos tout azimut"}]},{"@type":"WebSite","@id":"https:\/\/cyclosdesavaloirs.fr\/#website","url":"https:\/\/cyclosdesavaloirs.fr\/","name":"CYCLOS DES AVALOIRS","description":"A v\u00e9lo, tout est plus beau et \u00e0 plusieurs, c&#039;est encore meilleur !","publisher":{"@id":"https:\/\/cyclosdesavaloirs.fr\/#organization"},"potentialAction":[{"@type":"SearchAction","target":{"@type":"EntryPoint","urlTemplate":"https:\/\/cyclosdesavaloirs.fr\/?s={search_term_string}"},"query-input":{"@type":"PropertyValueSpecification","valueRequired":true,"valueName":"search_term_string"}}],"inLanguage":"en-US"},{"@type":"Organization","@id":"https:\/\/cyclosdesavaloirs.fr\/#organization","name":"CYCLOS DES AVALOIRS","url":"https:\/\/cyclosdesavaloirs.fr\/","logo":{"@type":"ImageObject","inLanguage":"en-US","@id":"https:\/\/cyclosdesavaloirs.fr\/#\/schema\/logo\/image\/","url":"https:\/\/cyclosdesavaloirs.fr\/wp-content\/uploads\/2022\/06\/cropped-cropped-cropped-cropped-LOGO_CYLCOS-1.png","contentUrl":"https:\/\/cyclosdesavaloirs.fr\/wp-content\/uploads\/2022\/06\/cropped-cropped-cropped-cropped-LOGO_CYLCOS-1.png","width":240,"height":240,"caption":"CYCLOS DES AVALOIRS"},"image":{"@id":"https:\/\/cyclosdesavaloirs.fr\/#\/schema\/logo\/image\/"},"sameAs":["https:\/\/www.facebook.com\/Cyclos-des-Avaloirs-108867535260146"]}]}},"_links":{"self":[{"href":"https:\/\/cyclosdesavaloirs.fr\/index.php\/wp-json\/wp\/v2\/pages\/4180","targetHints":{"allow":["GET"]}}],"collection":[{"href":"https:\/\/cyclosdesavaloirs.fr\/index.php\/wp-json\/wp\/v2\/pages"}],"about":[{"href":"https:\/\/cyclosdesavaloirs.fr\/index.php\/wp-json\/wp\/v2\/types\/page"}],"author":[{"embeddable":true,"href":"https:\/\/cyclosdesavaloirs.fr\/index.php\/wp-json\/wp\/v2\/users\/1"}],"replies":[{"embeddable":true,"href":"https:\/\/cyclosdesavaloirs.fr\/index.php\/wp-json\/wp\/v2\/comments?post=4180"}],"version-history":[{"count":4,"href":"https:\/\/cyclosdesavaloirs.fr\/index.php\/wp-json\/wp\/v2\/pages\/4180\/revisions"}],"predecessor-version":[{"id":4201,"href":"https:\/\/cyclosdesavaloirs.fr\/index.php\/wp-json\/wp\/v2\/pages\/4180\/revisions\/4201"}],"wp:attachment":[{"href":"https:\/\/cyclosdesavaloirs.fr\/index.php\/wp-json\/wp\/v2\/media?parent=4180"}],"curies":[{"name":"wp","href":"https:\/\/api.w.org\/{rel}","templated":true}]}}