{"id":4202,"date":"2025-06-21T08:15:48","date_gmt":"2025-06-21T06:15:48","guid":{"rendered":"https:\/\/cyclosdesavaloirs.fr\/?page_id=4202"},"modified":"2025-06-22T17:46:57","modified_gmt":"2025-06-22T15:46:57","slug":"jour-7-a-nous-lautonomie","status":"publish","type":"page","link":"https:\/\/cyclosdesavaloirs.fr\/index.php\/jour-7-a-nous-lautonomie\/","title":{"rendered":"Jour 7 : A nous, l&#8217;autonomie"},"content":{"rendered":"\n<p>Dernier chapitre du &#8220;Savoir rouler \u00e0 v\u00e9lo&#8221; pour les \u00e9l\u00e8ves du cycle 3 de l&#8217;\u00e9cole St Joseph en ce vendredi. La classe migre au terrain de camping pour profiter de l&#8217;ombre entre les diff\u00e9rentes activit\u00e9s pr\u00e9vues tout au long de l&#8217;apr\u00e8s-midi.<\/p>\n\n\n<div class=\"wp-block-image is-style-rounded\">\n<figure class=\"aligncenter size-large\"><img loading=\"lazy\" decoding=\"async\" width=\"1024\" height=\"768\" src=\"https:\/\/cyclosdesavaloirs.fr\/wp-content\/uploads\/2025\/06\/IMG_5716-1024x768.jpg\" alt=\"\" class=\"wp-image-4206\" srcset=\"https:\/\/cyclosdesavaloirs.fr\/wp-content\/uploads\/2025\/06\/IMG_5716-1024x768.jpg 1024w, https:\/\/cyclosdesavaloirs.fr\/wp-content\/uploads\/2025\/06\/IMG_5716-300x225.jpg 300w, https:\/\/cyclosdesavaloirs.fr\/wp-content\/uploads\/2025\/06\/IMG_5716-768x576.jpg 768w, https:\/\/cyclosdesavaloirs.fr\/wp-content\/uploads\/2025\/06\/IMG_5716-1536x1152.jpg 1536w, https:\/\/cyclosdesavaloirs.fr\/wp-content\/uploads\/2025\/06\/IMG_5716-600x450.jpg 600w, https:\/\/cyclosdesavaloirs.fr\/wp-content\/uploads\/2025\/06\/IMG_5716.jpg 2016w\" sizes=\"auto, (max-width: 1024px) 100vw, 1024px\" \/><figcaption class=\"wp-element-caption\"><strong>Profitons de l&#8217;ombre des arbres du camping !<\/strong><\/figcaption><\/figure>\n<\/div>\n\n\n<p>Epreuve phare de cette derni\u00e8re demi-journ\u00e9e, la mise en situation r\u00e9elle de circulation plonge les \u00e9l\u00e8ves dans l&#8217;autonomie. Par bin\u00f4me et sous l&#8217;\u0153il avis\u00e9 et protecteur d&#8217;un cyclo, les jeunes apprentis r\u00e9alisent une boucle &#8220;camping, coll\u00e8ge, stade, camping avec travers\u00e9e de la N12&#8221; en devant, \u00e0 tour de r\u00f4le, choisir la bonne d\u00e9cision ou le bon geste au fur et \u00e0 mesure des situations de circulation rencontr\u00e9es. Concentration, attention, observation, anticipation et maitrise de sa bicyclette sont sollicit\u00e9es tout au long de ce petit p\u00e9riple. <\/p>\n\n\n\n<p>Des ateliers combinant code de la route et maniabilit\u00e9 propos\u00e9s dans le m\u00eame temps au camping permettent de consolider et d&#8217;\u00e9valuer les comp\u00e9tences travaill\u00e9es tout au long de la semaine.<\/p>\n\n\n<div class=\"wp-block-image is-style-rounded\">\n<figure class=\"aligncenter size-large\"><img loading=\"lazy\" decoding=\"async\" width=\"1024\" height=\"768\" src=\"https:\/\/cyclosdesavaloirs.fr\/wp-content\/uploads\/2025\/06\/IMG_5718-1024x768.jpg\" alt=\"\" class=\"wp-image-4207\" srcset=\"https:\/\/cyclosdesavaloirs.fr\/wp-content\/uploads\/2025\/06\/IMG_5718-1024x768.jpg 1024w, https:\/\/cyclosdesavaloirs.fr\/wp-content\/uploads\/2025\/06\/IMG_5718-300x225.jpg 300w, https:\/\/cyclosdesavaloirs.fr\/wp-content\/uploads\/2025\/06\/IMG_5718-768x576.jpg 768w, https:\/\/cyclosdesavaloirs.fr\/wp-content\/uploads\/2025\/06\/IMG_5718-1536x1152.jpg 1536w, https:\/\/cyclosdesavaloirs.fr\/wp-content\/uploads\/2025\/06\/IMG_5718-600x450.jpg 600w, https:\/\/cyclosdesavaloirs.fr\/wp-content\/uploads\/2025\/06\/IMG_5718.jpg 2016w\" sizes=\"auto, (max-width: 1024px) 100vw, 1024px\" \/><figcaption class=\"wp-element-caption\"><strong>Quand le v\u00e9lo s&#8217;empare de la rue&#8230;<\/strong><\/figcaption><\/figure>\n<\/div>\n\n<div class=\"wp-block-image is-style-rounded\">\n<figure class=\"aligncenter size-large\"><img loading=\"lazy\" decoding=\"async\" width=\"768\" height=\"1024\" src=\"https:\/\/cyclosdesavaloirs.fr\/wp-content\/uploads\/2025\/06\/IMG_20250620_143613-768x1024.jpg\" alt=\"\" class=\"wp-image-4233\" srcset=\"https:\/\/cyclosdesavaloirs.fr\/wp-content\/uploads\/2025\/06\/IMG_20250620_143613-768x1024.jpg 768w, https:\/\/cyclosdesavaloirs.fr\/wp-content\/uploads\/2025\/06\/IMG_20250620_143613-225x300.jpg 225w, https:\/\/cyclosdesavaloirs.fr\/wp-content\/uploads\/2025\/06\/IMG_20250620_143613-1152x1536.jpg 1152w, https:\/\/cyclosdesavaloirs.fr\/wp-content\/uploads\/2025\/06\/IMG_20250620_143613-1536x2048.jpg 1536w, https:\/\/cyclosdesavaloirs.fr\/wp-content\/uploads\/2025\/06\/IMG_20250620_143613-scaled.jpg 1920w\" sizes=\"auto, (max-width: 768px) 100vw, 768px\" \/><\/figure>\n<\/div>\n\n<div class=\"wp-block-image is-style-rounded\">\n<figure class=\"aligncenter size-large\"><img loading=\"lazy\" decoding=\"async\" width=\"768\" height=\"1024\" src=\"https:\/\/cyclosdesavaloirs.fr\/wp-content\/uploads\/2025\/06\/IMG_20250620_144327-768x1024.jpg\" alt=\"\" class=\"wp-image-4235\" srcset=\"https:\/\/cyclosdesavaloirs.fr\/wp-content\/uploads\/2025\/06\/IMG_20250620_144327-768x1024.jpg 768w, https:\/\/cyclosdesavaloirs.fr\/wp-content\/uploads\/2025\/06\/IMG_20250620_144327-225x300.jpg 225w, https:\/\/cyclosdesavaloirs.fr\/wp-content\/uploads\/2025\/06\/IMG_20250620_144327-1152x1536.jpg 1152w, https:\/\/cyclosdesavaloirs.fr\/wp-content\/uploads\/2025\/06\/IMG_20250620_144327-1536x2048.jpg 1536w, https:\/\/cyclosdesavaloirs.fr\/wp-content\/uploads\/2025\/06\/IMG_20250620_144327-scaled.jpg 1920w\" sizes=\"auto, (max-width: 768px) 100vw, 768px\" \/><\/figure>\n<\/div>\n\n<div class=\"wp-block-image is-style-rounded\">\n<figure class=\"aligncenter size-large\"><img loading=\"lazy\" decoding=\"async\" width=\"768\" height=\"1024\" src=\"https:\/\/cyclosdesavaloirs.fr\/wp-content\/uploads\/2025\/06\/IMG_20250620_144723-768x1024.jpg\" alt=\"\" class=\"wp-image-4236\" srcset=\"https:\/\/cyclosdesavaloirs.fr\/wp-content\/uploads\/2025\/06\/IMG_20250620_144723-768x1024.jpg 768w, https:\/\/cyclosdesavaloirs.fr\/wp-content\/uploads\/2025\/06\/IMG_20250620_144723-225x300.jpg 225w, https:\/\/cyclosdesavaloirs.fr\/wp-content\/uploads\/2025\/06\/IMG_20250620_144723-1152x1536.jpg 1152w, https:\/\/cyclosdesavaloirs.fr\/wp-content\/uploads\/2025\/06\/IMG_20250620_144723-1536x2048.jpg 1536w, https:\/\/cyclosdesavaloirs.fr\/wp-content\/uploads\/2025\/06\/IMG_20250620_144723-scaled.jpg 1920w\" sizes=\"auto, (max-width: 768px) 100vw, 768px\" \/><\/figure>\n<\/div>\n\n<div class=\"wp-block-image is-style-rounded\">\n<figure class=\"aligncenter size-large\"><img loading=\"lazy\" decoding=\"async\" width=\"768\" height=\"1024\" src=\"https:\/\/cyclosdesavaloirs.fr\/wp-content\/uploads\/2025\/06\/IMG_20250620_145404-768x1024.jpg\" alt=\"\" class=\"wp-image-4237\" srcset=\"https:\/\/cyclosdesavaloirs.fr\/wp-content\/uploads\/2025\/06\/IMG_20250620_145404-768x1024.jpg 768w, https:\/\/cyclosdesavaloirs.fr\/wp-content\/uploads\/2025\/06\/IMG_20250620_145404-225x300.jpg 225w, https:\/\/cyclosdesavaloirs.fr\/wp-content\/uploads\/2025\/06\/IMG_20250620_145404-1152x1536.jpg 1152w, https:\/\/cyclosdesavaloirs.fr\/wp-content\/uploads\/2025\/06\/IMG_20250620_145404-1536x2048.jpg 1536w, https:\/\/cyclosdesavaloirs.fr\/wp-content\/uploads\/2025\/06\/IMG_20250620_145404-scaled.jpg 1920w\" sizes=\"auto, (max-width: 768px) 100vw, 768px\" \/><\/figure>\n<\/div>\n\n<div class=\"wp-block-image is-style-rounded\">\n<figure class=\"aligncenter size-large\"><img loading=\"lazy\" decoding=\"async\" width=\"768\" height=\"1024\" src=\"https:\/\/cyclosdesavaloirs.fr\/wp-content\/uploads\/2025\/06\/IMG_20250620_145544-768x1024.jpg\" alt=\"\" class=\"wp-image-4238\" srcset=\"https:\/\/cyclosdesavaloirs.fr\/wp-content\/uploads\/2025\/06\/IMG_20250620_145544-768x1024.jpg 768w, https:\/\/cyclosdesavaloirs.fr\/wp-content\/uploads\/2025\/06\/IMG_20250620_145544-225x300.jpg 225w, https:\/\/cyclosdesavaloirs.fr\/wp-content\/uploads\/2025\/06\/IMG_20250620_145544-1152x1536.jpg 1152w, https:\/\/cyclosdesavaloirs.fr\/wp-content\/uploads\/2025\/06\/IMG_20250620_145544-1536x2048.jpg 1536w, https:\/\/cyclosdesavaloirs.fr\/wp-content\/uploads\/2025\/06\/IMG_20250620_145544-scaled.jpg 1920w\" sizes=\"auto, (max-width: 768px) 100vw, 768px\" \/><\/figure>\n<\/div>\n\n<div class=\"wp-block-image is-style-rounded\">\n<figure class=\"aligncenter size-large\"><img loading=\"lazy\" decoding=\"async\" width=\"768\" height=\"1024\" src=\"https:\/\/cyclosdesavaloirs.fr\/wp-content\/uploads\/2025\/06\/IMG_20250620_152736-768x1024.jpg\" alt=\"\" class=\"wp-image-4239\" srcset=\"https:\/\/cyclosdesavaloirs.fr\/wp-content\/uploads\/2025\/06\/IMG_20250620_152736-768x1024.jpg 768w, https:\/\/cyclosdesavaloirs.fr\/wp-content\/uploads\/2025\/06\/IMG_20250620_152736-225x300.jpg 225w, https:\/\/cyclosdesavaloirs.fr\/wp-content\/uploads\/2025\/06\/IMG_20250620_152736-1152x1536.jpg 1152w, https:\/\/cyclosdesavaloirs.fr\/wp-content\/uploads\/2025\/06\/IMG_20250620_152736-1536x2048.jpg 1536w, https:\/\/cyclosdesavaloirs.fr\/wp-content\/uploads\/2025\/06\/IMG_20250620_152736-scaled.jpg 1920w\" sizes=\"auto, (max-width: 768px) 100vw, 768px\" \/><\/figure>\n<\/div>\n\n<div class=\"wp-block-image is-style-rounded\">\n<figure class=\"aligncenter size-large\"><img loading=\"lazy\" decoding=\"async\" width=\"768\" height=\"1024\" src=\"https:\/\/cyclosdesavaloirs.fr\/wp-content\/uploads\/2025\/06\/IMG_20250620_152530-768x1024.jpg\" alt=\"\" class=\"wp-image-4240\" srcset=\"https:\/\/cyclosdesavaloirs.fr\/wp-content\/uploads\/2025\/06\/IMG_20250620_152530-768x1024.jpg 768w, https:\/\/cyclosdesavaloirs.fr\/wp-content\/uploads\/2025\/06\/IMG_20250620_152530-225x300.jpg 225w, https:\/\/cyclosdesavaloirs.fr\/wp-content\/uploads\/2025\/06\/IMG_20250620_152530-1152x1536.jpg 1152w, https:\/\/cyclosdesavaloirs.fr\/wp-content\/uploads\/2025\/06\/IMG_20250620_152530-1536x2048.jpg 1536w, https:\/\/cyclosdesavaloirs.fr\/wp-content\/uploads\/2025\/06\/IMG_20250620_152530-scaled.jpg 1920w\" sizes=\"auto, (max-width: 768px) 100vw, 768px\" \/><\/figure>\n<\/div>\n\n<div class=\"wp-block-image is-style-rounded\">\n<figure class=\"aligncenter size-large\"><img loading=\"lazy\" decoding=\"async\" width=\"768\" height=\"1024\" src=\"https:\/\/cyclosdesavaloirs.fr\/wp-content\/uploads\/2025\/06\/IMG_20250620_145556-768x1024.jpg\" alt=\"\" class=\"wp-image-4246\" srcset=\"https:\/\/cyclosdesavaloirs.fr\/wp-content\/uploads\/2025\/06\/IMG_20250620_145556-768x1024.jpg 768w, https:\/\/cyclosdesavaloirs.fr\/wp-content\/uploads\/2025\/06\/IMG_20250620_145556-225x300.jpg 225w, https:\/\/cyclosdesavaloirs.fr\/wp-content\/uploads\/2025\/06\/IMG_20250620_145556-1152x1536.jpg 1152w, https:\/\/cyclosdesavaloirs.fr\/wp-content\/uploads\/2025\/06\/IMG_20250620_145556-1536x2048.jpg 1536w, https:\/\/cyclosdesavaloirs.fr\/wp-content\/uploads\/2025\/06\/IMG_20250620_145556-scaled.jpg 1920w\" sizes=\"auto, (max-width: 768px) 100vw, 768px\" \/><\/figure>\n<\/div>\n\n<div class=\"wp-block-image is-style-rounded\">\n<figure class=\"aligncenter size-large\"><img loading=\"lazy\" decoding=\"async\" width=\"768\" height=\"1024\" src=\"https:\/\/cyclosdesavaloirs.fr\/wp-content\/uploads\/2025\/06\/IMG_20250620_152447-768x1024.jpg\" alt=\"\" class=\"wp-image-4241\" srcset=\"https:\/\/cyclosdesavaloirs.fr\/wp-content\/uploads\/2025\/06\/IMG_20250620_152447-768x1024.jpg 768w, https:\/\/cyclosdesavaloirs.fr\/wp-content\/uploads\/2025\/06\/IMG_20250620_152447-225x300.jpg 225w, https:\/\/cyclosdesavaloirs.fr\/wp-content\/uploads\/2025\/06\/IMG_20250620_152447-1152x1536.jpg 1152w, https:\/\/cyclosdesavaloirs.fr\/wp-content\/uploads\/2025\/06\/IMG_20250620_152447-1536x2048.jpg 1536w, https:\/\/cyclosdesavaloirs.fr\/wp-content\/uploads\/2025\/06\/IMG_20250620_152447-scaled.jpg 1920w\" sizes=\"auto, (max-width: 768px) 100vw, 768px\" \/><\/figure>\n<\/div>\n\n\n<p class=\"has-text-align-left\">Apr\u00e8s l&#8217;effort, place \u00e0 la remise officielle des attestations. Tous les \u00e9l\u00e8ves de cycle 3, r\u00e9unis sous le pr\u00e9au de l&#8217;\u00e9cole, se voient remettre sous les applaudissements de leurs camarades, le pr\u00e9cieux &#8220;s\u00e9same&#8221; du &#8220;Savoir rouler \u00e0 v\u00e9lo&#8221; accompagn\u00e9 du traditionnel porte-cl\u00e9 des Cyclos des Avaloirs. Les sourires sur les visages rougis par le soleil et les efforts en disent long sur la fiert\u00e9 et le plaisir d&#8217;avoir particip\u00e9 activement \u00e0 cette op\u00e9ration. Jeunes cyclistes, bon vent \u00e0 vous, et surtout soyez prudents ! <\/p>\n\n\n<div class=\"wp-block-image is-style-rounded\">\n<figure class=\"aligncenter size-large\"><img loading=\"lazy\" decoding=\"async\" width=\"1024\" height=\"768\" src=\"https:\/\/cyclosdesavaloirs.fr\/wp-content\/uploads\/2025\/06\/IMG_5722-1-1024x768.jpg\" alt=\"\" class=\"wp-image-4208\" srcset=\"https:\/\/cyclosdesavaloirs.fr\/wp-content\/uploads\/2025\/06\/IMG_5722-1-1024x768.jpg 1024w, https:\/\/cyclosdesavaloirs.fr\/wp-content\/uploads\/2025\/06\/IMG_5722-1-300x225.jpg 300w, https:\/\/cyclosdesavaloirs.fr\/wp-content\/uploads\/2025\/06\/IMG_5722-1-768x576.jpg 768w, https:\/\/cyclosdesavaloirs.fr\/wp-content\/uploads\/2025\/06\/IMG_5722-1-1536x1152.jpg 1536w, https:\/\/cyclosdesavaloirs.fr\/wp-content\/uploads\/2025\/06\/IMG_5722-1-600x450.jpg 600w, https:\/\/cyclosdesavaloirs.fr\/wp-content\/uploads\/2025\/06\/IMG_5722-1.jpg 2016w\" sizes=\"auto, (max-width: 1024px) 100vw, 1024px\" \/><figcaption class=\"wp-element-caption\">Place \u00e0 la remise des dipl\u00f4mes !<\/figcaption><\/figure>\n<\/div>\n\n<div class=\"wp-block-image is-style-rounded\">\n<figure class=\"aligncenter size-large\"><img loading=\"lazy\" decoding=\"async\" width=\"768\" height=\"1024\" src=\"https:\/\/cyclosdesavaloirs.fr\/wp-content\/uploads\/2025\/06\/IMG_20250620_162953-768x1024.jpg\" alt=\"\" class=\"wp-image-4242\" srcset=\"https:\/\/cyclosdesavaloirs.fr\/wp-content\/uploads\/2025\/06\/IMG_20250620_162953-768x1024.jpg 768w, https:\/\/cyclosdesavaloirs.fr\/wp-content\/uploads\/2025\/06\/IMG_20250620_162953-225x300.jpg 225w, https:\/\/cyclosdesavaloirs.fr\/wp-content\/uploads\/2025\/06\/IMG_20250620_162953-1152x1536.jpg 1152w, https:\/\/cyclosdesavaloirs.fr\/wp-content\/uploads\/2025\/06\/IMG_20250620_162953-1536x2048.jpg 1536w, https:\/\/cyclosdesavaloirs.fr\/wp-content\/uploads\/2025\/06\/IMG_20250620_162953-scaled.jpg 1920w\" sizes=\"auto, (max-width: 768px) 100vw, 768px\" \/><\/figure>\n<\/div>\n\n<div class=\"wp-block-image is-style-rounded\">\n<figure class=\"aligncenter size-large\"><img loading=\"lazy\" decoding=\"async\" width=\"768\" height=\"1024\" src=\"https:\/\/cyclosdesavaloirs.fr\/wp-content\/uploads\/2025\/06\/IMG_20250620_163019-768x1024.jpg\" alt=\"\" class=\"wp-image-4243\" srcset=\"https:\/\/cyclosdesavaloirs.fr\/wp-content\/uploads\/2025\/06\/IMG_20250620_163019-768x1024.jpg 768w, https:\/\/cyclosdesavaloirs.fr\/wp-content\/uploads\/2025\/06\/IMG_20250620_163019-225x300.jpg 225w, https:\/\/cyclosdesavaloirs.fr\/wp-content\/uploads\/2025\/06\/IMG_20250620_163019-1152x1536.jpg 1152w, https:\/\/cyclosdesavaloirs.fr\/wp-content\/uploads\/2025\/06\/IMG_20250620_163019-1536x2048.jpg 1536w, https:\/\/cyclosdesavaloirs.fr\/wp-content\/uploads\/2025\/06\/IMG_20250620_163019-scaled.jpg 1920w\" sizes=\"auto, (max-width: 768px) 100vw, 768px\" \/><\/figure>\n<\/div>\n\n<div class=\"wp-block-image is-style-rounded\">\n<figure class=\"aligncenter size-large\"><img loading=\"lazy\" decoding=\"async\" width=\"768\" height=\"1024\" src=\"https:\/\/cyclosdesavaloirs.fr\/wp-content\/uploads\/2025\/06\/IMG_20250620_163032-768x1024.jpg\" alt=\"\" class=\"wp-image-4244\" srcset=\"https:\/\/cyclosdesavaloirs.fr\/wp-content\/uploads\/2025\/06\/IMG_20250620_163032-768x1024.jpg 768w, https:\/\/cyclosdesavaloirs.fr\/wp-content\/uploads\/2025\/06\/IMG_20250620_163032-225x300.jpg 225w, https:\/\/cyclosdesavaloirs.fr\/wp-content\/uploads\/2025\/06\/IMG_20250620_163032-1152x1536.jpg 1152w, https:\/\/cyclosdesavaloirs.fr\/wp-content\/uploads\/2025\/06\/IMG_20250620_163032-1536x2048.jpg 1536w, https:\/\/cyclosdesavaloirs.fr\/wp-content\/uploads\/2025\/06\/IMG_20250620_163032-scaled.jpg 1920w\" sizes=\"auto, (max-width: 768px) 100vw, 768px\" \/><\/figure>\n<\/div>\n\n\n<p class=\"has-text-align-center\"><strong>Rendez-vous aux balades d&#8217;\u00e9t\u00e9 des Cyclos<\/strong><\/p>\n","protected":false},"excerpt":{"rendered":"<p>Dernier chapitre du &#8220;Savoir rouler \u00e0 v\u00e9lo&#8221; pour les \u00e9l\u00e8ves du cycle 3 de l&#8217;\u00e9cole St Joseph en ce vendredi. La classe migre au terrain<\/p>\n","protected":false},"author":1,"featured_media":0,"parent":0,"menu_order":0,"comment_status":"closed","ping_status":"closed","template":"","meta":{"footnotes":""},"class_list":["post-4202","page","type-page","status-publish","hentry","comments-off"],"yoast_head":"<!-- This site is optimized with the Yoast SEO plugin v27.4 - https:\/\/yoast.com\/product\/yoast-seo-wordpress\/ -->\n<title>Jour 7 : A nous, l&#039;autonomie - CYCLOS DES AVALOIRS<\/title>\n<meta name=\"robots\" content=\"index, follow, max-snippet:-1, max-image-preview:large, max-video-preview:-1\" \/>\n<link rel=\"canonical\" href=\"https:\/\/cyclosdesavaloirs.fr\/index.php\/jour-7-a-nous-lautonomie\/\" \/>\n<meta property=\"og:locale\" content=\"en_US\" \/>\n<meta property=\"og:type\" content=\"article\" \/>\n<meta property=\"og:title\" content=\"Jour 7 : A nous, l&#039;autonomie - CYCLOS DES AVALOIRS\" \/>\n<meta property=\"og:description\" content=\"Dernier chapitre du &#8220;Savoir rouler \u00e0 v\u00e9lo&#8221; pour les \u00e9l\u00e8ves du cycle 3 de l&#8217;\u00e9cole St Joseph en ce vendredi. La classe migre au terrain\" \/>\n<meta property=\"og:url\" content=\"https:\/\/cyclosdesavaloirs.fr\/index.php\/jour-7-a-nous-lautonomie\/\" \/>\n<meta property=\"og:site_name\" content=\"CYCLOS DES AVALOIRS\" \/>\n<meta property=\"article:publisher\" content=\"https:\/\/www.facebook.com\/Cyclos-des-Avaloirs-108867535260146\" \/>\n<meta property=\"article:modified_time\" content=\"2025-06-22T15:46:57+00:00\" \/>\n<meta property=\"og:image\" content=\"https:\/\/cyclosdesavaloirs.fr\/wp-content\/uploads\/2025\/06\/IMG_5716-1024x768.jpg\" \/>\n<meta name=\"twitter:card\" content=\"summary_large_image\" \/>\n<meta name=\"twitter:label1\" content=\"Est. reading time\" \/>\n\t<meta name=\"twitter:data1\" content=\"5 minutes\" \/>\n<script type=\"application\/ld+json\" class=\"yoast-schema-graph\">{\"@context\":\"https:\\\/\\\/schema.org\",\"@graph\":[{\"@type\":\"WebPage\",\"@id\":\"https:\\\/\\\/cyclosdesavaloirs.fr\\\/index.php\\\/jour-7-a-nous-lautonomie\\\/\",\"url\":\"https:\\\/\\\/cyclosdesavaloirs.fr\\\/index.php\\\/jour-7-a-nous-lautonomie\\\/\",\"name\":\"Jour 7 : A nous, l'autonomie - CYCLOS DES AVALOIRS\",\"isPartOf\":{\"@id\":\"https:\\\/\\\/cyclosdesavaloirs.fr\\\/#website\"},\"primaryImageOfPage\":{\"@id\":\"https:\\\/\\\/cyclosdesavaloirs.fr\\\/index.php\\\/jour-7-a-nous-lautonomie\\\/#primaryimage\"},\"image\":{\"@id\":\"https:\\\/\\\/cyclosdesavaloirs.fr\\\/index.php\\\/jour-7-a-nous-lautonomie\\\/#primaryimage\"},\"thumbnailUrl\":\"https:\\\/\\\/cyclosdesavaloirs.fr\\\/wp-content\\\/uploads\\\/2025\\\/06\\\/IMG_5716-1024x768.jpg\",\"datePublished\":\"2025-06-21T06:15:48+00:00\",\"dateModified\":\"2025-06-22T15:46:57+00:00\",\"breadcrumb\":{\"@id\":\"https:\\\/\\\/cyclosdesavaloirs.fr\\\/index.php\\\/jour-7-a-nous-lautonomie\\\/#breadcrumb\"},\"inLanguage\":\"en-US\",\"potentialAction\":[{\"@type\":\"ReadAction\",\"target\":[\"https:\\\/\\\/cyclosdesavaloirs.fr\\\/index.php\\\/jour-7-a-nous-lautonomie\\\/\"]}]},{\"@type\":\"ImageObject\",\"inLanguage\":\"en-US\",\"@id\":\"https:\\\/\\\/cyclosdesavaloirs.fr\\\/index.php\\\/jour-7-a-nous-lautonomie\\\/#primaryimage\",\"url\":\"https:\\\/\\\/cyclosdesavaloirs.fr\\\/wp-content\\\/uploads\\\/2025\\\/06\\\/IMG_5716.jpg\",\"contentUrl\":\"https:\\\/\\\/cyclosdesavaloirs.fr\\\/wp-content\\\/uploads\\\/2025\\\/06\\\/IMG_5716.jpg\",\"width\":2016,\"height\":1512},{\"@type\":\"BreadcrumbList\",\"@id\":\"https:\\\/\\\/cyclosdesavaloirs.fr\\\/index.php\\\/jour-7-a-nous-lautonomie\\\/#breadcrumb\",\"itemListElement\":[{\"@type\":\"ListItem\",\"position\":1,\"name\":\"Accueil\",\"item\":\"https:\\\/\\\/cyclosdesavaloirs.fr\\\/\"},{\"@type\":\"ListItem\",\"position\":2,\"name\":\"Jour 7 : A nous, l&#8217;autonomie\"}]},{\"@type\":\"WebSite\",\"@id\":\"https:\\\/\\\/cyclosdesavaloirs.fr\\\/#website\",\"url\":\"https:\\\/\\\/cyclosdesavaloirs.fr\\\/\",\"name\":\"CYCLOS DES AVALOIRS\",\"description\":\"A v\u00e9lo, tout est plus beau et \u00e0 plusieurs, c&#039;est encore meilleur !\",\"publisher\":{\"@id\":\"https:\\\/\\\/cyclosdesavaloirs.fr\\\/#organization\"},\"potentialAction\":[{\"@type\":\"SearchAction\",\"target\":{\"@type\":\"EntryPoint\",\"urlTemplate\":\"https:\\\/\\\/cyclosdesavaloirs.fr\\\/?s={search_term_string}\"},\"query-input\":{\"@type\":\"PropertyValueSpecification\",\"valueRequired\":true,\"valueName\":\"search_term_string\"}}],\"inLanguage\":\"en-US\"},{\"@type\":\"Organization\",\"@id\":\"https:\\\/\\\/cyclosdesavaloirs.fr\\\/#organization\",\"name\":\"CYCLOS DES AVALOIRS\",\"url\":\"https:\\\/\\\/cyclosdesavaloirs.fr\\\/\",\"logo\":{\"@type\":\"ImageObject\",\"inLanguage\":\"en-US\",\"@id\":\"https:\\\/\\\/cyclosdesavaloirs.fr\\\/#\\\/schema\\\/logo\\\/image\\\/\",\"url\":\"https:\\\/\\\/cyclosdesavaloirs.fr\\\/wp-content\\\/uploads\\\/2022\\\/06\\\/cropped-cropped-cropped-cropped-LOGO_CYLCOS-1.png\",\"contentUrl\":\"https:\\\/\\\/cyclosdesavaloirs.fr\\\/wp-content\\\/uploads\\\/2022\\\/06\\\/cropped-cropped-cropped-cropped-LOGO_CYLCOS-1.png\",\"width\":240,\"height\":240,\"caption\":\"CYCLOS DES AVALOIRS\"},\"image\":{\"@id\":\"https:\\\/\\\/cyclosdesavaloirs.fr\\\/#\\\/schema\\\/logo\\\/image\\\/\"},\"sameAs\":[\"https:\\\/\\\/www.facebook.com\\\/Cyclos-des-Avaloirs-108867535260146\"]}]}<\/script>\n<!-- \/ Yoast SEO plugin. -->","yoast_head_json":{"title":"Jour 7 : A nous, l'autonomie - CYCLOS DES AVALOIRS","robots":{"index":"index","follow":"follow","max-snippet":"max-snippet:-1","max-image-preview":"max-image-preview:large","max-video-preview":"max-video-preview:-1"},"canonical":"https:\/\/cyclosdesavaloirs.fr\/index.php\/jour-7-a-nous-lautonomie\/","og_locale":"en_US","og_type":"article","og_title":"Jour 7 : A nous, l'autonomie - CYCLOS DES AVALOIRS","og_description":"Dernier chapitre du &#8220;Savoir rouler \u00e0 v\u00e9lo&#8221; pour les \u00e9l\u00e8ves du cycle 3 de l&#8217;\u00e9cole St Joseph en ce vendredi. La classe migre au terrain","og_url":"https:\/\/cyclosdesavaloirs.fr\/index.php\/jour-7-a-nous-lautonomie\/","og_site_name":"CYCLOS DES AVALOIRS","article_publisher":"https:\/\/www.facebook.com\/Cyclos-des-Avaloirs-108867535260146","article_modified_time":"2025-06-22T15:46:57+00:00","og_image":[{"url":"https:\/\/cyclosdesavaloirs.fr\/wp-content\/uploads\/2025\/06\/IMG_5716-1024x768.jpg","type":"","width":"","height":""}],"twitter_card":"summary_large_image","twitter_misc":{"Est. reading time":"5 minutes"},"schema":{"@context":"https:\/\/schema.org","@graph":[{"@type":"WebPage","@id":"https:\/\/cyclosdesavaloirs.fr\/index.php\/jour-7-a-nous-lautonomie\/","url":"https:\/\/cyclosdesavaloirs.fr\/index.php\/jour-7-a-nous-lautonomie\/","name":"Jour 7 : A nous, l'autonomie - CYCLOS DES AVALOIRS","isPartOf":{"@id":"https:\/\/cyclosdesavaloirs.fr\/#website"},"primaryImageOfPage":{"@id":"https:\/\/cyclosdesavaloirs.fr\/index.php\/jour-7-a-nous-lautonomie\/#primaryimage"},"image":{"@id":"https:\/\/cyclosdesavaloirs.fr\/index.php\/jour-7-a-nous-lautonomie\/#primaryimage"},"thumbnailUrl":"https:\/\/cyclosdesavaloirs.fr\/wp-content\/uploads\/2025\/06\/IMG_5716-1024x768.jpg","datePublished":"2025-06-21T06:15:48+00:00","dateModified":"2025-06-22T15:46:57+00:00","breadcrumb":{"@id":"https:\/\/cyclosdesavaloirs.fr\/index.php\/jour-7-a-nous-lautonomie\/#breadcrumb"},"inLanguage":"en-US","potentialAction":[{"@type":"ReadAction","target":["https:\/\/cyclosdesavaloirs.fr\/index.php\/jour-7-a-nous-lautonomie\/"]}]},{"@type":"ImageObject","inLanguage":"en-US","@id":"https:\/\/cyclosdesavaloirs.fr\/index.php\/jour-7-a-nous-lautonomie\/#primaryimage","url":"https:\/\/cyclosdesavaloirs.fr\/wp-content\/uploads\/2025\/06\/IMG_5716.jpg","contentUrl":"https:\/\/cyclosdesavaloirs.fr\/wp-content\/uploads\/2025\/06\/IMG_5716.jpg","width":2016,"height":1512},{"@type":"BreadcrumbList","@id":"https:\/\/cyclosdesavaloirs.fr\/index.php\/jour-7-a-nous-lautonomie\/#breadcrumb","itemListElement":[{"@type":"ListItem","position":1,"name":"Accueil","item":"https:\/\/cyclosdesavaloirs.fr\/"},{"@type":"ListItem","position":2,"name":"Jour 7 : A nous, l&#8217;autonomie"}]},{"@type":"WebSite","@id":"https:\/\/cyclosdesavaloirs.fr\/#website","url":"https:\/\/cyclosdesavaloirs.fr\/","name":"CYCLOS DES AVALOIRS","description":"A v\u00e9lo, tout est plus beau et \u00e0 plusieurs, c&#039;est encore meilleur !","publisher":{"@id":"https:\/\/cyclosdesavaloirs.fr\/#organization"},"potentialAction":[{"@type":"SearchAction","target":{"@type":"EntryPoint","urlTemplate":"https:\/\/cyclosdesavaloirs.fr\/?s={search_term_string}"},"query-input":{"@type":"PropertyValueSpecification","valueRequired":true,"valueName":"search_term_string"}}],"inLanguage":"en-US"},{"@type":"Organization","@id":"https:\/\/cyclosdesavaloirs.fr\/#organization","name":"CYCLOS DES AVALOIRS","url":"https:\/\/cyclosdesavaloirs.fr\/","logo":{"@type":"ImageObject","inLanguage":"en-US","@id":"https:\/\/cyclosdesavaloirs.fr\/#\/schema\/logo\/image\/","url":"https:\/\/cyclosdesavaloirs.fr\/wp-content\/uploads\/2022\/06\/cropped-cropped-cropped-cropped-LOGO_CYLCOS-1.png","contentUrl":"https:\/\/cyclosdesavaloirs.fr\/wp-content\/uploads\/2022\/06\/cropped-cropped-cropped-cropped-LOGO_CYLCOS-1.png","width":240,"height":240,"caption":"CYCLOS DES AVALOIRS"},"image":{"@id":"https:\/\/cyclosdesavaloirs.fr\/#\/schema\/logo\/image\/"},"sameAs":["https:\/\/www.facebook.com\/Cyclos-des-Avaloirs-108867535260146"]}]}},"_links":{"self":[{"href":"https:\/\/cyclosdesavaloirs.fr\/index.php\/wp-json\/wp\/v2\/pages\/4202","targetHints":{"allow":["GET"]}}],"collection":[{"href":"https:\/\/cyclosdesavaloirs.fr\/index.php\/wp-json\/wp\/v2\/pages"}],"about":[{"href":"https:\/\/cyclosdesavaloirs.fr\/index.php\/wp-json\/wp\/v2\/types\/page"}],"author":[{"embeddable":true,"href":"https:\/\/cyclosdesavaloirs.fr\/index.php\/wp-json\/wp\/v2\/users\/1"}],"replies":[{"embeddable":true,"href":"https:\/\/cyclosdesavaloirs.fr\/index.php\/wp-json\/wp\/v2\/comments?post=4202"}],"version-history":[{"count":6,"href":"https:\/\/cyclosdesavaloirs.fr\/index.php\/wp-json\/wp\/v2\/pages\/4202\/revisions"}],"predecessor-version":[{"id":4248,"href":"https:\/\/cyclosdesavaloirs.fr\/index.php\/wp-json\/wp\/v2\/pages\/4202\/revisions\/4248"}],"wp:attachment":[{"href":"https:\/\/cyclosdesavaloirs.fr\/index.php\/wp-json\/wp\/v2\/media?parent=4202"}],"curies":[{"name":"wp","href":"https:\/\/api.w.org\/{rel}","templated":true}]}}