{"id":4370,"date":"2025-07-18T08:36:48","date_gmt":"2025-07-18T06:36:48","guid":{"rendered":"https:\/\/cyclosdesavaloirs.fr\/?page_id=4370"},"modified":"2025-07-24T08:18:24","modified_gmt":"2025-07-24T06:18:24","slug":"balades-dete-n4","status":"publish","type":"page","link":"https:\/\/cyclosdesavaloirs.fr\/index.php\/balades-dete-n4\/","title":{"rendered":"Balade d&#8217;\u00e9t\u00e9 n\u00b0 4"},"content":{"rendered":"\n<p>Les absents ont eu tort&#8230;<\/p>\n\n\n\n<p>Malgr\u00e9 la pluie mena\u00e7ante, pr\u00e8s d&#8217;une quarantaine de baladins \u00e9taient pr\u00e9sents pour la 4\u00e8me balade d&#8217;\u00e9t\u00e9 des Cyclos des Avaloirs. Ciel cendr\u00e9, voies douce et verte, sentiers escarp\u00e9s et routes pittoresques, village de St Samson, \u00e9tang de la Blandini\u00e8re, route de la Frette et son panorama \u00e0 360 \u00b0&#8230; <\/p>\n\n\n\n<p class=\"has-text-align-center\">Tel \u00e9tait le menu du soir que petits et grands, cheveux aux vent, ont d\u00e9gust\u00e9 sans mod\u00e9ration.<\/p>\n\n\n<div class=\"wp-block-image is-style-rounded\">\n<figure class=\"aligncenter size-large is-resized\"><img loading=\"lazy\" decoding=\"async\" width=\"1024\" height=\"768\" src=\"https:\/\/cyclosdesavaloirs.fr\/wp-content\/uploads\/2025\/07\/image-10-1024x768.png\" alt=\"\" class=\"wp-image-4415\" style=\"width:580px;height:auto\" srcset=\"https:\/\/cyclosdesavaloirs.fr\/wp-content\/uploads\/2025\/07\/image-10-1024x768.png 1024w, https:\/\/cyclosdesavaloirs.fr\/wp-content\/uploads\/2025\/07\/image-10-300x225.png 300w, https:\/\/cyclosdesavaloirs.fr\/wp-content\/uploads\/2025\/07\/image-10-768x576.png 768w, https:\/\/cyclosdesavaloirs.fr\/wp-content\/uploads\/2025\/07\/image-10-1536x1152.png 1536w, https:\/\/cyclosdesavaloirs.fr\/wp-content\/uploads\/2025\/07\/image-10-2048x1536.png 2048w, https:\/\/cyclosdesavaloirs.fr\/wp-content\/uploads\/2025\/07\/image-10-600x450.png 600w\" sizes=\"auto, (max-width: 1024px) 100vw, 1024px\" \/><figcaption class=\"wp-element-caption\">A nous la voie douce et les chemins creux !<\/figcaption><\/figure>\n<\/div>\n\n<div class=\"wp-block-image is-style-rounded\">\n<figure class=\"aligncenter size-full is-resized\"><img loading=\"lazy\" decoding=\"async\" width=\"259\" height=\"194\" src=\"https:\/\/cyclosdesavaloirs.fr\/wp-content\/uploads\/2025\/07\/image-7.png\" alt=\"\" class=\"wp-image-4412\" style=\"width:547px;height:auto\"\/><figcaption class=\"wp-element-caption\">Passage \u00e0 l&#8217;\u00e9tang de la Blandini\u00e8re<\/figcaption><\/figure>\n<\/div>\n\n<div class=\"wp-block-image is-style-rounded\">\n<figure class=\"aligncenter size-large is-resized\"><img loading=\"lazy\" decoding=\"async\" width=\"1024\" height=\"813\" src=\"https:\/\/cyclosdesavaloirs.fr\/wp-content\/uploads\/2025\/07\/image-8-1024x813.png\" alt=\"\" class=\"wp-image-4413\" style=\"width:543px;height:auto\" srcset=\"https:\/\/cyclosdesavaloirs.fr\/wp-content\/uploads\/2025\/07\/image-8-1024x813.png 1024w, https:\/\/cyclosdesavaloirs.fr\/wp-content\/uploads\/2025\/07\/image-8-300x238.png 300w, https:\/\/cyclosdesavaloirs.fr\/wp-content\/uploads\/2025\/07\/image-8-768x610.png 768w, https:\/\/cyclosdesavaloirs.fr\/wp-content\/uploads\/2025\/07\/image-8.png 1200w\" sizes=\"auto, (max-width: 1024px) 100vw, 1024px\" \/><figcaption class=\"wp-element-caption\">St Samson, son \u00e9glise et son cadran solaire<\/figcaption><\/figure>\n<\/div>\n\n<div class=\"wp-block-image is-style-rounded\">\n<figure class=\"aligncenter size-large is-resized\"><img loading=\"lazy\" decoding=\"async\" width=\"1024\" height=\"576\" src=\"https:\/\/cyclosdesavaloirs.fr\/wp-content\/uploads\/2025\/07\/image-13-1024x576.png\" alt=\"\" class=\"wp-image-4418\" style=\"width:564px;height:auto\" srcset=\"https:\/\/cyclosdesavaloirs.fr\/wp-content\/uploads\/2025\/07\/image-13-1024x576.png 1024w, https:\/\/cyclosdesavaloirs.fr\/wp-content\/uploads\/2025\/07\/image-13-300x169.png 300w, https:\/\/cyclosdesavaloirs.fr\/wp-content\/uploads\/2025\/07\/image-13-768x432.png 768w, https:\/\/cyclosdesavaloirs.fr\/wp-content\/uploads\/2025\/07\/image-13-1536x864.png 1536w, https:\/\/cyclosdesavaloirs.fr\/wp-content\/uploads\/2025\/07\/image-13-1360x765.png 1360w, https:\/\/cyclosdesavaloirs.fr\/wp-content\/uploads\/2025\/07\/image-13.png 1920w\" sizes=\"auto, (max-width: 1024px) 100vw, 1024px\" \/><figcaption class=\"wp-element-caption\">Soir d&#8217;\u00e9t\u00e9 en campagne !<\/figcaption><\/figure>\n<\/div>\n\n\n<p class=\"has-text-align-center\">Les moments de &#8220;pur plaisir&#8221; sont souvent faits de choses simples&#8230;<\/p>\n","protected":false},"excerpt":{"rendered":"<p>Les absents ont eu tort&#8230; Malgr\u00e9 la pluie mena\u00e7ante, pr\u00e8s d&#8217;une quarantaine de baladins \u00e9taient pr\u00e9sents pour la 4\u00e8me balade d&#8217;\u00e9t\u00e9 des Cyclos des Avaloirs.<\/p>\n","protected":false},"author":1,"featured_media":0,"parent":0,"menu_order":0,"comment_status":"closed","ping_status":"closed","template":"","meta":{"footnotes":""},"class_list":["post-4370","page","type-page","status-publish","hentry","comments-off"],"yoast_head":"<!-- This site is optimized with the Yoast SEO plugin v27.4 - https:\/\/yoast.com\/product\/yoast-seo-wordpress\/ -->\n<title>Balade d&#039;\u00e9t\u00e9 n\u00b0 4 - CYCLOS DES AVALOIRS<\/title>\n<meta name=\"robots\" content=\"index, follow, max-snippet:-1, max-image-preview:large, max-video-preview:-1\" \/>\n<link rel=\"canonical\" href=\"https:\/\/cyclosdesavaloirs.fr\/index.php\/balades-dete-n4\/\" \/>\n<meta property=\"og:locale\" content=\"en_US\" \/>\n<meta property=\"og:type\" content=\"article\" \/>\n<meta property=\"og:title\" content=\"Balade d&#039;\u00e9t\u00e9 n\u00b0 4 - CYCLOS DES AVALOIRS\" \/>\n<meta property=\"og:description\" content=\"Les absents ont eu tort&#8230; Malgr\u00e9 la pluie mena\u00e7ante, pr\u00e8s d&#8217;une quarantaine de baladins \u00e9taient pr\u00e9sents pour la 4\u00e8me balade d&#8217;\u00e9t\u00e9 des Cyclos des Avaloirs.\" \/>\n<meta property=\"og:url\" content=\"https:\/\/cyclosdesavaloirs.fr\/index.php\/balades-dete-n4\/\" \/>\n<meta property=\"og:site_name\" content=\"CYCLOS DES AVALOIRS\" \/>\n<meta property=\"article:publisher\" content=\"https:\/\/www.facebook.com\/Cyclos-des-Avaloirs-108867535260146\" \/>\n<meta property=\"article:modified_time\" content=\"2025-07-24T06:18:24+00:00\" \/>\n<meta property=\"og:image\" content=\"https:\/\/cyclosdesavaloirs.fr\/wp-content\/uploads\/2025\/07\/image-10-1024x768.png\" \/>\n<meta name=\"twitter:card\" content=\"summary_large_image\" \/>\n<meta name=\"twitter:label1\" content=\"Est. reading time\" \/>\n\t<meta name=\"twitter:data1\" content=\"2 minutes\" \/>\n<script type=\"application\/ld+json\" class=\"yoast-schema-graph\">{\"@context\":\"https:\\\/\\\/schema.org\",\"@graph\":[{\"@type\":\"WebPage\",\"@id\":\"https:\\\/\\\/cyclosdesavaloirs.fr\\\/index.php\\\/balades-dete-n4\\\/\",\"url\":\"https:\\\/\\\/cyclosdesavaloirs.fr\\\/index.php\\\/balades-dete-n4\\\/\",\"name\":\"Balade d'\u00e9t\u00e9 n\u00b0 4 - CYCLOS DES AVALOIRS\",\"isPartOf\":{\"@id\":\"https:\\\/\\\/cyclosdesavaloirs.fr\\\/#website\"},\"primaryImageOfPage\":{\"@id\":\"https:\\\/\\\/cyclosdesavaloirs.fr\\\/index.php\\\/balades-dete-n4\\\/#primaryimage\"},\"image\":{\"@id\":\"https:\\\/\\\/cyclosdesavaloirs.fr\\\/index.php\\\/balades-dete-n4\\\/#primaryimage\"},\"thumbnailUrl\":\"https:\\\/\\\/cyclosdesavaloirs.fr\\\/wp-content\\\/uploads\\\/2025\\\/07\\\/image-10-1024x768.png\",\"datePublished\":\"2025-07-18T06:36:48+00:00\",\"dateModified\":\"2025-07-24T06:18:24+00:00\",\"breadcrumb\":{\"@id\":\"https:\\\/\\\/cyclosdesavaloirs.fr\\\/index.php\\\/balades-dete-n4\\\/#breadcrumb\"},\"inLanguage\":\"en-US\",\"potentialAction\":[{\"@type\":\"ReadAction\",\"target\":[\"https:\\\/\\\/cyclosdesavaloirs.fr\\\/index.php\\\/balades-dete-n4\\\/\"]}]},{\"@type\":\"ImageObject\",\"inLanguage\":\"en-US\",\"@id\":\"https:\\\/\\\/cyclosdesavaloirs.fr\\\/index.php\\\/balades-dete-n4\\\/#primaryimage\",\"url\":\"https:\\\/\\\/cyclosdesavaloirs.fr\\\/wp-content\\\/uploads\\\/2025\\\/07\\\/image-10-scaled.png\",\"contentUrl\":\"https:\\\/\\\/cyclosdesavaloirs.fr\\\/wp-content\\\/uploads\\\/2025\\\/07\\\/image-10-scaled.png\",\"width\":2560,\"height\":1920},{\"@type\":\"BreadcrumbList\",\"@id\":\"https:\\\/\\\/cyclosdesavaloirs.fr\\\/index.php\\\/balades-dete-n4\\\/#breadcrumb\",\"itemListElement\":[{\"@type\":\"ListItem\",\"position\":1,\"name\":\"Accueil\",\"item\":\"https:\\\/\\\/cyclosdesavaloirs.fr\\\/\"},{\"@type\":\"ListItem\",\"position\":2,\"name\":\"Balade d&#8217;\u00e9t\u00e9 n\u00b0 4\"}]},{\"@type\":\"WebSite\",\"@id\":\"https:\\\/\\\/cyclosdesavaloirs.fr\\\/#website\",\"url\":\"https:\\\/\\\/cyclosdesavaloirs.fr\\\/\",\"name\":\"CYCLOS DES AVALOIRS\",\"description\":\"A v\u00e9lo, tout est plus beau et \u00e0 plusieurs, c&#039;est encore meilleur !\",\"publisher\":{\"@id\":\"https:\\\/\\\/cyclosdesavaloirs.fr\\\/#organization\"},\"potentialAction\":[{\"@type\":\"SearchAction\",\"target\":{\"@type\":\"EntryPoint\",\"urlTemplate\":\"https:\\\/\\\/cyclosdesavaloirs.fr\\\/?s={search_term_string}\"},\"query-input\":{\"@type\":\"PropertyValueSpecification\",\"valueRequired\":true,\"valueName\":\"search_term_string\"}}],\"inLanguage\":\"en-US\"},{\"@type\":\"Organization\",\"@id\":\"https:\\\/\\\/cyclosdesavaloirs.fr\\\/#organization\",\"name\":\"CYCLOS DES AVALOIRS\",\"url\":\"https:\\\/\\\/cyclosdesavaloirs.fr\\\/\",\"logo\":{\"@type\":\"ImageObject\",\"inLanguage\":\"en-US\",\"@id\":\"https:\\\/\\\/cyclosdesavaloirs.fr\\\/#\\\/schema\\\/logo\\\/image\\\/\",\"url\":\"https:\\\/\\\/cyclosdesavaloirs.fr\\\/wp-content\\\/uploads\\\/2022\\\/06\\\/cropped-cropped-cropped-cropped-LOGO_CYLCOS-1.png\",\"contentUrl\":\"https:\\\/\\\/cyclosdesavaloirs.fr\\\/wp-content\\\/uploads\\\/2022\\\/06\\\/cropped-cropped-cropped-cropped-LOGO_CYLCOS-1.png\",\"width\":240,\"height\":240,\"caption\":\"CYCLOS DES AVALOIRS\"},\"image\":{\"@id\":\"https:\\\/\\\/cyclosdesavaloirs.fr\\\/#\\\/schema\\\/logo\\\/image\\\/\"},\"sameAs\":[\"https:\\\/\\\/www.facebook.com\\\/Cyclos-des-Avaloirs-108867535260146\"]}]}<\/script>\n<!-- \/ Yoast SEO plugin. -->","yoast_head_json":{"title":"Balade d'\u00e9t\u00e9 n\u00b0 4 - CYCLOS DES AVALOIRS","robots":{"index":"index","follow":"follow","max-snippet":"max-snippet:-1","max-image-preview":"max-image-preview:large","max-video-preview":"max-video-preview:-1"},"canonical":"https:\/\/cyclosdesavaloirs.fr\/index.php\/balades-dete-n4\/","og_locale":"en_US","og_type":"article","og_title":"Balade d'\u00e9t\u00e9 n\u00b0 4 - CYCLOS DES AVALOIRS","og_description":"Les absents ont eu tort&#8230; Malgr\u00e9 la pluie mena\u00e7ante, pr\u00e8s d&#8217;une quarantaine de baladins \u00e9taient pr\u00e9sents pour la 4\u00e8me balade d&#8217;\u00e9t\u00e9 des Cyclos des Avaloirs.","og_url":"https:\/\/cyclosdesavaloirs.fr\/index.php\/balades-dete-n4\/","og_site_name":"CYCLOS DES AVALOIRS","article_publisher":"https:\/\/www.facebook.com\/Cyclos-des-Avaloirs-108867535260146","article_modified_time":"2025-07-24T06:18:24+00:00","og_image":[{"url":"https:\/\/cyclosdesavaloirs.fr\/wp-content\/uploads\/2025\/07\/image-10-1024x768.png","type":"","width":"","height":""}],"twitter_card":"summary_large_image","twitter_misc":{"Est. reading time":"2 minutes"},"schema":{"@context":"https:\/\/schema.org","@graph":[{"@type":"WebPage","@id":"https:\/\/cyclosdesavaloirs.fr\/index.php\/balades-dete-n4\/","url":"https:\/\/cyclosdesavaloirs.fr\/index.php\/balades-dete-n4\/","name":"Balade d'\u00e9t\u00e9 n\u00b0 4 - CYCLOS DES AVALOIRS","isPartOf":{"@id":"https:\/\/cyclosdesavaloirs.fr\/#website"},"primaryImageOfPage":{"@id":"https:\/\/cyclosdesavaloirs.fr\/index.php\/balades-dete-n4\/#primaryimage"},"image":{"@id":"https:\/\/cyclosdesavaloirs.fr\/index.php\/balades-dete-n4\/#primaryimage"},"thumbnailUrl":"https:\/\/cyclosdesavaloirs.fr\/wp-content\/uploads\/2025\/07\/image-10-1024x768.png","datePublished":"2025-07-18T06:36:48+00:00","dateModified":"2025-07-24T06:18:24+00:00","breadcrumb":{"@id":"https:\/\/cyclosdesavaloirs.fr\/index.php\/balades-dete-n4\/#breadcrumb"},"inLanguage":"en-US","potentialAction":[{"@type":"ReadAction","target":["https:\/\/cyclosdesavaloirs.fr\/index.php\/balades-dete-n4\/"]}]},{"@type":"ImageObject","inLanguage":"en-US","@id":"https:\/\/cyclosdesavaloirs.fr\/index.php\/balades-dete-n4\/#primaryimage","url":"https:\/\/cyclosdesavaloirs.fr\/wp-content\/uploads\/2025\/07\/image-10-scaled.png","contentUrl":"https:\/\/cyclosdesavaloirs.fr\/wp-content\/uploads\/2025\/07\/image-10-scaled.png","width":2560,"height":1920},{"@type":"BreadcrumbList","@id":"https:\/\/cyclosdesavaloirs.fr\/index.php\/balades-dete-n4\/#breadcrumb","itemListElement":[{"@type":"ListItem","position":1,"name":"Accueil","item":"https:\/\/cyclosdesavaloirs.fr\/"},{"@type":"ListItem","position":2,"name":"Balade d&#8217;\u00e9t\u00e9 n\u00b0 4"}]},{"@type":"WebSite","@id":"https:\/\/cyclosdesavaloirs.fr\/#website","url":"https:\/\/cyclosdesavaloirs.fr\/","name":"CYCLOS DES AVALOIRS","description":"A v\u00e9lo, tout est plus beau et \u00e0 plusieurs, c&#039;est encore meilleur !","publisher":{"@id":"https:\/\/cyclosdesavaloirs.fr\/#organization"},"potentialAction":[{"@type":"SearchAction","target":{"@type":"EntryPoint","urlTemplate":"https:\/\/cyclosdesavaloirs.fr\/?s={search_term_string}"},"query-input":{"@type":"PropertyValueSpecification","valueRequired":true,"valueName":"search_term_string"}}],"inLanguage":"en-US"},{"@type":"Organization","@id":"https:\/\/cyclosdesavaloirs.fr\/#organization","name":"CYCLOS DES AVALOIRS","url":"https:\/\/cyclosdesavaloirs.fr\/","logo":{"@type":"ImageObject","inLanguage":"en-US","@id":"https:\/\/cyclosdesavaloirs.fr\/#\/schema\/logo\/image\/","url":"https:\/\/cyclosdesavaloirs.fr\/wp-content\/uploads\/2022\/06\/cropped-cropped-cropped-cropped-LOGO_CYLCOS-1.png","contentUrl":"https:\/\/cyclosdesavaloirs.fr\/wp-content\/uploads\/2022\/06\/cropped-cropped-cropped-cropped-LOGO_CYLCOS-1.png","width":240,"height":240,"caption":"CYCLOS DES AVALOIRS"},"image":{"@id":"https:\/\/cyclosdesavaloirs.fr\/#\/schema\/logo\/image\/"},"sameAs":["https:\/\/www.facebook.com\/Cyclos-des-Avaloirs-108867535260146"]}]}},"_links":{"self":[{"href":"https:\/\/cyclosdesavaloirs.fr\/index.php\/wp-json\/wp\/v2\/pages\/4370","targetHints":{"allow":["GET"]}}],"collection":[{"href":"https:\/\/cyclosdesavaloirs.fr\/index.php\/wp-json\/wp\/v2\/pages"}],"about":[{"href":"https:\/\/cyclosdesavaloirs.fr\/index.php\/wp-json\/wp\/v2\/types\/page"}],"author":[{"embeddable":true,"href":"https:\/\/cyclosdesavaloirs.fr\/index.php\/wp-json\/wp\/v2\/users\/1"}],"replies":[{"embeddable":true,"href":"https:\/\/cyclosdesavaloirs.fr\/index.php\/wp-json\/wp\/v2\/comments?post=4370"}],"version-history":[{"count":7,"href":"https:\/\/cyclosdesavaloirs.fr\/index.php\/wp-json\/wp\/v2\/pages\/4370\/revisions"}],"predecessor-version":[{"id":4421,"href":"https:\/\/cyclosdesavaloirs.fr\/index.php\/wp-json\/wp\/v2\/pages\/4370\/revisions\/4421"}],"wp:attachment":[{"href":"https:\/\/cyclosdesavaloirs.fr\/index.php\/wp-json\/wp\/v2\/media?parent=4370"}],"curies":[{"name":"wp","href":"https:\/\/api.w.org\/{rel}","templated":true}]}}