{"id":4619,"date":"2025-09-01T06:41:42","date_gmt":"2025-09-01T04:41:42","guid":{"rendered":"https:\/\/cyclosdesavaloirs.fr\/?page_id=4619"},"modified":"2025-09-04T07:34:25","modified_gmt":"2025-09-04T05:34:25","slug":"retour-sur-levenement-2","status":"publish","type":"page","link":"https:\/\/cyclosdesavaloirs.fr\/index.php\/retour-sur-levenement-2\/","title":{"rendered":"Retour sur l&#8217;\u00e9v\u00e8nement"},"content":{"rendered":"\n<h3 class=\"wp-block-heading\">La Randonn\u00e9e  Alain Savary au c\u0153ur de la Foire Expo<\/h3>\n\n\n\n<p><strong>Une \u00e9dition record sous le signe de la convivialit\u00e9<\/strong><\/p>\n\n\n\n<p>Ce dimanche 31 ao\u00fbt 2025, \u00e0 l\u2019occasion de la Foire Expo de Pr\u00e9-en-Pail Saint-Samson, les Cyclos des Avaloirs ont propos\u00e9 leur traditionnelle randonn\u00e9e cyclotouristique Alain Savary et le succ\u00e8s a \u00e9t\u00e9 au rendez-vous ! Plus d\u2019une centaine de participants ont pris le d\u00e9part, \u00e9tablissant un record de fr\u00e9quentation pour la section.<\/p>\n\n\n<div class=\"wp-block-image is-style-rounded\">\n<figure class=\"aligncenter size-large\"><img loading=\"lazy\" decoding=\"async\" width=\"1024\" height=\"768\" src=\"https:\/\/cyclosdesavaloirs.fr\/wp-content\/uploads\/2025\/09\/IMG_6478-1024x768.jpg\" alt=\"\" class=\"wp-image-4625\" srcset=\"https:\/\/cyclosdesavaloirs.fr\/wp-content\/uploads\/2025\/09\/IMG_6478-1024x768.jpg 1024w, https:\/\/cyclosdesavaloirs.fr\/wp-content\/uploads\/2025\/09\/IMG_6478-300x225.jpg 300w, https:\/\/cyclosdesavaloirs.fr\/wp-content\/uploads\/2025\/09\/IMG_6478-768x576.jpg 768w, https:\/\/cyclosdesavaloirs.fr\/wp-content\/uploads\/2025\/09\/IMG_6478-1536x1152.jpg 1536w, https:\/\/cyclosdesavaloirs.fr\/wp-content\/uploads\/2025\/09\/IMG_6478-2048x1536.jpg 2048w, https:\/\/cyclosdesavaloirs.fr\/wp-content\/uploads\/2025\/09\/IMG_6478-600x450.jpg 600w\" sizes=\"auto, (max-width: 1024px) 100vw, 1024px\" \/><\/figure>\n<\/div>\n\n\n<p>Malgr\u00e9 un ciel charg\u00e9 et une m\u00e9t\u00e9o incertaine, la pluie est rest\u00e9e aux abonn\u00e9s absents, permettant \u00e0 chacun de profiter pleinement des diff\u00e9rents parcours au menu de la matin\u00e9e. Les cyclos ont d\u00e9couvert, ou red\u00e9couvert  les routes pittoresques des massifs d&#8217;Ecouves et des Avaloirs, avec leurs paysages vallonn\u00e9s , leurs petites routes bucoliques et\u2026 quelques c\u00f4tes m\u00e9connues mais redoutables, qui ont donn\u00e9 du fil \u00e0 retordre. La boucle familiale instaur\u00e9e dans le prolongement des balades d&#8217;\u00e9t\u00e9 a trouv\u00e9 ses adeptes et s&#8217;installe progressivement dans le menu de la randonn\u00e9e.<\/p>\n\n\n\n<p>Au-del\u00e0 de l\u2019effort sportif, c\u2019est aussi le plaisir de partager un moment convivial au c\u0153ur de la Foire Expo qui a marqu\u00e9 cette matin\u00e9e. Entre effort et d\u00e9couverte, bonne humeur et ambiance festive, cette randonn\u00e9e restera un beau souvenir collectif pour le club et ses participants.<\/p>\n\n\n<div class=\"wp-block-image is-style-rounded\">\n<figure class=\"aligncenter size-large\"><img loading=\"lazy\" decoding=\"async\" width=\"1024\" height=\"768\" src=\"https:\/\/cyclosdesavaloirs.fr\/wp-content\/uploads\/2025\/09\/IMG20250831100642-1024x768.jpg\" alt=\"\" class=\"wp-image-4637\" srcset=\"https:\/\/cyclosdesavaloirs.fr\/wp-content\/uploads\/2025\/09\/IMG20250831100642-1024x768.jpg 1024w, https:\/\/cyclosdesavaloirs.fr\/wp-content\/uploads\/2025\/09\/IMG20250831100642-300x225.jpg 300w, https:\/\/cyclosdesavaloirs.fr\/wp-content\/uploads\/2025\/09\/IMG20250831100642-768x576.jpg 768w, https:\/\/cyclosdesavaloirs.fr\/wp-content\/uploads\/2025\/09\/IMG20250831100642-1536x1152.jpg 1536w, https:\/\/cyclosdesavaloirs.fr\/wp-content\/uploads\/2025\/09\/IMG20250831100642-2048x1536.jpg 2048w, https:\/\/cyclosdesavaloirs.fr\/wp-content\/uploads\/2025\/09\/IMG20250831100642-600x450.jpg 600w\" sizes=\"auto, (max-width: 1024px) 100vw, 1024px\" \/><figcaption class=\"wp-element-caption\">oplus_2<\/figcaption><\/figure>\n<\/div>\n\n\n<p>A tous les clubs de cyclotourisme pr\u00e9sents, \u00e0 tou(te)s les adeptes du v\u00e9lo, licenci\u00e9(e)s ou non, \u00e0 la famille et aux amis d\u2019Alain Savary (une pens\u00e9e pour notre ami Robert), aux organisateurs de la Foire-Expo, aux b\u00e9n\u00e9voles de notre section,&nbsp;<strong>MERCI<\/strong>&nbsp;d\u2019avoir contribu\u00e9 \u00e0 la r\u00e9ussite de notre randonn\u00e9e. <\/p>\n\n\n\n<p><strong>Quelques chiffres<\/strong><\/p>\n\n\n\n<figure class=\"wp-block-table\"><table class=\"has-fixed-layout\"><tbody><tr><td><\/td><td class=\"has-text-align-center\" data-align=\"center\"><strong>Clubs pr\u00e9sents<\/strong>*<\/td><td class=\"has-text-align-center\" data-align=\"center\"><strong>Cyclos Avaloirs<\/strong><\/td><td class=\"has-text-align-center\" data-align=\"center\"><strong>Non licenci\u00e9s<\/strong><\/td><td class=\"has-text-align-center\" data-align=\"center\"><strong>Total <\/strong><\/td><\/tr><tr><td><strong>Hommes<\/strong><\/td><td class=\"has-text-align-center\" data-align=\"center\">76<\/td><td class=\"has-text-align-center\" data-align=\"center\">7<\/td><td class=\"has-text-align-center\" data-align=\"center\">7<\/td><td class=\"has-text-align-center\" data-align=\"center\">90<\/td><\/tr><tr><td><strong>Femmes<\/strong><\/td><td class=\"has-text-align-center\" data-align=\"center\">3<\/td><td class=\"has-text-align-center\" data-align=\"center\"> 1<\/td><td class=\"has-text-align-center\" data-align=\"center\">8<\/td><td class=\"has-text-align-center\" data-align=\"center\">12<\/td><\/tr><tr><td><strong>TOTAL<\/strong><\/td><td class=\"has-text-align-center\" data-align=\"center\">79<\/td><td class=\"has-text-align-center\" data-align=\"center\">8<\/td><td class=\"has-text-align-center\" data-align=\"center\">15<\/td><td class=\"has-text-align-center\" data-align=\"center\"><strong>102<\/strong><\/td><\/tr><\/tbody><\/table><\/figure>\n\n\n\n<div class=\"wp-block-group\"><div class=\"wp-block-group__inner-container is-layout-constrained wp-block-group-is-layout-constrained\"><\/div><\/div>\n\n\n\n<p><strong>Clubs pr\u00e9sents<\/strong> *&nbsp;: <strong>Cyclos Andaine, ASL Cond\u00e9 sur Sarthe V\u00e9lo, Rout&#8217;Sentiers Courcit\u00e9-Averton-St Aubin, ES Gesvres, P\u00e9dale Horp\u00e9enne, Cyclo Club Lass\u00e9en, Cyclo club Mayenne, R.D.P. Mortagne-au-Perche, M.I. Orne, Rayons d\u2019Ecouves, V\u00e9lo Passion Laval, S.O. Le Mans Cyclo VTT, I.P.P. Pr\u00e9-en-Pail, Cyclo club Villaines\u2026<\/strong><\/p>\n\n\n\n<p><strong>F\u00e9licitations au club des Rout&#8217;Sentiers et ses 15 participants (34 % des effectifs du club) qui remporte et conserve le challenge Alain Savary 2025<\/strong>.<\/p>\n\n\n<div class=\"wp-block-image is-style-rounded\">\n<figure class=\"aligncenter size-large\"><img loading=\"lazy\" decoding=\"async\" width=\"768\" height=\"1024\" src=\"https:\/\/cyclosdesavaloirs.fr\/wp-content\/uploads\/2025\/09\/IMG_6483-768x1024.jpg\" alt=\"\" class=\"wp-image-4626\" srcset=\"https:\/\/cyclosdesavaloirs.fr\/wp-content\/uploads\/2025\/09\/IMG_6483-768x1024.jpg 768w, https:\/\/cyclosdesavaloirs.fr\/wp-content\/uploads\/2025\/09\/IMG_6483-225x300.jpg 225w, https:\/\/cyclosdesavaloirs.fr\/wp-content\/uploads\/2025\/09\/IMG_6483-1152x1536.jpg 1152w, https:\/\/cyclosdesavaloirs.fr\/wp-content\/uploads\/2025\/09\/IMG_6483-1536x2048.jpg 1536w, https:\/\/cyclosdesavaloirs.fr\/wp-content\/uploads\/2025\/09\/IMG_6483-scaled.jpg 1920w\" sizes=\"auto, (max-width: 768px) 100vw, 768px\" \/><\/figure>\n<\/div>\n\n<div class=\"wp-block-image is-style-rounded\">\n<figure class=\"aligncenter size-large\"><img loading=\"lazy\" decoding=\"async\" width=\"1024\" height=\"768\" src=\"https:\/\/cyclosdesavaloirs.fr\/wp-content\/uploads\/2025\/09\/IMG_6485-1024x768.jpg\" alt=\"\" class=\"wp-image-4627\" srcset=\"https:\/\/cyclosdesavaloirs.fr\/wp-content\/uploads\/2025\/09\/IMG_6485-1024x768.jpg 1024w, https:\/\/cyclosdesavaloirs.fr\/wp-content\/uploads\/2025\/09\/IMG_6485-300x225.jpg 300w, https:\/\/cyclosdesavaloirs.fr\/wp-content\/uploads\/2025\/09\/IMG_6485-768x576.jpg 768w, https:\/\/cyclosdesavaloirs.fr\/wp-content\/uploads\/2025\/09\/IMG_6485-1536x1152.jpg 1536w, https:\/\/cyclosdesavaloirs.fr\/wp-content\/uploads\/2025\/09\/IMG_6485-2048x1536.jpg 2048w, https:\/\/cyclosdesavaloirs.fr\/wp-content\/uploads\/2025\/09\/IMG_6485-600x450.jpg 600w\" sizes=\"auto, (max-width: 1024px) 100vw, 1024px\" \/><\/figure>\n<\/div>","protected":false},"excerpt":{"rendered":"<p>La Randonn\u00e9e Alain Savary au c\u0153ur de la Foire Expo Une \u00e9dition record sous le signe de la convivialit\u00e9 Ce dimanche 31 ao\u00fbt 2025, \u00e0<\/p>\n","protected":false},"author":1,"featured_media":0,"parent":0,"menu_order":0,"comment_status":"closed","ping_status":"closed","template":"","meta":{"footnotes":""},"class_list":["post-4619","page","type-page","status-publish","hentry","comments-off"],"yoast_head":"<!-- This site is optimized with the Yoast SEO plugin v27.4 - https:\/\/yoast.com\/product\/yoast-seo-wordpress\/ -->\n<title>Retour sur l&#039;\u00e9v\u00e8nement - CYCLOS DES AVALOIRS<\/title>\n<meta name=\"robots\" content=\"index, follow, max-snippet:-1, max-image-preview:large, max-video-preview:-1\" \/>\n<link rel=\"canonical\" href=\"https:\/\/cyclosdesavaloirs.fr\/index.php\/retour-sur-levenement-2\/\" \/>\n<meta property=\"og:locale\" content=\"en_US\" \/>\n<meta property=\"og:type\" content=\"article\" \/>\n<meta property=\"og:title\" content=\"Retour sur l&#039;\u00e9v\u00e8nement - CYCLOS DES AVALOIRS\" \/>\n<meta property=\"og:description\" content=\"La Randonn\u00e9e Alain Savary au c\u0153ur de la Foire Expo Une \u00e9dition record sous le signe de la convivialit\u00e9 Ce dimanche 31 ao\u00fbt 2025, \u00e0\" \/>\n<meta property=\"og:url\" content=\"https:\/\/cyclosdesavaloirs.fr\/index.php\/retour-sur-levenement-2\/\" \/>\n<meta property=\"og:site_name\" content=\"CYCLOS DES AVALOIRS\" \/>\n<meta property=\"article:publisher\" content=\"https:\/\/www.facebook.com\/Cyclos-des-Avaloirs-108867535260146\" \/>\n<meta property=\"article:modified_time\" content=\"2025-09-04T05:34:25+00:00\" \/>\n<meta property=\"og:image\" content=\"https:\/\/cyclosdesavaloirs.fr\/wp-content\/uploads\/2025\/09\/IMG_6478-1024x768.jpg\" \/>\n<meta name=\"twitter:card\" content=\"summary_large_image\" \/>\n<meta name=\"twitter:label1\" content=\"Est. reading time\" \/>\n\t<meta name=\"twitter:data1\" content=\"3 minutes\" \/>\n<script type=\"application\/ld+json\" class=\"yoast-schema-graph\">{\"@context\":\"https:\\\/\\\/schema.org\",\"@graph\":[{\"@type\":\"WebPage\",\"@id\":\"https:\\\/\\\/cyclosdesavaloirs.fr\\\/index.php\\\/retour-sur-levenement-2\\\/\",\"url\":\"https:\\\/\\\/cyclosdesavaloirs.fr\\\/index.php\\\/retour-sur-levenement-2\\\/\",\"name\":\"Retour sur l'\u00e9v\u00e8nement - CYCLOS DES AVALOIRS\",\"isPartOf\":{\"@id\":\"https:\\\/\\\/cyclosdesavaloirs.fr\\\/#website\"},\"primaryImageOfPage\":{\"@id\":\"https:\\\/\\\/cyclosdesavaloirs.fr\\\/index.php\\\/retour-sur-levenement-2\\\/#primaryimage\"},\"image\":{\"@id\":\"https:\\\/\\\/cyclosdesavaloirs.fr\\\/index.php\\\/retour-sur-levenement-2\\\/#primaryimage\"},\"thumbnailUrl\":\"https:\\\/\\\/cyclosdesavaloirs.fr\\\/wp-content\\\/uploads\\\/2025\\\/09\\\/IMG_6478-1024x768.jpg\",\"datePublished\":\"2025-09-01T04:41:42+00:00\",\"dateModified\":\"2025-09-04T05:34:25+00:00\",\"breadcrumb\":{\"@id\":\"https:\\\/\\\/cyclosdesavaloirs.fr\\\/index.php\\\/retour-sur-levenement-2\\\/#breadcrumb\"},\"inLanguage\":\"en-US\",\"potentialAction\":[{\"@type\":\"ReadAction\",\"target\":[\"https:\\\/\\\/cyclosdesavaloirs.fr\\\/index.php\\\/retour-sur-levenement-2\\\/\"]}]},{\"@type\":\"ImageObject\",\"inLanguage\":\"en-US\",\"@id\":\"https:\\\/\\\/cyclosdesavaloirs.fr\\\/index.php\\\/retour-sur-levenement-2\\\/#primaryimage\",\"url\":\"https:\\\/\\\/cyclosdesavaloirs.fr\\\/wp-content\\\/uploads\\\/2025\\\/09\\\/IMG_6478-scaled.jpg\",\"contentUrl\":\"https:\\\/\\\/cyclosdesavaloirs.fr\\\/wp-content\\\/uploads\\\/2025\\\/09\\\/IMG_6478-scaled.jpg\",\"width\":2560,\"height\":1920},{\"@type\":\"BreadcrumbList\",\"@id\":\"https:\\\/\\\/cyclosdesavaloirs.fr\\\/index.php\\\/retour-sur-levenement-2\\\/#breadcrumb\",\"itemListElement\":[{\"@type\":\"ListItem\",\"position\":1,\"name\":\"Accueil\",\"item\":\"https:\\\/\\\/cyclosdesavaloirs.fr\\\/\"},{\"@type\":\"ListItem\",\"position\":2,\"name\":\"Retour sur l&#8217;\u00e9v\u00e8nement\"}]},{\"@type\":\"WebSite\",\"@id\":\"https:\\\/\\\/cyclosdesavaloirs.fr\\\/#website\",\"url\":\"https:\\\/\\\/cyclosdesavaloirs.fr\\\/\",\"name\":\"CYCLOS DES AVALOIRS\",\"description\":\"A v\u00e9lo, tout est plus beau et \u00e0 plusieurs, c&#039;est encore meilleur !\",\"publisher\":{\"@id\":\"https:\\\/\\\/cyclosdesavaloirs.fr\\\/#organization\"},\"potentialAction\":[{\"@type\":\"SearchAction\",\"target\":{\"@type\":\"EntryPoint\",\"urlTemplate\":\"https:\\\/\\\/cyclosdesavaloirs.fr\\\/?s={search_term_string}\"},\"query-input\":{\"@type\":\"PropertyValueSpecification\",\"valueRequired\":true,\"valueName\":\"search_term_string\"}}],\"inLanguage\":\"en-US\"},{\"@type\":\"Organization\",\"@id\":\"https:\\\/\\\/cyclosdesavaloirs.fr\\\/#organization\",\"name\":\"CYCLOS DES AVALOIRS\",\"url\":\"https:\\\/\\\/cyclosdesavaloirs.fr\\\/\",\"logo\":{\"@type\":\"ImageObject\",\"inLanguage\":\"en-US\",\"@id\":\"https:\\\/\\\/cyclosdesavaloirs.fr\\\/#\\\/schema\\\/logo\\\/image\\\/\",\"url\":\"https:\\\/\\\/cyclosdesavaloirs.fr\\\/wp-content\\\/uploads\\\/2022\\\/06\\\/cropped-cropped-cropped-cropped-LOGO_CYLCOS-1.png\",\"contentUrl\":\"https:\\\/\\\/cyclosdesavaloirs.fr\\\/wp-content\\\/uploads\\\/2022\\\/06\\\/cropped-cropped-cropped-cropped-LOGO_CYLCOS-1.png\",\"width\":240,\"height\":240,\"caption\":\"CYCLOS DES AVALOIRS\"},\"image\":{\"@id\":\"https:\\\/\\\/cyclosdesavaloirs.fr\\\/#\\\/schema\\\/logo\\\/image\\\/\"},\"sameAs\":[\"https:\\\/\\\/www.facebook.com\\\/Cyclos-des-Avaloirs-108867535260146\"]}]}<\/script>\n<!-- \/ Yoast SEO plugin. -->","yoast_head_json":{"title":"Retour sur l'\u00e9v\u00e8nement - CYCLOS DES AVALOIRS","robots":{"index":"index","follow":"follow","max-snippet":"max-snippet:-1","max-image-preview":"max-image-preview:large","max-video-preview":"max-video-preview:-1"},"canonical":"https:\/\/cyclosdesavaloirs.fr\/index.php\/retour-sur-levenement-2\/","og_locale":"en_US","og_type":"article","og_title":"Retour sur l'\u00e9v\u00e8nement - CYCLOS DES AVALOIRS","og_description":"La Randonn\u00e9e Alain Savary au c\u0153ur de la Foire Expo Une \u00e9dition record sous le signe de la convivialit\u00e9 Ce dimanche 31 ao\u00fbt 2025, \u00e0","og_url":"https:\/\/cyclosdesavaloirs.fr\/index.php\/retour-sur-levenement-2\/","og_site_name":"CYCLOS DES AVALOIRS","article_publisher":"https:\/\/www.facebook.com\/Cyclos-des-Avaloirs-108867535260146","article_modified_time":"2025-09-04T05:34:25+00:00","og_image":[{"url":"https:\/\/cyclosdesavaloirs.fr\/wp-content\/uploads\/2025\/09\/IMG_6478-1024x768.jpg","type":"","width":"","height":""}],"twitter_card":"summary_large_image","twitter_misc":{"Est. reading time":"3 minutes"},"schema":{"@context":"https:\/\/schema.org","@graph":[{"@type":"WebPage","@id":"https:\/\/cyclosdesavaloirs.fr\/index.php\/retour-sur-levenement-2\/","url":"https:\/\/cyclosdesavaloirs.fr\/index.php\/retour-sur-levenement-2\/","name":"Retour sur l'\u00e9v\u00e8nement - CYCLOS DES AVALOIRS","isPartOf":{"@id":"https:\/\/cyclosdesavaloirs.fr\/#website"},"primaryImageOfPage":{"@id":"https:\/\/cyclosdesavaloirs.fr\/index.php\/retour-sur-levenement-2\/#primaryimage"},"image":{"@id":"https:\/\/cyclosdesavaloirs.fr\/index.php\/retour-sur-levenement-2\/#primaryimage"},"thumbnailUrl":"https:\/\/cyclosdesavaloirs.fr\/wp-content\/uploads\/2025\/09\/IMG_6478-1024x768.jpg","datePublished":"2025-09-01T04:41:42+00:00","dateModified":"2025-09-04T05:34:25+00:00","breadcrumb":{"@id":"https:\/\/cyclosdesavaloirs.fr\/index.php\/retour-sur-levenement-2\/#breadcrumb"},"inLanguage":"en-US","potentialAction":[{"@type":"ReadAction","target":["https:\/\/cyclosdesavaloirs.fr\/index.php\/retour-sur-levenement-2\/"]}]},{"@type":"ImageObject","inLanguage":"en-US","@id":"https:\/\/cyclosdesavaloirs.fr\/index.php\/retour-sur-levenement-2\/#primaryimage","url":"https:\/\/cyclosdesavaloirs.fr\/wp-content\/uploads\/2025\/09\/IMG_6478-scaled.jpg","contentUrl":"https:\/\/cyclosdesavaloirs.fr\/wp-content\/uploads\/2025\/09\/IMG_6478-scaled.jpg","width":2560,"height":1920},{"@type":"BreadcrumbList","@id":"https:\/\/cyclosdesavaloirs.fr\/index.php\/retour-sur-levenement-2\/#breadcrumb","itemListElement":[{"@type":"ListItem","position":1,"name":"Accueil","item":"https:\/\/cyclosdesavaloirs.fr\/"},{"@type":"ListItem","position":2,"name":"Retour sur l&#8217;\u00e9v\u00e8nement"}]},{"@type":"WebSite","@id":"https:\/\/cyclosdesavaloirs.fr\/#website","url":"https:\/\/cyclosdesavaloirs.fr\/","name":"CYCLOS DES AVALOIRS","description":"A v\u00e9lo, tout est plus beau et \u00e0 plusieurs, c&#039;est encore meilleur !","publisher":{"@id":"https:\/\/cyclosdesavaloirs.fr\/#organization"},"potentialAction":[{"@type":"SearchAction","target":{"@type":"EntryPoint","urlTemplate":"https:\/\/cyclosdesavaloirs.fr\/?s={search_term_string}"},"query-input":{"@type":"PropertyValueSpecification","valueRequired":true,"valueName":"search_term_string"}}],"inLanguage":"en-US"},{"@type":"Organization","@id":"https:\/\/cyclosdesavaloirs.fr\/#organization","name":"CYCLOS DES AVALOIRS","url":"https:\/\/cyclosdesavaloirs.fr\/","logo":{"@type":"ImageObject","inLanguage":"en-US","@id":"https:\/\/cyclosdesavaloirs.fr\/#\/schema\/logo\/image\/","url":"https:\/\/cyclosdesavaloirs.fr\/wp-content\/uploads\/2022\/06\/cropped-cropped-cropped-cropped-LOGO_CYLCOS-1.png","contentUrl":"https:\/\/cyclosdesavaloirs.fr\/wp-content\/uploads\/2022\/06\/cropped-cropped-cropped-cropped-LOGO_CYLCOS-1.png","width":240,"height":240,"caption":"CYCLOS DES AVALOIRS"},"image":{"@id":"https:\/\/cyclosdesavaloirs.fr\/#\/schema\/logo\/image\/"},"sameAs":["https:\/\/www.facebook.com\/Cyclos-des-Avaloirs-108867535260146"]}]}},"_links":{"self":[{"href":"https:\/\/cyclosdesavaloirs.fr\/index.php\/wp-json\/wp\/v2\/pages\/4619","targetHints":{"allow":["GET"]}}],"collection":[{"href":"https:\/\/cyclosdesavaloirs.fr\/index.php\/wp-json\/wp\/v2\/pages"}],"about":[{"href":"https:\/\/cyclosdesavaloirs.fr\/index.php\/wp-json\/wp\/v2\/types\/page"}],"author":[{"embeddable":true,"href":"https:\/\/cyclosdesavaloirs.fr\/index.php\/wp-json\/wp\/v2\/users\/1"}],"replies":[{"embeddable":true,"href":"https:\/\/cyclosdesavaloirs.fr\/index.php\/wp-json\/wp\/v2\/comments?post=4619"}],"version-history":[{"count":6,"href":"https:\/\/cyclosdesavaloirs.fr\/index.php\/wp-json\/wp\/v2\/pages\/4619\/revisions"}],"predecessor-version":[{"id":4638,"href":"https:\/\/cyclosdesavaloirs.fr\/index.php\/wp-json\/wp\/v2\/pages\/4619\/revisions\/4638"}],"wp:attachment":[{"href":"https:\/\/cyclosdesavaloirs.fr\/index.php\/wp-json\/wp\/v2\/media?parent=4619"}],"curies":[{"name":"wp","href":"https:\/\/api.w.org\/{rel}","templated":true}]}}